{"id":35209,"date":"2023-10-15T20:27:32","date_gmt":"2023-10-15T20:27:32","guid":{"rendered":"https:\/\/sites.generatepress.com\/bookkeeping\/?page_id=35209"},"modified":"2025-10-31T22:23:56","modified_gmt":"2025-10-31T22:23:56","slug":"services","status":"publish","type":"page","link":"https:\/\/cynthiamedrano.ca\/es\/services\/","title":{"rendered":"Servicios"},"content":{"rendered":"<div class=\"gbp-section gb-element-31c1bc7d\">\n<div class=\"gbp-section__inner gb-element-e4df4dfb\">\n<div class=\"gb-element-e608466b\">\n<div class=\"gb-element-ba1f0adb\">\n<h1 class=\"gb-text\">Servicios de contabilidad e impuestos en los que puede confiar<\/h1>\n\n\n\n<p class=\"gb-text gb-text-879492f4\">Ofrecemos servicios confiables de contabilidad, n\u00f3mina e impuestos para personas, trabajadores independientes y empresas. Nuestro objetivo es simplificar la gesti\u00f3n financiera, garantizar el cumplimiento con la CRA y ayudar a que su negocio se mantenga organizado y listo para crecer.<\/p>\n\n\n\n<a class=\"gb-text gb-text-3064d0d2\" href=\"https:\/\/cynthiamedrano.ca\/es\/contact\/\"><strong>Contactar ahora<\/strong><\/a>\n<\/div>\n\n\n\n<div class=\"gb-element-18278585\">\n<figure class=\"wp-block-image size-full is-style-default wp-duotone-unset-1\"><img loading=\"lazy\" decoding=\"async\" width=\"700\" height=\"760\" src=\"https:\/\/cynthiamedrano.ca\/wp-content\/uploads\/2025\/10\/tax-service-submission-portrait.jpg\" alt=\"\" class=\"wp-image-47804\" title=\"servicios de contabilidad y tributaci\u00f3n\" srcset=\"https:\/\/cynthiamedrano.ca\/wp-content\/uploads\/2025\/10\/tax-service-submission-portrait.jpg 700w, https:\/\/cynthiamedrano.ca\/wp-content\/uploads\/2025\/10\/tax-service-submission-portrait-276x300.jpg 276w, https:\/\/cynthiamedrano.ca\/wp-content\/uploads\/2025\/10\/tax-service-submission-portrait-11x12.jpg 11w\" sizes=\"auto, (max-width: 700px) 100vw, 700px\" \/><\/figure>\n<\/div>\n<\/div>\n<\/div>\n<\/div>\n\n\n\n<div class=\"gbp-section gb-element-4b4dda57\">\n<span class=\"gb-shape gb-shape-8a45e15f gb-shape--divider\"><svg preserveaspectratio=\"none\" xmlns=\"http:\/\/www.w3.org\/2000\/svg\" viewbox=\"0 0 400 27\"><path d=\"M400 27H0v-.5h342.71c2.46 0 4.89-.57 7.1-1.66L400 0v27Z\"><\/path><\/svg><\/span>\n\n\n\n<div class=\"gbp-section__inner gb-element-08ff8585\">\n<div class=\"gb-element-b273cea9\">\n<h2 class=\"gb-text\">Nuestros Servicios Profesionales<\/h2>\n<\/div>\n\n\n\n<div>\n<div class=\"gb-element-9d0638c2\">\n<div class=\"gb-element-4e7bba3a\">\n<img loading=\"lazy\" decoding=\"async\" width=\"832\" height=\"624\" class=\"gbp--border-radius gb-media-2f7240bc\" src=\"https:\/\/cynthiamedrano.ca\/wp-content\/uploads\/2025\/10\/bookkeeping-vancouver-e1761631137731.jpg\" title=\"bookkeeping-vancouver\" alt=\"bookkeeping vancouver\" srcset=\"https:\/\/cynthiamedrano.ca\/wp-content\/uploads\/2025\/10\/bookkeeping-vancouver-e1761631137731.jpg 832w, https:\/\/cynthiamedrano.ca\/wp-content\/uploads\/2025\/10\/bookkeeping-vancouver-e1761631137731-300x225.jpg 300w, https:\/\/cynthiamedrano.ca\/wp-content\/uploads\/2025\/10\/bookkeeping-vancouver-e1761631137731-768x576.jpg 768w\" sizes=\"auto, (max-width: 832px) 100vw, 832px\" \/>\n<\/div>\n\n\n\n<div class=\"gb-element-2eec93e3\">\n<h3 class=\"gb-text\">Para sociedades y empresas unipersonales<\/h3>\n\n\n\n<p class=\"gb-text\">Ofrecemos servicios financieros integrales que respaldan su negocio en cada etapa, desde la constituci\u00f3n y el manejo de n\u00f3minas hasta los reportes de cierre anual y el cumplimiento de sus obligaciones fiscales.<\/p>\n\n\n\n<ul class=\"wp-block-list\">\n<li>Tenedur\u00eda de libros<\/li>\n\n\n\n<li>Administraci\u00f3n de n\u00f3minas y beneficios<\/li>\n\n\n\n<li>Puesta en marcha de negocios<\/li>\n\n\n\n<li>Preparaci\u00f3n de impuestos<\/li>\n\n\n\n<li>Preparaci\u00f3n para fin de a\u00f1o<\/li>\n\n\n\n<li>Abrir WorkSafe BC<\/li>\n<\/ul>\n\n\n\n<a class=\"gbp-button--tertiary gb-text-bfc83013\" href=\"https:\/\/cynthiamedrano.ca\/es\/services\/corporations\/\"><span class=\"gb-text\">M\u00e1s informaci\u00f3n<\/span><span class=\"gb-shape\"><svg viewbox=\"0 0 256 256\" width=\"64\" height=\"64\" xmlns=\"http:\/\/www.w3.org\/2000\/svg\">\n  <circle cx=\"128\" cy=\"128\" r=\"128\" fill=\"#000000\"><\/circle>\n  <g transform=\"scale(0.9) translate(13, 13)\">\n    <path d=\"M224.49,136.49l-72,72a12,12,0,0,1-17-17L187,140H40a12,12,0,0,1,0-24H187L135.51,64.48a12,12,0,0,1,17-17l72,72A12,12,0,0,1,224.49,136.49Z\" fill=\"#ffffff\"><\/path>\n  <\/g>\n<\/svg><\/span><\/a>\n<\/div>\n<\/div>\n<\/div>\n\n\n\n<div class=\"gb-element-a0830c4b\">\n<div class=\"gb-element-354512c5\">\n<div class=\"gb-element-1567e0ea\">\n<img loading=\"lazy\" decoding=\"async\" width=\"832\" height=\"624\" class=\"gbp--border-radius gb-media-1403efd3\" src=\"https:\/\/cynthiamedrano.ca\/wp-content\/uploads\/2025\/10\/taxes-cma-e1761628870708.jpg\" title=\"tax-submission\" alt=\"tax- ubmission\" srcset=\"https:\/\/cynthiamedrano.ca\/wp-content\/uploads\/2025\/10\/taxes-cma-e1761628870708.jpg 832w, https:\/\/cynthiamedrano.ca\/wp-content\/uploads\/2025\/10\/taxes-cma-e1761628870708-300x225.jpg 300w, https:\/\/cynthiamedrano.ca\/wp-content\/uploads\/2025\/10\/taxes-cma-e1761628870708-768x576.jpg 768w\" sizes=\"auto, (max-width: 832px) 100vw, 832px\" \/>\n<\/div>\n\n\n\n<div class=\"gb-element-9c53863c\">\n<h3 class=\"gb-text\">Para particulares<\/h3>\n\n\n\n<p class=\"gb-text\">Ofrecemos asesor\u00eda tributaria personalizada para particulares, asegurando que sus declaraciones sean exactas y cumplan con los requisitos de la CRA, adem\u00e1s de asistirle en la gesti\u00f3n de sus beneficios y aplicaciones de cr\u00e9dito.<\/p>\n\n\n\n<ul class=\"wp-block-list\">\n<li>Preparaci\u00f3n de impuestos<\/li>\n\n\n\n<li>Asesor\u00eda contable<\/li>\n\n\n\n<li>Solicitud de GST\/HST<\/li>\n\n\n\n<li>Prestaci\u00f3n por hijo<\/li>\n\n\n\n<li>Configuraci\u00f3n de la corporaci\u00f3n<\/li>\n\n\n\n<li>constituci\u00f3n de una empresa unipersonal<\/li>\n<\/ul>\n\n\n\n<a class=\"gbp-button--tertiary gb-text-f583a977\" href=\"https:\/\/cynthiamedrano.ca\/es\/services\/individuals\/\"><span class=\"gb-text\">M\u00e1s informaci\u00f3n<\/span><span class=\"gb-shape\"><svg viewbox=\"0 0 256 256\" width=\"64\" height=\"64\" xmlns=\"http:\/\/www.w3.org\/2000\/svg\">\n  <circle cx=\"128\" cy=\"128\" r=\"128\" fill=\"#000000\"><\/circle>\n  <g transform=\"scale(0.9) translate(13, 13)\">\n    <path d=\"M224.49,136.49l-72,72a12,12,0,0,1-17-17L187,140H40a12,12,0,0,1,0-24H187L135.51,64.48a12,12,0,0,1,17-17l72,72A12,12,0,0,1,224.49,136.49Z\" fill=\"#ffffff\"><\/path>\n  <\/g>\n<\/svg><\/span><\/a>\n<\/div>\n<\/div>\n<\/div>\n\n\n\n<div class=\"gb-element-6e90d1ab\">\n<div class=\"gb-element-66e00566\">\n<div class=\"gb-element-c2e24556\">\n<img loading=\"lazy\" decoding=\"async\" width=\"832\" height=\"625\" class=\"gbp--border-radius gb-media-e5327f79\" src=\"https:\/\/cynthiamedrano.ca\/wp-content\/uploads\/2025\/10\/corporate-tax-submission-e1761766145694.jpg\" title=\"corporate-tax-submission\" alt=\"corporate-tax-submission\" srcset=\"https:\/\/cynthiamedrano.ca\/wp-content\/uploads\/2025\/10\/corporate-tax-submission-e1761766145694.jpg 832w, https:\/\/cynthiamedrano.ca\/wp-content\/uploads\/2025\/10\/corporate-tax-submission-e1761766145694-300x225.jpg 300w, https:\/\/cynthiamedrano.ca\/wp-content\/uploads\/2025\/10\/corporate-tax-submission-e1761766145694-768x577.jpg 768w, https:\/\/cynthiamedrano.ca\/wp-content\/uploads\/2025\/10\/corporate-tax-submission-e1761766145694-16x12.jpg 16w\" sizes=\"auto, (max-width: 832px) 100vw, 832px\" \/>\n<\/div>\n\n\n\n<div class=\"gb-element-cc1b6b88\">\n<h3 class=\"gb-text\">Presentaci\u00f3n de impuestos<\/h3>\n\n\n\n<p class=\"gb-text\">Gestionamos todo tipo de declaraciones de impuestos, incluyendo el formulario T1 para personas naturales, T2 para corporaciones y T2125 para empresas unipersonales, garantizando una presentaci\u00f3n precisa y puntual ante la CRA.<\/p>\n\n\n\n<ul class=\"wp-block-list\">\n<li>Formulario T1 para personas f\u00edsicas<\/li>\n\n\n\n<li>Formulario T2 para corporaciones<\/li>\n\n\n\n<li>Formulario T2125 para empresa unipersonal<\/li>\n<\/ul>\n\n\n\n<a class=\"gbp-button--tertiary gb-text-4eb878d6\" href=\"https:\/\/cynthiamedrano.ca\/es\/services\/tax-submission\/\"><span class=\"gb-text\">M\u00e1s informaci\u00f3n<\/span><span class=\"gb-shape\"><svg viewbox=\"0 0 256 256\" width=\"64\" height=\"64\" xmlns=\"http:\/\/www.w3.org\/2000\/svg\">\n  <circle cx=\"128\" cy=\"128\" r=\"128\" fill=\"#000000\"><\/circle>\n  <g transform=\"scale(0.9) translate(13, 13)\">\n    <path d=\"M224.49,136.49l-72,72a12,12,0,0,1-17-17L187,140H40a12,12,0,0,1,0-24H187L135.51,64.48a12,12,0,0,1,17-17l72,72A12,12,0,0,1,224.49,136.49Z\" fill=\"#ffffff\"><\/path>\n  <\/g>\n<\/svg><\/span><\/a>\n<\/div>\n<\/div>\n<\/div>\n\n\n\n<div class=\"gb-element-f739aa9c\">\n<div class=\"gb-element-cc774e45\">\n<div class=\"gb-element-1d634ac9\">\n<img loading=\"lazy\" decoding=\"async\" width=\"768\" height=\"578\" class=\"gbp--border-radius gb-media-3f5fe680\" src=\"https:\/\/cynthiamedrano.ca\/wp-content\/uploads\/2025\/10\/contact-bookkeeping-e1761710733826.jpg\" title=\"contact-bookkeeping\" alt=\"contact-bookkeeping\" srcset=\"https:\/\/cynthiamedrano.ca\/wp-content\/uploads\/2025\/10\/contact-bookkeeping-e1761710733826.jpg 768w, https:\/\/cynthiamedrano.ca\/wp-content\/uploads\/2025\/10\/contact-bookkeeping-e1761710733826-300x226.jpg 300w, https:\/\/cynthiamedrano.ca\/wp-content\/uploads\/2025\/10\/contact-bookkeeping-e1761710733826-16x12.jpg 16w\" sizes=\"auto, (max-width: 768px) 100vw, 768px\" \/>\n<\/div>\n\n\n\n<div class=\"gb-element-06da2d9e\">\n<h3 class=\"gb-text\">Consulta General<\/h3>\n\n\n\n<p class=\"gb-text\">Ofrecemos sesiones de asesor\u00eda personalizada para personas naturales, corporaciones y trabajadores independientes. Reciba orientaci\u00f3n experta en contabilidad, declaraciones de impuestos o cualquier consulta financiera para que pueda tomar decisiones informadas sobre su negocio o sus finanzas personales.<\/p>\n\n\n\n<ul class=\"wp-block-list\">\n<li>Advisory for Individuals<\/li>\n\n\n\n<li>Advisory for Corporations<\/li>\n\n\n\n<li>Advisory for Sole Proprietorship<\/li>\n<\/ul>\n\n\n\n<a class=\"gbp-button--tertiary gb-text-5d13c27b\" href=\"https:\/\/cynthiamedrano.ca\/es\/services\/general-consultation\/\"><span class=\"gb-text\">M\u00e1s informaci\u00f3n<\/span><span class=\"gb-shape\"><svg viewbox=\"0 0 256 256\" width=\"64\" height=\"64\" xmlns=\"http:\/\/www.w3.org\/2000\/svg\">\n  <circle cx=\"128\" cy=\"128\" r=\"128\" fill=\"#000000\"><\/circle>\n  <g transform=\"scale(0.9) translate(13, 13)\">\n    <path d=\"M224.49,136.49l-72,72a12,12,0,0,1-17-17L187,140H40a12,12,0,0,1,0-24H187L135.51,64.48a12,12,0,0,1,17-17l72,72A12,12,0,0,1,224.49,136.49Z\" fill=\"#ffffff\"><\/path>\n  <\/g>\n<\/svg><\/span><\/a>\n<\/div>\n<\/div>\n<\/div>\n<\/div>\n<\/div>\n\n\n\n<div class=\"gbp-section gb-element-87e0306a\">\n<div class=\"gbp-section__inner gb-element-1e0274dc\">\n<div class=\"gb-element-6ad5eb09\">\n<div class=\"gb-element-e236742d\"><\/div>\n\n\n\n<div class=\"gb-element-108f8bea\">\n<h3 class=\"gb-text gb-text-1b553a7f\">\u00bfTienes preguntas o necesitas ayuda? Env\u00edanos un mensaje.<\/h3>\n\n\n\n<p class=\"wpcf7-contact-form-not-found\"><strong>Error:<\/strong> Formulario de contacto no encontrado.<\/p>\n<\/div>\n<\/div>\n<\/div>\n<\/div>","protected":false},"excerpt":{"rendered":"<p>Bookkeeping and Tax Services You Can Trust We provide reliable bookkeeping, payroll, and tax solutions for individuals, sole proprietorships, and corporations. Our goal is to simplify your financial management, ensure CRA compliance, and help your business stay organized and ready for growth. Contact Now Our Professional Services For Corporations and Sole Proprietorship We offer complete &#8230; <a title=\"Servicios\" class=\"read-more\" href=\"https:\/\/cynthiamedrano.ca\/es\/services\/\" aria-label=\"Leer m\u00e1s sobre Services\">Leer m\u00e1s<\/a><\/p>","protected":false},"author":1,"featured_media":0,"parent":0,"menu_order":0,"comment_status":"closed","ping_status":"closed","template":"","meta":{"footnotes":""},"class_list":["post-35209","page","type-page","status-publish"],"yoast_head":"<!-- This site is optimized with the Yoast SEO plugin v27.2 - https:\/\/yoast.com\/product\/yoast-seo-wordpress\/ -->\n<title>Professional Bookkeeping &amp; Tax Services in Vancouver | CM&amp;A<\/title>\n<meta name=\"description\" content=\"Comprehensive bookkeeping, payroll, tax preparation, and advisory services for individuals, corporations, and sole proprietorships in Vancouver, Canada.\" \/>\n<meta name=\"robots\" content=\"index, follow, max-snippet:-1, max-image-preview:large, max-video-preview:-1\" \/>\n<link rel=\"canonical\" href=\"https:\/\/cynthiamedrano.ca\/es\/services\/\" \/>\n<meta property=\"og:locale\" content=\"es_ES\" \/>\n<meta property=\"og:type\" content=\"article\" \/>\n<meta property=\"og:title\" content=\"Professional Bookkeeping &amp; Tax Services in Vancouver | CM&amp;A\" \/>\n<meta property=\"og:description\" content=\"Comprehensive bookkeeping, payroll, tax preparation, and advisory services for individuals, corporations, and sole proprietorships in Vancouver, Canada.\" \/>\n<meta property=\"og:url\" content=\"https:\/\/cynthiamedrano.ca\/es\/services\/\" \/>\n<meta property=\"og:site_name\" content=\"CM&amp;A Bookkeeping\" \/>\n<meta property=\"article:modified_time\" content=\"2025-10-31T22:23:56+00:00\" \/>\n<meta property=\"og:image\" content=\"https:\/\/cynthiamedrano.ca\/wp-content\/uploads\/2025\/10\/tax-service-submission-portrait.jpg\" \/>\n\t<meta property=\"og:image:width\" content=\"700\" \/>\n\t<meta property=\"og:image:height\" content=\"760\" \/>\n\t<meta property=\"og:image:type\" content=\"image\/jpeg\" \/>\n<meta name=\"twitter:card\" content=\"summary_large_image\" \/>\n<meta name=\"twitter:label1\" content=\"Tiempo de lectura\" \/>\n\t<meta name=\"twitter:data1\" content=\"3 minutos\" \/>\n<script type=\"application\/ld+json\" class=\"yoast-schema-graph\">{\"@context\":\"https:\/\/schema.org\",\"@graph\":[{\"@type\":\"WebPage\",\"@id\":\"https:\/\/cynthiamedrano.ca\/services\/\",\"url\":\"https:\/\/cynthiamedrano.ca\/services\/\",\"name\":\"Professional Bookkeeping & Tax Services in Vancouver | CM&A\",\"isPartOf\":{\"@id\":\"https:\/\/cynthiamedrano.ca\/#website\"},\"primaryImageOfPage\":{\"@id\":\"https:\/\/cynthiamedrano.ca\/services\/#primaryimage\"},\"image\":{\"@id\":\"https:\/\/cynthiamedrano.ca\/services\/#primaryimage\"},\"thumbnailUrl\":\"https:\/\/cynthiamedrano.ca\/wp-content\/uploads\/2025\/10\/tax-service-submission-portrait.jpg\",\"datePublished\":\"2023-10-15T20:27:32+00:00\",\"dateModified\":\"2025-10-31T22:23:56+00:00\",\"description\":\"Comprehensive bookkeeping, payroll, tax preparation, and advisory services for individuals, corporations, and sole proprietorships in Vancouver, Canada.\",\"breadcrumb\":{\"@id\":\"https:\/\/cynthiamedrano.ca\/services\/#breadcrumb\"},\"inLanguage\":\"es\",\"potentialAction\":[{\"@type\":\"ReadAction\",\"target\":[\"https:\/\/cynthiamedrano.ca\/services\/\"]}]},{\"@type\":\"ImageObject\",\"inLanguage\":\"es\",\"@id\":\"https:\/\/cynthiamedrano.ca\/services\/#primaryimage\",\"url\":\"https:\/\/cynthiamedrano.ca\/wp-content\/uploads\/2025\/10\/tax-service-submission-portrait.jpg\",\"contentUrl\":\"https:\/\/cynthiamedrano.ca\/wp-content\/uploads\/2025\/10\/tax-service-submission-portrait.jpg\"},{\"@type\":\"BreadcrumbList\",\"@id\":\"https:\/\/cynthiamedrano.ca\/services\/#breadcrumb\",\"itemListElement\":[{\"@type\":\"ListItem\",\"position\":1,\"name\":\"Home\",\"item\":\"https:\/\/cynthiamedrano.ca\/\"},{\"@type\":\"ListItem\",\"position\":2,\"name\":\"Services\"}]},{\"@type\":\"WebSite\",\"@id\":\"https:\/\/cynthiamedrano.ca\/#website\",\"url\":\"https:\/\/cynthiamedrano.ca\/\",\"name\":\"CM&amp;A Bookkeeping\",\"description\":\"\",\"publisher\":{\"@id\":\"https:\/\/cynthiamedrano.ca\/#organization\"},\"potentialAction\":[{\"@type\":\"SearchAction\",\"target\":{\"@type\":\"EntryPoint\",\"urlTemplate\":\"https:\/\/cynthiamedrano.ca\/?s={search_term_string}\"},\"query-input\":{\"@type\":\"PropertyValueSpecification\",\"valueRequired\":true,\"valueName\":\"search_term_string\"}}],\"inLanguage\":\"es\"},{\"@type\":\"Organization\",\"@id\":\"https:\/\/cynthiamedrano.ca\/#organization\",\"name\":\"CM&amp;A Bookkeeping\",\"url\":\"https:\/\/cynthiamedrano.ca\/\",\"logo\":{\"@type\":\"ImageObject\",\"inLanguage\":\"es\",\"@id\":\"https:\/\/cynthiamedrano.ca\/#\/schema\/logo\/image\/\",\"url\":\"https:\/\/cynthiamedrano.ca\/wp-content\/uploads\/2025\/10\/cma-logo-black.png\",\"contentUrl\":\"https:\/\/cynthiamedrano.ca\/wp-content\/uploads\/2025\/10\/cma-logo-black.png\",\"width\":601,\"height\":201,\"caption\":\"CM&amp;A Bookkeeping\"},\"image\":{\"@id\":\"https:\/\/cynthiamedrano.ca\/#\/schema\/logo\/image\/\"}}]}<\/script>\n<!-- \/ Yoast SEO plugin. -->","yoast_head_json":{"title":"Professional Bookkeeping & Tax Services in Vancouver | CM&A","description":"Comprehensive bookkeeping, payroll, tax preparation, and advisory services for individuals, corporations, and sole proprietorships in Vancouver, Canada.","robots":{"index":"index","follow":"follow","max-snippet":"max-snippet:-1","max-image-preview":"max-image-preview:large","max-video-preview":"max-video-preview:-1"},"canonical":"https:\/\/cynthiamedrano.ca\/es\/services\/","og_locale":"es_ES","og_type":"article","og_title":"Professional Bookkeeping & Tax Services in Vancouver | CM&A","og_description":"Comprehensive bookkeeping, payroll, tax preparation, and advisory services for individuals, corporations, and sole proprietorships in Vancouver, Canada.","og_url":"https:\/\/cynthiamedrano.ca\/es\/services\/","og_site_name":"CM&amp;A Bookkeeping","article_modified_time":"2025-10-31T22:23:56+00:00","og_image":[{"width":700,"height":760,"url":"https:\/\/cynthiamedrano.ca\/wp-content\/uploads\/2025\/10\/tax-service-submission-portrait.jpg","type":"image\/jpeg"}],"twitter_card":"summary_large_image","twitter_misc":{"Tiempo de lectura":"3 minutos"},"schema":{"@context":"https:\/\/schema.org","@graph":[{"@type":"WebPage","@id":"https:\/\/cynthiamedrano.ca\/services\/","url":"https:\/\/cynthiamedrano.ca\/services\/","name":"Professional Bookkeeping & Tax Services in Vancouver | CM&A","isPartOf":{"@id":"https:\/\/cynthiamedrano.ca\/#website"},"primaryImageOfPage":{"@id":"https:\/\/cynthiamedrano.ca\/services\/#primaryimage"},"image":{"@id":"https:\/\/cynthiamedrano.ca\/services\/#primaryimage"},"thumbnailUrl":"https:\/\/cynthiamedrano.ca\/wp-content\/uploads\/2025\/10\/tax-service-submission-portrait.jpg","datePublished":"2023-10-15T20:27:32+00:00","dateModified":"2025-10-31T22:23:56+00:00","description":"Comprehensive bookkeeping, payroll, tax preparation, and advisory services for individuals, corporations, and sole proprietorships in Vancouver, Canada.","breadcrumb":{"@id":"https:\/\/cynthiamedrano.ca\/services\/#breadcrumb"},"inLanguage":"es","potentialAction":[{"@type":"ReadAction","target":["https:\/\/cynthiamedrano.ca\/services\/"]}]},{"@type":"ImageObject","inLanguage":"es","@id":"https:\/\/cynthiamedrano.ca\/services\/#primaryimage","url":"https:\/\/cynthiamedrano.ca\/wp-content\/uploads\/2025\/10\/tax-service-submission-portrait.jpg","contentUrl":"https:\/\/cynthiamedrano.ca\/wp-content\/uploads\/2025\/10\/tax-service-submission-portrait.jpg"},{"@type":"BreadcrumbList","@id":"https:\/\/cynthiamedrano.ca\/services\/#breadcrumb","itemListElement":[{"@type":"ListItem","position":1,"name":"Home","item":"https:\/\/cynthiamedrano.ca\/"},{"@type":"ListItem","position":2,"name":"Services"}]},{"@type":"WebSite","@id":"https:\/\/cynthiamedrano.ca\/#website","url":"https:\/\/cynthiamedrano.ca\/","name":"CM&amp;A Bookkeeping","description":"","publisher":{"@id":"https:\/\/cynthiamedrano.ca\/#organization"},"potentialAction":[{"@type":"SearchAction","target":{"@type":"EntryPoint","urlTemplate":"https:\/\/cynthiamedrano.ca\/?s={search_term_string}"},"query-input":{"@type":"PropertyValueSpecification","valueRequired":true,"valueName":"search_term_string"}}],"inLanguage":"es"},{"@type":"Organization","@id":"https:\/\/cynthiamedrano.ca\/#organization","name":"CM&amp;A Bookkeeping","url":"https:\/\/cynthiamedrano.ca\/","logo":{"@type":"ImageObject","inLanguage":"es","@id":"https:\/\/cynthiamedrano.ca\/#\/schema\/logo\/image\/","url":"https:\/\/cynthiamedrano.ca\/wp-content\/uploads\/2025\/10\/cma-logo-black.png","contentUrl":"https:\/\/cynthiamedrano.ca\/wp-content\/uploads\/2025\/10\/cma-logo-black.png","width":601,"height":201,"caption":"CM&amp;A Bookkeeping"},"image":{"@id":"https:\/\/cynthiamedrano.ca\/#\/schema\/logo\/image\/"}}]}},"_links":{"self":[{"href":"https:\/\/cynthiamedrano.ca\/es\/wp-json\/wp\/v2\/pages\/35209","targetHints":{"allow":["GET"]}}],"collection":[{"href":"https:\/\/cynthiamedrano.ca\/es\/wp-json\/wp\/v2\/pages"}],"about":[{"href":"https:\/\/cynthiamedrano.ca\/es\/wp-json\/wp\/v2\/types\/page"}],"author":[{"embeddable":true,"href":"https:\/\/cynthiamedrano.ca\/es\/wp-json\/wp\/v2\/users\/1"}],"replies":[{"embeddable":true,"href":"https:\/\/cynthiamedrano.ca\/es\/wp-json\/wp\/v2\/comments?post=35209"}],"version-history":[{"count":0,"href":"https:\/\/cynthiamedrano.ca\/es\/wp-json\/wp\/v2\/pages\/35209\/revisions"}],"wp:attachment":[{"href":"https:\/\/cynthiamedrano.ca\/es\/wp-json\/wp\/v2\/media?parent=35209"}],"curies":[{"name":"wp","href":"https:\/\/api.w.org\/{rel}","templated":true}]}}