{"id":43520,"date":"2024-11-30T16:51:30","date_gmt":"2024-11-30T16:51:30","guid":{"rendered":"https:\/\/sites.generatepress.com\/bookkeeping\/?page_id=43520"},"modified":"2025-11-05T06:08:11","modified_gmt":"2025-11-05T06:08:11","slug":"about","status":"publish","type":"page","link":"https:\/\/cynthiamedrano.ca\/es\/about\/","title":{"rendered":"Acerca de"},"content":{"rendered":"<div class=\"gbp-section gb-element-31c1bc7d\">\n<div class=\"gbp-section__inner gb-element-e4df4dfb\">\n<div class=\"gbp-section__inner gb-element-a1039296\">\n<div class=\"gbp-section__inner gb-element-7ddc97b0\">\n<h1 class=\"gb-text\">Our Journey to Excellence<\/h1>\n\n\n\n<div>\n<p>Mi trayectoria en contabilidad comenz\u00f3 en 1997, cuando descubr\u00ed mi pasi\u00f3n por trabajar con n\u00fameros y ayudar a las personas a comprender sus finanzas. Con los a\u00f1os, consolid\u00e9 una s\u00f3lida base en administraci\u00f3n de empresas, preparaci\u00f3n de impuestos y contabilidad. Estas habilidades me permitieron brindar apoyo a mis clientes en todos los aspectos de su contabilidad, desde la n\u00f3mina hasta la administraci\u00f3n de beneficios.<\/p>\n\n\n\n<p>Hoy, junto a mi incre\u00edble equipo, me enorgullece brindar soluciones contables personalizadas a personas y empresas en todo Canad\u00e1. Cada miembro de nuestro equipo comparte el mismo compromiso con la excelencia, la precisi\u00f3n y la atenci\u00f3n personalizada, porque sabemos que detr\u00e1s de cada cifra hay una persona, un sue\u00f1o y una historia que merece ser apoyada. Juntos, trabajamos para que nuestros clientes se sientan seguros y empoderados en cada decisi\u00f3n financiera.<\/p>\n\n\n\n<p>Calurosamente,<\/p>\n<\/div>\n\n\n\n<div class=\"gb-element-0972c073\">\n<div>\n<figure class=\"wp-block-image size-full is-resized\"><img loading=\"lazy\" decoding=\"async\" width=\"813\" height=\"154\" src=\"https:\/\/cynthiamedrano.ca\/wp-content\/uploads\/2025\/10\/Firma-Cynthia.png\" alt=\"\" class=\"wp-image-47599\" style=\"object-fit:cover;width:311px;height:auto\" srcset=\"https:\/\/cynthiamedrano.ca\/wp-content\/uploads\/2025\/10\/Firma-Cynthia.png 813w, https:\/\/cynthiamedrano.ca\/wp-content\/uploads\/2025\/10\/Firma-Cynthia-300x57.png 300w, https:\/\/cynthiamedrano.ca\/wp-content\/uploads\/2025\/10\/Firma-Cynthia-768x145.png 768w, https:\/\/cynthiamedrano.ca\/wp-content\/uploads\/2025\/10\/Firma-Cynthia-18x3.png 18w\" sizes=\"auto, (max-width: 813px) 100vw, 813px\" \/><\/figure>\n<\/div>\n<\/div>\n<\/div>\n\n\n\n<div class=\"gb-element-3adb21ea\">\n<figure class=\"wp-block-image size-full is-style-default wp-duotone-unset-1\"><img loading=\"lazy\" decoding=\"async\" width=\"1707\" height=\"2560\" src=\"https:\/\/cynthiamedrano.ca\/wp-content\/uploads\/2025\/10\/cynthia-medrano-taxes-vancouver-scaled.jpg\" alt=\"\" class=\"wp-image-47691\" style=\"aspect-ratio:3\/4;object-fit:cover\" srcset=\"https:\/\/cynthiamedrano.ca\/wp-content\/uploads\/2025\/10\/cynthia-medrano-taxes-vancouver-scaled.jpg 1707w, https:\/\/cynthiamedrano.ca\/wp-content\/uploads\/2025\/10\/cynthia-medrano-taxes-vancouver-200x300.jpg 200w, https:\/\/cynthiamedrano.ca\/wp-content\/uploads\/2025\/10\/cynthia-medrano-taxes-vancouver-683x1024.jpg 683w, https:\/\/cynthiamedrano.ca\/wp-content\/uploads\/2025\/10\/cynthia-medrano-taxes-vancouver-768x1152.jpg 768w, https:\/\/cynthiamedrano.ca\/wp-content\/uploads\/2025\/10\/cynthia-medrano-taxes-vancouver-1024x1536.jpg 1024w, https:\/\/cynthiamedrano.ca\/wp-content\/uploads\/2025\/10\/cynthia-medrano-taxes-vancouver-1365x2048.jpg 1365w, https:\/\/cynthiamedrano.ca\/wp-content\/uploads\/2025\/10\/cynthia-medrano-taxes-vancouver-8x12.jpg 8w\" sizes=\"auto, (max-width: 1707px) 100vw, 1707px\" \/><\/figure>\n<\/div>\n<\/div>\n<\/div>\n<\/div>\n\n\n\n<div class=\"gb-element-5c40c3ad\">\n<div class=\"gbp-section gb-element-23a166cf\">\n<div class=\"gb-element-dd9067d2\">\n<h2 class=\"gb-text gb-text-b1d41161\">Conoce a nuestro equipo<\/h2>\n\n\n\n<p class=\"gb-text gbp-section__text--lg gb-text-098dd944\">Nuestros profesionales, altamente cualificados, combinan experiencia y conocimientos para ofrecer soluciones contables y financieras personalizadas. Cada miembro del equipo est\u00e1 comprometido a ayudar a los clientes a alcanzar sus objetivos de forma eficiente y precisa.<\/p>\n<\/div>\n\n\n\n<div class=\"gb-element-f342efc1\">\n<div>\n<img loading=\"lazy\" decoding=\"async\" width=\"1080\" height=\"1080\" class=\"gbp--border-radius gb-media-2325b130\" src=\"https:\/\/cynthiamedrano.ca\/wp-content\/uploads\/2025\/10\/cynthia-bookkeeping-1.jpg\" title=\"cynthia-bookkeeping\" alt=\"cynthia-bookkeeping\" srcset=\"https:\/\/cynthiamedrano.ca\/wp-content\/uploads\/2025\/10\/cynthia-bookkeeping-1.jpg 1080w, https:\/\/cynthiamedrano.ca\/wp-content\/uploads\/2025\/10\/cynthia-bookkeeping-1-300x300.jpg 300w, https:\/\/cynthiamedrano.ca\/wp-content\/uploads\/2025\/10\/cynthia-bookkeeping-1-1024x1024.jpg 1024w, https:\/\/cynthiamedrano.ca\/wp-content\/uploads\/2025\/10\/cynthia-bookkeeping-1-150x150.jpg 150w, https:\/\/cynthiamedrano.ca\/wp-content\/uploads\/2025\/10\/cynthia-bookkeeping-1-768x768.jpg 768w, https:\/\/cynthiamedrano.ca\/wp-content\/uploads\/2025\/10\/cynthia-bookkeeping-1-12x12.jpg 12w\" sizes=\"auto, (max-width: 1080px) 100vw, 1080px\" \/>\n\n\n\n<div class=\"gbp--border-radius gbp--box-shadow gb-element-54018c75\">\n<p class=\"gb-text gb-text-dd9cb781\"><strong>Cynthia Medrano<\/strong><\/p>\n\n\n\n<p class=\"gb-text gbp-section__text--sm gb-text-18193d06\">Director ejecutivo<\/p>\n<\/div>\n<\/div>\n\n\n\n<div>\n<img loading=\"lazy\" decoding=\"async\" width=\"1080\" height=\"1080\" class=\"gbp--border-radius gb-media-6254aece\" src=\"https:\/\/cynthiamedrano.ca\/wp-content\/uploads\/2025\/10\/sam-bookkeeping.jpg\" title=\"sam-bookkeeping\" alt=\"sam bookkeeping\" srcset=\"https:\/\/cynthiamedrano.ca\/wp-content\/uploads\/2025\/10\/sam-bookkeeping.jpg 1080w, https:\/\/cynthiamedrano.ca\/wp-content\/uploads\/2025\/10\/sam-bookkeeping-300x300.jpg 300w, https:\/\/cynthiamedrano.ca\/wp-content\/uploads\/2025\/10\/sam-bookkeeping-1024x1024.jpg 1024w, https:\/\/cynthiamedrano.ca\/wp-content\/uploads\/2025\/10\/sam-bookkeeping-150x150.jpg 150w, https:\/\/cynthiamedrano.ca\/wp-content\/uploads\/2025\/10\/sam-bookkeeping-768x768.jpg 768w, https:\/\/cynthiamedrano.ca\/wp-content\/uploads\/2025\/10\/sam-bookkeeping-12x12.jpg 12w\" sizes=\"auto, (max-width: 1080px) 100vw, 1080px\" \/>\n\n\n\n<div class=\"gbp--border-radius gbp--box-shadow gb-element-3abee0f9\">\n<p class=\"gb-text gb-text-0d945113\"><strong>Samuel Hermano<\/strong><\/p>\n\n\n\n<p class=\"gb-text gbp-section__text--sm gb-text-49b20df6\">Contador Senior<\/p>\n<\/div>\n<\/div>\n\n\n\n<div>\n<img loading=\"lazy\" decoding=\"async\" width=\"1080\" height=\"1080\" class=\"gbp--border-radius gb-media-0a4d5b50\" src=\"https:\/\/cynthiamedrano.ca\/wp-content\/uploads\/2025\/10\/tania-bookkeping.jpg\" title=\"tania-bookkeping\" alt=\"tania-bookkeping\" srcset=\"https:\/\/cynthiamedrano.ca\/wp-content\/uploads\/2025\/10\/tania-bookkeping.jpg 1080w, https:\/\/cynthiamedrano.ca\/wp-content\/uploads\/2025\/10\/tania-bookkeping-300x300.jpg 300w, https:\/\/cynthiamedrano.ca\/wp-content\/uploads\/2025\/10\/tania-bookkeping-1024x1024.jpg 1024w, https:\/\/cynthiamedrano.ca\/wp-content\/uploads\/2025\/10\/tania-bookkeping-150x150.jpg 150w, https:\/\/cynthiamedrano.ca\/wp-content\/uploads\/2025\/10\/tania-bookkeping-768x768.jpg 768w, https:\/\/cynthiamedrano.ca\/wp-content\/uploads\/2025\/10\/tania-bookkeping-12x12.jpg 12w\" sizes=\"auto, (max-width: 1080px) 100vw, 1080px\" \/>\n\n\n\n<div class=\"gbp--border-radius gbp--box-shadow gb-element-0391cefa\">\n<p class=\"gb-text gb-text-ef2969d8\"><strong>Tania Espinosa<\/strong><\/p>\n\n\n\n<p class=\"gb-text gbp-section__text--sm gb-text-6dc3a90d\">Contadora<\/p>\n<\/div>\n<\/div>\n\n\n\n<div>\n<img loading=\"lazy\" decoding=\"async\" width=\"1080\" height=\"1080\" class=\"gbp--border-radius gb-media-f43ac66c\" src=\"https:\/\/cynthiamedrano.ca\/wp-content\/uploads\/2025\/10\/andrea-bookkeeping.jpg\" title=\"andrea-bookkeeping\" alt=\"andrea-bookkeeping\" srcset=\"https:\/\/cynthiamedrano.ca\/wp-content\/uploads\/2025\/10\/andrea-bookkeeping.jpg 1080w, https:\/\/cynthiamedrano.ca\/wp-content\/uploads\/2025\/10\/andrea-bookkeeping-300x300.jpg 300w, https:\/\/cynthiamedrano.ca\/wp-content\/uploads\/2025\/10\/andrea-bookkeeping-1024x1024.jpg 1024w, https:\/\/cynthiamedrano.ca\/wp-content\/uploads\/2025\/10\/andrea-bookkeeping-150x150.jpg 150w, https:\/\/cynthiamedrano.ca\/wp-content\/uploads\/2025\/10\/andrea-bookkeeping-768x768.jpg 768w, https:\/\/cynthiamedrano.ca\/wp-content\/uploads\/2025\/10\/andrea-bookkeeping-12x12.jpg 12w\" sizes=\"auto, (max-width: 1080px) 100vw, 1080px\" \/>\n\n\n\n<div class=\"gbp--border-radius gbp--box-shadow gb-element-ea7cccc2\">\n<p class=\"gb-text gb-text-43a85cc0\"><strong>Andrea Lauderdale<\/strong><\/p>\n\n\n\n<p class=\"gb-text gbp-section__text--sm gb-text-4f5c6e53\">Contadora<\/p>\n<\/div>\n<\/div>\n\n\n\n<div>\n<img loading=\"lazy\" decoding=\"async\" width=\"1080\" height=\"1080\" class=\"gbp--border-radius gb-media-7303c364\" src=\"https:\/\/cynthiamedrano.ca\/wp-content\/uploads\/2025\/10\/giuseppe-bookkeeping.jpg\" title=\"giuseppe-bookkeeping\" alt=\"giuseppe-bookkeeping\" srcset=\"https:\/\/cynthiamedrano.ca\/wp-content\/uploads\/2025\/10\/giuseppe-bookkeeping.jpg 1080w, https:\/\/cynthiamedrano.ca\/wp-content\/uploads\/2025\/10\/giuseppe-bookkeeping-300x300.jpg 300w, https:\/\/cynthiamedrano.ca\/wp-content\/uploads\/2025\/10\/giuseppe-bookkeeping-1024x1024.jpg 1024w, https:\/\/cynthiamedrano.ca\/wp-content\/uploads\/2025\/10\/giuseppe-bookkeeping-150x150.jpg 150w, https:\/\/cynthiamedrano.ca\/wp-content\/uploads\/2025\/10\/giuseppe-bookkeeping-768x768.jpg 768w, https:\/\/cynthiamedrano.ca\/wp-content\/uploads\/2025\/10\/giuseppe-bookkeeping-12x12.jpg 12w\" sizes=\"auto, (max-width: 1080px) 100vw, 1080px\" \/>\n\n\n\n<div class=\"gbp--border-radius gbp--box-shadow gb-element-55682464\">\n<p class=\"gb-text gb-text-cdc74945\"><strong>Giuseppe Febres<\/strong><\/p>\n\n\n\n<p class=\"gb-text gbp-section__text--sm gb-text-d59fcd75\">Gerente de redes sociales<\/p>\n<\/div>\n<\/div>\n\n\n\n<div>\n<img loading=\"lazy\" decoding=\"async\" width=\"1080\" height=\"1080\" class=\"gbp--border-radius gb-media-1409a63b\" src=\"https:\/\/cynthiamedrano.ca\/wp-content\/uploads\/2025\/10\/jesus-bookkeeping.jpg\" title=\"jesus-bookkeeping\" alt=\"jesus-bookkeeping\" srcset=\"https:\/\/cynthiamedrano.ca\/wp-content\/uploads\/2025\/10\/jesus-bookkeeping.jpg 1080w, https:\/\/cynthiamedrano.ca\/wp-content\/uploads\/2025\/10\/jesus-bookkeeping-300x300.jpg 300w, https:\/\/cynthiamedrano.ca\/wp-content\/uploads\/2025\/10\/jesus-bookkeeping-1024x1024.jpg 1024w, https:\/\/cynthiamedrano.ca\/wp-content\/uploads\/2025\/10\/jesus-bookkeeping-150x150.jpg 150w, https:\/\/cynthiamedrano.ca\/wp-content\/uploads\/2025\/10\/jesus-bookkeeping-768x768.jpg 768w, https:\/\/cynthiamedrano.ca\/wp-content\/uploads\/2025\/10\/jesus-bookkeeping-12x12.jpg 12w\" sizes=\"auto, (max-width: 1080px) 100vw, 1080px\" \/>\n\n\n\n<div class=\"gbp--border-radius gbp--box-shadow gb-element-340540dc\">\n<p class=\"gb-text gb-text-9d6c2a3e\"><strong>Jesus Salinas<\/strong><\/p>\n\n\n\n<p class=\"gb-text gbp-section__text--sm gb-text-a8476ba0\">Especialista en soluciones web<\/p>\n<\/div>\n<\/div>\n\n\n\n<div>\n<img loading=\"lazy\" decoding=\"async\" width=\"1080\" height=\"1080\" class=\"gbp--border-radius gb-media-4f169724\" src=\"https:\/\/cynthiamedrano.ca\/wp-content\/uploads\/2025\/10\/ricardo-bookkeeping.jpg\" title=\"ricardo-bookkeeping\" alt=\"ricardo-bookkeeping\" srcset=\"https:\/\/cynthiamedrano.ca\/wp-content\/uploads\/2025\/10\/ricardo-bookkeeping.jpg 1080w, https:\/\/cynthiamedrano.ca\/wp-content\/uploads\/2025\/10\/ricardo-bookkeeping-300x300.jpg 300w, https:\/\/cynthiamedrano.ca\/wp-content\/uploads\/2025\/10\/ricardo-bookkeeping-1024x1024.jpg 1024w, https:\/\/cynthiamedrano.ca\/wp-content\/uploads\/2025\/10\/ricardo-bookkeeping-150x150.jpg 150w, https:\/\/cynthiamedrano.ca\/wp-content\/uploads\/2025\/10\/ricardo-bookkeeping-768x768.jpg 768w, https:\/\/cynthiamedrano.ca\/wp-content\/uploads\/2025\/10\/ricardo-bookkeeping-12x12.jpg 12w\" sizes=\"auto, (max-width: 1080px) 100vw, 1080px\" \/>\n\n\n\n<div class=\"gbp--border-radius gbp--box-shadow gb-element-5c448a21\">\n<p class=\"gb-text gb-text-3fafdeb4\"><strong>Ricardo Calderon<\/strong><\/p>\n\n\n\n<p class=\"gb-text gbp-section__text--sm gb-text-879f5372\">Especialista en soporte TI<\/p>\n<\/div>\n<\/div>\n<\/div>\n<\/div>\n<\/div>\n\n\n\n<div>\n<div class=\"gb-element-797986ee\">\n<div class=\"gbp-section__inner\">\n<h2 class=\"gb-text gb-text-c116f2d4\">Industrias con las que trabajamos<\/h2>\n<\/div>\n\n\n\n<div class=\"gbp-section__inner gb-element-396d634c\">\n<p class=\"gb-text gbp-section__text--lg gb-text-ad1dd12d\">Ofrecemos servicios de contabilidad y tenedur\u00eda de libros a medida para m\u00faltiples sectores, ayudando a las empresas a cumplir con la normativa, ser eficientes y estar financieramente organizadas.<\/p>\n<\/div>\n\n\n\n<div class=\"gbp-section__inner gb-element-6ce39f16\">\n<div class=\"wp-block-columns has-base-3-background-color has-background is-layout-flex wp-container-core-columns-is-layout-9d6595d7 wp-block-columns-is-layout-flex\">\n<div class=\"wp-block-column is-layout-flow wp-block-column-is-layout-flow\">\n<div class=\"gb-element-5442c4a7\">\n<ul class=\"wp-block-list\">\n<li>Peque\u00f1as agencias de publicidad<\/li>\n\n\n\n<li>Contratistas gubernamentales<\/li>\n\n\n\n<li>Empresas minoristas de tama\u00f1o mediano<\/li>\n\n\n\n<li>Franquiciados<\/li>\n<\/ul>\n<\/div>\n<\/div>\n\n\n\n<div class=\"wp-block-column is-layout-flow wp-block-column-is-layout-flow\">\n<div class=\"gb-element-8d362265\">\n<ul class=\"wp-block-list\">\n<li>Consultoras incorporadas<\/li>\n\n\n\n<li>Agentes inmobiliarios<\/li>\n\n\n\n<li>Organizaciones sin fines de lucro<\/li>\n\n\n\n<li>Empresas contables<\/li>\n<\/ul>\n<\/div>\n<\/div>\n\n\n\n<div class=\"wp-block-column is-layout-flow wp-block-column-is-layout-flow\">\n<div class=\"gb-element-c071cea6\">\n<ul class=\"wp-block-list\">\n<li>Empresas de construcci\u00f3n comercial<\/li>\n\n\n\n<li>Empresas de transporte<\/li>\n\n\n\n<li>Empresas de consultor\u00eda de TI y servicios p\u00fablicos<\/li>\n\n\n\n<li>Empresas comerciales<\/li>\n<\/ul>\n<\/div>\n<\/div>\n<\/div>\n<\/div>\n<\/div>\n<\/div>","protected":false},"excerpt":{"rendered":"<p>Our Journey to Excellence My journey in accounting began back in 1997, when I discovered my passion for working with numbers and helping people make sense of their finances. Over the years, I built a strong foundation in business administration, tax preparation, and accounting. These skills allowed me to support clients in every aspect of &#8230; <a title=\"Acerca de\" class=\"read-more\" href=\"https:\/\/cynthiamedrano.ca\/es\/about\/\" aria-label=\"Leer m\u00e1s sobre About\">Leer m\u00e1s<\/a><\/p>","protected":false},"author":1,"featured_media":0,"parent":0,"menu_order":0,"comment_status":"closed","ping_status":"closed","template":"","meta":{"footnotes":""},"class_list":["post-43520","page","type-page","status-publish"],"yoast_head":"<!-- This site is optimized with the Yoast SEO plugin v27.2 - https:\/\/yoast.com\/product\/yoast-seo-wordpress\/ -->\n<title>About Us | CM&amp;A Bookkeeping and Tax Services Inc.<\/title>\n<meta name=\"description\" content=\"Learn about CM&amp;A Bookkeeping and Tax Services Inc., a dedicated team offering personalized accounting, bookkeeping, and tax solutions across Canada. Discover our commitment to excellence, accuracy, and client success.\" \/>\n<meta name=\"robots\" content=\"index, follow, max-snippet:-1, max-image-preview:large, max-video-preview:-1\" \/>\n<link rel=\"canonical\" href=\"https:\/\/cynthiamedrano.ca\/es\/about\/\" \/>\n<meta property=\"og:locale\" content=\"es_ES\" \/>\n<meta property=\"og:type\" content=\"article\" \/>\n<meta property=\"og:title\" content=\"About Us | CM&amp;A Bookkeeping and Tax Services Inc.\" \/>\n<meta property=\"og:description\" content=\"Learn about CM&amp;A Bookkeeping and Tax Services Inc., a dedicated team offering personalized accounting, bookkeeping, and tax solutions across Canada. Discover our commitment to excellence, accuracy, and client success.\" \/>\n<meta property=\"og:url\" content=\"https:\/\/cynthiamedrano.ca\/es\/about\/\" \/>\n<meta property=\"og:site_name\" content=\"CM&amp;A Bookkeeping\" \/>\n<meta property=\"article:modified_time\" content=\"2025-11-05T06:08:11+00:00\" \/>\n<meta property=\"og:image\" content=\"https:\/\/cynthiamedrano.ca\/wp-content\/uploads\/2025\/10\/Firma-Cynthia.png\" \/>\n\t<meta property=\"og:image:width\" content=\"813\" \/>\n\t<meta property=\"og:image:height\" content=\"154\" \/>\n\t<meta property=\"og:image:type\" content=\"image\/png\" \/>\n<meta name=\"twitter:card\" content=\"summary_large_image\" \/>\n<meta name=\"twitter:label1\" content=\"Tiempo de lectura\" \/>\n\t<meta name=\"twitter:data1\" content=\"3 minutos\" \/>\n<script type=\"application\/ld+json\" class=\"yoast-schema-graph\">{\"@context\":\"https:\/\/schema.org\",\"@graph\":[{\"@type\":\"WebPage\",\"@id\":\"https:\/\/cynthiamedrano.ca\/about\/\",\"url\":\"https:\/\/cynthiamedrano.ca\/about\/\",\"name\":\"About Us | CM&A Bookkeeping and Tax Services Inc.\",\"isPartOf\":{\"@id\":\"https:\/\/cynthiamedrano.ca\/#website\"},\"primaryImageOfPage\":{\"@id\":\"https:\/\/cynthiamedrano.ca\/about\/#primaryimage\"},\"image\":{\"@id\":\"https:\/\/cynthiamedrano.ca\/about\/#primaryimage\"},\"thumbnailUrl\":\"https:\/\/cynthiamedrano.ca\/wp-content\/uploads\/2025\/10\/Firma-Cynthia.png\",\"datePublished\":\"2024-11-30T16:51:30+00:00\",\"dateModified\":\"2025-11-05T06:08:11+00:00\",\"description\":\"Learn about CM&A Bookkeeping and Tax Services Inc., a dedicated team offering personalized accounting, bookkeeping, and tax solutions across Canada. Discover our commitment to excellence, accuracy, and client success.\",\"breadcrumb\":{\"@id\":\"https:\/\/cynthiamedrano.ca\/about\/#breadcrumb\"},\"inLanguage\":\"es\",\"potentialAction\":[{\"@type\":\"ReadAction\",\"target\":[\"https:\/\/cynthiamedrano.ca\/about\/\"]}]},{\"@type\":\"ImageObject\",\"inLanguage\":\"es\",\"@id\":\"https:\/\/cynthiamedrano.ca\/about\/#primaryimage\",\"url\":\"https:\/\/cynthiamedrano.ca\/wp-content\/uploads\/2025\/10\/Firma-Cynthia.png\",\"contentUrl\":\"https:\/\/cynthiamedrano.ca\/wp-content\/uploads\/2025\/10\/Firma-Cynthia.png\"},{\"@type\":\"BreadcrumbList\",\"@id\":\"https:\/\/cynthiamedrano.ca\/about\/#breadcrumb\",\"itemListElement\":[{\"@type\":\"ListItem\",\"position\":1,\"name\":\"Home\",\"item\":\"https:\/\/cynthiamedrano.ca\/\"},{\"@type\":\"ListItem\",\"position\":2,\"name\":\"About\"}]},{\"@type\":\"WebSite\",\"@id\":\"https:\/\/cynthiamedrano.ca\/#website\",\"url\":\"https:\/\/cynthiamedrano.ca\/\",\"name\":\"CM&amp;A Bookkeeping\",\"description\":\"\",\"publisher\":{\"@id\":\"https:\/\/cynthiamedrano.ca\/#organization\"},\"potentialAction\":[{\"@type\":\"SearchAction\",\"target\":{\"@type\":\"EntryPoint\",\"urlTemplate\":\"https:\/\/cynthiamedrano.ca\/?s={search_term_string}\"},\"query-input\":{\"@type\":\"PropertyValueSpecification\",\"valueRequired\":true,\"valueName\":\"search_term_string\"}}],\"inLanguage\":\"es\"},{\"@type\":\"Organization\",\"@id\":\"https:\/\/cynthiamedrano.ca\/#organization\",\"name\":\"CM&amp;A Bookkeeping\",\"url\":\"https:\/\/cynthiamedrano.ca\/\",\"logo\":{\"@type\":\"ImageObject\",\"inLanguage\":\"es\",\"@id\":\"https:\/\/cynthiamedrano.ca\/#\/schema\/logo\/image\/\",\"url\":\"https:\/\/cynthiamedrano.ca\/wp-content\/uploads\/2025\/10\/cma-logo-black.png\",\"contentUrl\":\"https:\/\/cynthiamedrano.ca\/wp-content\/uploads\/2025\/10\/cma-logo-black.png\",\"width\":601,\"height\":201,\"caption\":\"CM&amp;A Bookkeeping\"},\"image\":{\"@id\":\"https:\/\/cynthiamedrano.ca\/#\/schema\/logo\/image\/\"}}]}<\/script>\n<!-- \/ Yoast SEO plugin. -->","yoast_head_json":{"title":"About Us | CM&A Bookkeeping and Tax Services Inc.","description":"Learn about CM&A Bookkeeping and Tax Services Inc., a dedicated team offering personalized accounting, bookkeeping, and tax solutions across Canada. Discover our commitment to excellence, accuracy, and client success.","robots":{"index":"index","follow":"follow","max-snippet":"max-snippet:-1","max-image-preview":"max-image-preview:large","max-video-preview":"max-video-preview:-1"},"canonical":"https:\/\/cynthiamedrano.ca\/es\/about\/","og_locale":"es_ES","og_type":"article","og_title":"About Us | CM&A Bookkeeping and Tax Services Inc.","og_description":"Learn about CM&A Bookkeeping and Tax Services Inc., a dedicated team offering personalized accounting, bookkeeping, and tax solutions across Canada. Discover our commitment to excellence, accuracy, and client success.","og_url":"https:\/\/cynthiamedrano.ca\/es\/about\/","og_site_name":"CM&amp;A Bookkeeping","article_modified_time":"2025-11-05T06:08:11+00:00","og_image":[{"width":813,"height":154,"url":"https:\/\/cynthiamedrano.ca\/wp-content\/uploads\/2025\/10\/Firma-Cynthia.png","type":"image\/png"}],"twitter_card":"summary_large_image","twitter_misc":{"Tiempo de lectura":"3 minutos"},"schema":{"@context":"https:\/\/schema.org","@graph":[{"@type":"WebPage","@id":"https:\/\/cynthiamedrano.ca\/about\/","url":"https:\/\/cynthiamedrano.ca\/about\/","name":"About Us | CM&A Bookkeeping and Tax Services Inc.","isPartOf":{"@id":"https:\/\/cynthiamedrano.ca\/#website"},"primaryImageOfPage":{"@id":"https:\/\/cynthiamedrano.ca\/about\/#primaryimage"},"image":{"@id":"https:\/\/cynthiamedrano.ca\/about\/#primaryimage"},"thumbnailUrl":"https:\/\/cynthiamedrano.ca\/wp-content\/uploads\/2025\/10\/Firma-Cynthia.png","datePublished":"2024-11-30T16:51:30+00:00","dateModified":"2025-11-05T06:08:11+00:00","description":"Learn about CM&A Bookkeeping and Tax Services Inc., a dedicated team offering personalized accounting, bookkeeping, and tax solutions across Canada. Discover our commitment to excellence, accuracy, and client success.","breadcrumb":{"@id":"https:\/\/cynthiamedrano.ca\/about\/#breadcrumb"},"inLanguage":"es","potentialAction":[{"@type":"ReadAction","target":["https:\/\/cynthiamedrano.ca\/about\/"]}]},{"@type":"ImageObject","inLanguage":"es","@id":"https:\/\/cynthiamedrano.ca\/about\/#primaryimage","url":"https:\/\/cynthiamedrano.ca\/wp-content\/uploads\/2025\/10\/Firma-Cynthia.png","contentUrl":"https:\/\/cynthiamedrano.ca\/wp-content\/uploads\/2025\/10\/Firma-Cynthia.png"},{"@type":"BreadcrumbList","@id":"https:\/\/cynthiamedrano.ca\/about\/#breadcrumb","itemListElement":[{"@type":"ListItem","position":1,"name":"Home","item":"https:\/\/cynthiamedrano.ca\/"},{"@type":"ListItem","position":2,"name":"About"}]},{"@type":"WebSite","@id":"https:\/\/cynthiamedrano.ca\/#website","url":"https:\/\/cynthiamedrano.ca\/","name":"CM&amp;A Bookkeeping","description":"","publisher":{"@id":"https:\/\/cynthiamedrano.ca\/#organization"},"potentialAction":[{"@type":"SearchAction","target":{"@type":"EntryPoint","urlTemplate":"https:\/\/cynthiamedrano.ca\/?s={search_term_string}"},"query-input":{"@type":"PropertyValueSpecification","valueRequired":true,"valueName":"search_term_string"}}],"inLanguage":"es"},{"@type":"Organization","@id":"https:\/\/cynthiamedrano.ca\/#organization","name":"CM&amp;A Bookkeeping","url":"https:\/\/cynthiamedrano.ca\/","logo":{"@type":"ImageObject","inLanguage":"es","@id":"https:\/\/cynthiamedrano.ca\/#\/schema\/logo\/image\/","url":"https:\/\/cynthiamedrano.ca\/wp-content\/uploads\/2025\/10\/cma-logo-black.png","contentUrl":"https:\/\/cynthiamedrano.ca\/wp-content\/uploads\/2025\/10\/cma-logo-black.png","width":601,"height":201,"caption":"CM&amp;A Bookkeeping"},"image":{"@id":"https:\/\/cynthiamedrano.ca\/#\/schema\/logo\/image\/"}}]}},"_links":{"self":[{"href":"https:\/\/cynthiamedrano.ca\/es\/wp-json\/wp\/v2\/pages\/43520","targetHints":{"allow":["GET"]}}],"collection":[{"href":"https:\/\/cynthiamedrano.ca\/es\/wp-json\/wp\/v2\/pages"}],"about":[{"href":"https:\/\/cynthiamedrano.ca\/es\/wp-json\/wp\/v2\/types\/page"}],"author":[{"embeddable":true,"href":"https:\/\/cynthiamedrano.ca\/es\/wp-json\/wp\/v2\/users\/1"}],"replies":[{"embeddable":true,"href":"https:\/\/cynthiamedrano.ca\/es\/wp-json\/wp\/v2\/comments?post=43520"}],"version-history":[{"count":0,"href":"https:\/\/cynthiamedrano.ca\/es\/wp-json\/wp\/v2\/pages\/43520\/revisions"}],"wp:attachment":[{"href":"https:\/\/cynthiamedrano.ca\/es\/wp-json\/wp\/v2\/media?parent=43520"}],"curies":[{"name":"wp","href":"https:\/\/api.w.org\/{rel}","templated":true}]}}