{"id":47272,"date":"2025-10-28T19:19:17","date_gmt":"2025-10-28T19:19:17","guid":{"rendered":"https:\/\/cynthiamedrano.ca\/?page_id=47272"},"modified":"2025-11-14T05:07:16","modified_gmt":"2025-11-14T05:07:16","slug":"individuals","status":"publish","type":"page","link":"https:\/\/cynthiamedrano.ca\/es\/services\/individuals\/","title":{"rendered":"Para particulares"},"content":{"rendered":"<div class=\"gbp-section gb-element-d0c4e6d8\">\n<div class=\"gbp-section__inner gb-element-96109c45\">\n<div class=\"gb-element-d1fc18ca\">\n<div class=\"gb-element-354656b8\">\n<h1 class=\"gb-text\">Servicios fiscales y financieros individuales<\/h1>\n\n\n\n<p class=\"gb-text\">Ayudamos a particulares con la preparaci\u00f3n de impuestos, las solicitudes de GST\/HST y las reclamaciones de prestaciones por hijos. Nuestro equipo garantiza que todas las declaraciones se presenten de forma precisa, puntual y conforme a los requisitos de la Agencia Tributaria de Canad\u00e1 (CRA). Tanto si trabaja por cuenta propia como si gestiona sus finanzas personales, le ayudamos a organizar sus registros, identificar las deducciones a las que tiene derecho y maximizar los cr\u00e9ditos disponibles. Con nuestros servicios de asesor\u00eda contable, obtendr\u00e1 claridad y confianza en sus decisiones financieras.<\/p>\n\n\n\n<a class=\"gb-text gb-text-1a20bb19\" href=\"https:\/\/app.acuityscheduling.com\/schedule.php?owner=24110137&#038;appointmentType=26616453\"><strong><strong>Presentaci\u00f3n de impuestos del libro<\/strong><\/strong><\/a>\n<\/div>\n\n\n\n<div class=\"gb-element-c869c85c\">\n<img loading=\"lazy\" decoding=\"async\" width=\"832\" height=\"904\" class=\"gbp--border-radius gb-media-4ccbcb8a\" src=\"https:\/\/cynthiamedrano.ca\/wp-content\/uploads\/2025\/10\/taxes-cma-2-e1761776751856.jpg\" title=\"taxes-invididual\" alt=\"taxes-invididual\" srcset=\"https:\/\/cynthiamedrano.ca\/wp-content\/uploads\/2025\/10\/taxes-cma-2-e1761776751856.jpg 832w, https:\/\/cynthiamedrano.ca\/wp-content\/uploads\/2025\/10\/taxes-cma-2-e1761776751856-276x300.jpg 276w, https:\/\/cynthiamedrano.ca\/wp-content\/uploads\/2025\/10\/taxes-cma-2-e1761776751856-768x834.jpg 768w, https:\/\/cynthiamedrano.ca\/wp-content\/uploads\/2025\/10\/taxes-cma-2-e1761776751856-11x12.jpg 11w\" sizes=\"auto, (max-width: 832px) 100vw, 832px\" \/>\n<\/div>\n<\/div>\n<\/div>\n<\/div>\n\n\n\n<div class=\"gbp-section gb-element-ebb36959\">\n<span class=\"gb-shape gb-shape-2003ce64 gb-shape--divider\"><svg viewbox=\"0 0 400 27\" xmlns=\"http:\/\/www.w3.org\/2000\/svg\" preserveaspectratio=\"none\"><path d=\"M400 27H0v-.5h342.71c2.46 0 4.89-.57 7.1-1.66L400 0v27Z\"><\/path><\/svg><\/span>\n\n\n\n<div class=\"gbp-section__inner gb-element-c66b8b0a\">\n<h2 class=\"wp-block-heading has-text-align-left\">Soluciones para simplificar sus impuestos personales<\/h2>\n\n\n\n<div class=\"gb-element-bb9918f2\">\n<div>\n<div class=\"gb-element-c4aa82d6\">\n<div class=\"gb-element-19e92d6f\">\n<span class=\"gb-shape gb-shape-4e4e8b10\"><svg xmlns=\"http:\/\/www.w3.org\/2000\/svg\" viewbox=\"0 0 512 512\" width=\"1em\" height=\"1em\" aria-hidden=\"true\"><path d=\"M256 8C119.033 8 8 119.033 8 256s111.033 248 248 248 248-111.033 248-248S392.967 8 256 8zm0 48c110.532 0 200 89.451 200 200 0 110.532-89.451 200-200 200-110.532 0-200-89.451-200-200 0-110.532 89.451-200 200-200m140.204 130.267l-22.536-22.718c-4.667-4.705-12.265-4.736-16.97-.068L215.346 303.697l-59.792-60.277c-4.667-4.705-12.265-4.736-16.97-.069l-22.719 22.536c-4.705 4.667-4.736 12.265-.068 16.971l90.781 91.516c4.667 4.705 12.265 4.736 16.97.068l172.589-171.204c4.704-4.668 4.734-12.266.067-16.971z\" fill=\"currentColor\"><\/path><\/svg><\/span>\n<\/div>\n\n\n\n<div>\n<h3 class=\"gb-text gb-text-8632d30b\">Preparaci\u00f3n de impuestos<\/h3>\n\n\n\n<p class=\"gb-text gb-text-9c50b164\">Gestionamos las declaraciones de impuestos personales con precisi\u00f3n y eficiencia, garantizando que cumpla con todos los requisitos de la Agencia Tributaria de Canad\u00e1 (CRA) y maximizando sus deducciones y cr\u00e9ditos.<\/p>\n<\/div>\n<\/div>\n\n\n\n<div class=\"gb-element-2ad3e086\">\n<div class=\"gb-element-20c6585f\">\n<span class=\"gb-shape gb-shape-2eebd3f6\"><svg xmlns=\"http:\/\/www.w3.org\/2000\/svg\" viewbox=\"0 0 640 512\" width=\"1em\" height=\"1em\" aria-hidden=\"true\"><path d=\"M497.941 225.941L286.059 14.059A48 48 0 0 0 252.118 0H48C21.49 0 0 21.49 0 48v204.118a48 48 0 0 0 14.059 33.941l211.882 211.882c18.744 18.745 49.136 18.746 67.882 0l204.118-204.118c18.745-18.745 18.745-49.137 0-67.882zM112 160c-26.51 0-48-21.49-48-48s21.49-48 48-48 48 21.49 48 48-21.49 48-48 48zm513.941 133.823L421.823 497.941c-18.745 18.745-49.137 18.745-67.882 0l-.36-.36L527.64 323.522c16.999-16.999 26.36-39.6 26.36-63.64s-9.362-46.641-26.36-63.64L331.397 0h48.721a48 48 0 0 1 33.941 14.059l211.882 211.882c18.745 18.745 18.745 49.137 0 67.882z\" fill=\"currentColor\"><\/path><\/svg><\/span>\n<\/div>\n\n\n\n<div>\n<h3 class=\"gb-text gb-text-e212c88f\">Solicitud de GST\/HST<\/h3>\n\n\n\n<p class=\"gb-text gb-text-6285c474\">Nos encargamos de su registro GST\/HST para garantizar el cumplimiento y el buen funcionamiento de su negocio desde el primer d\u00eda.<\/p>\n<\/div>\n<\/div>\n\n\n\n<div class=\"gb-element-cf2d6d79\">\n<div class=\"gb-element-5acd8455\">\n<span class=\"gb-shape gb-shape-5951415c\"><svg xmlns=\"http:\/\/www.w3.org\/2000\/svg\" viewbox=\"0 0 512 512\" width=\"1em\" height=\"1em\" aria-hidden=\"true\"><path d=\"M440 6.5L24 246.4c-34.4 19.9-31.1 70.8 5.7 85.9L144 379.6V464c0 46.4 59.2 65.5 86.6 28.6l43.8-59.1 111.9 46.2c5.9 2.4 12.1 3.6 18.3 3.6 8.2 0 16.3-2.1 23.6-6.2 12.8-7.2 21.6-20 23.9-34.5l59.4-387.2c6.1-40.1-36.9-68.8-71.5-48.9zM192 464v-64.6l36.6 15.1L192 464zm212.6-28.7l-153.8-63.5L391 169.5c10.7-15.5-9.5-33.5-23.7-21.2L155.8 332.6 48 288 464 48l-59.4 387.3z\" fill=\"currentColor\"><\/path><\/svg><\/span>\n<\/div>\n\n\n\n<div>\n<h3 class=\"gb-text gb-text-ce3a110b\">Configuraci\u00f3n de la corporaci\u00f3n<\/h3>\n\n\n\n<p class=\"gb-text gb-text-2d910756\">Gestionamos su proceso de constituci\u00f3n de empresa de forma r\u00e1pida y precisa, asegurando que se cumplan todos los requisitos documentales y fiscales.<\/p>\n<\/div>\n<\/div>\n<\/div>\n\n\n\n<div>\n<div class=\"gb-element-081e9491\">\n<div class=\"gb-element-88306ec6\">\n<span class=\"gb-shape gb-shape-4ff12311\"><svg xmlns=\"http:\/\/www.w3.org\/2000\/svg\" viewbox=\"0 0 384 512\" width=\"1em\" height=\"1em\" aria-hidden=\"true\"><path d=\"M97.12 362.63c-8.69-8.69-4.16-6.24-25.12-11.85-9.51-2.55-17.87-7.45-25.43-13.32L1.2 448.7c-4.39 10.77 3.81 22.47 15.43 22.03l52.69-2.01L105.56 507c8 8.44 22.04 5.81 26.43-4.96l52.05-127.62c-10.84 6.04-22.87 9.58-35.31 9.58-19.5 0-37.82-7.59-51.61-21.37zM382.8 448.7l-45.37-111.24c-7.56 5.88-15.92 10.77-25.43 13.32-21.07 5.64-16.45 3.18-25.12 11.85-13.79 13.78-32.12 21.37-51.62 21.37-12.44 0-24.47-3.55-35.31-9.58L252 502.04c4.39 10.77 18.44 13.4 26.43 4.96l36.25-38.28 52.69 2.01c11.62.44 19.82-11.27 15.43-22.03zM263 340c15.28-15.55 17.03-14.21 38.79-20.14 13.89-3.79 24.75-14.84 28.47-28.98 7.48-28.4 5.54-24.97 25.95-45.75 10.17-10.35 14.14-25.44 10.42-39.58-7.47-28.38-7.48-24.42 0-52.83 3.72-14.14-.25-29.23-10.42-39.58-20.41-20.78-18.47-17.36-25.95-45.75-3.72-14.14-14.58-25.19-28.47-28.98-27.88-7.61-24.52-5.62-44.95-26.41-10.17-10.35-25-14.4-38.89-10.61-27.87 7.6-23.98 7.61-51.9 0-13.89-3.79-28.72.25-38.89 10.61-20.41 20.78-17.05 18.8-44.94 26.41-13.89 3.79-24.75 14.84-28.47 28.98-7.47 28.39-5.54 24.97-25.95 45.75-10.17 10.35-14.15 25.44-10.42 39.58 7.47 28.36 7.48 24.4 0 52.82-3.72 14.14.25 29.23 10.42 39.59 20.41 20.78 18.47 17.35 25.95 45.75 3.72 14.14 14.58 25.19 28.47 28.98C104.6 325.96 106.27 325 121 340c13.23 13.47 33.84 15.88 49.74 5.82a39.676 39.676 0 0 1 42.53 0c15.89 10.06 36.5 7.65 49.73-5.82zM97.66 175.96c0-53.03 42.24-96.02 94.34-96.02s94.34 42.99 94.34 96.02-42.24 96.02-94.34 96.02-94.34-42.99-94.34-96.02z\" fill=\"currentColor\"><\/path><\/svg><\/span>\n<\/div>\n\n\n\n<div>\n<h3 class=\"gb-text gb-text-21b95218\">Asesor\u00eda contable<\/h3>\n\n\n\n<p class=\"gb-text gb-text-51efbcca\">Le proporcionamos una orientaci\u00f3n financiera clara para ayudarle a tomar decisiones personales y empresariales informadas, gestionar sus gastos y planificar su estabilidad financiera a largo plazo.<\/p>\n<\/div>\n<\/div>\n\n\n\n<div class=\"gb-element-ef3bf546\">\n<div class=\"gb-element-97965c8f\">\n<span class=\"gb-shape gb-shape-49c07cd7\"><svg xmlns=\"http:\/\/www.w3.org\/2000\/svg\" viewbox=\"0 0 496 512\" width=\"1em\" height=\"1em\" aria-hidden=\"true\"><path d=\"M248 8C111 8 0 119 0 256s111 248 248 248 248-111 248-248S385 8 248 8zm0 96c48.6 0 88 39.4 88 88s-39.4 88-88 88-88-39.4-88-88 39.4-88 88-88zm0 344c-58.7 0-111.3-26.6-146.5-68.2 18.8-35.4 55.6-59.8 98.5-59.8 2.4 0 4.8.4 7.1 1.1 13 4.2 26.6 6.9 40.9 6.9 14.3 0 28-2.7 40.9-6.9 2.3-.7 4.7-1.1 7.1-1.1 42.9 0 79.7 24.4 98.5 59.8C359.3 421.4 306.7 448 248 448z\" fill=\"currentColor\"><\/path><\/svg><\/span>\n<\/div>\n\n\n\n<div>\n<h3 class=\"gb-text gb-text-e997cba5\">Prestaci\u00f3n por hijo<\/h3>\n\n\n\n<p class=\"gb-text gb-text-d8ce5ba8\">Le ayudamos con su solicitud de la Prestaci\u00f3n Canadiense por Hijos para que reciba el apoyo financiero al que tiene derecho.<\/p>\n<\/div>\n<\/div>\n\n\n\n<div class=\"gb-element-50d1699b\">\n<div class=\"gb-element-f8daf50d\">\n<span class=\"gb-shape gb-shape-b35bc724\"><svg xmlns=\"http:\/\/www.w3.org\/2000\/svg\" viewbox=\"0 0 576 512\" width=\"1em\" height=\"1em\" aria-hidden=\"true\"><path d=\"M259.3 17.8L194 150.2 47.9 171.5c-26.2 3.8-36.7 36.1-17.7 54.6l105.7 103-25 145.5c-4.5 26.3 23.2 46 46.4 33.7L288 439.6l130.7 68.7c23.2 12.2 50.9-7.4 46.4-33.7l-25-145.5 105.7-103c19-18.5 8.5-50.8-17.7-54.6L382 150.2 316.7 17.8c-11.7-23.6-45.6-23.9-57.4 0z\" fill=\"currentColor\"><\/path><\/svg><\/span>\n<\/div>\n\n\n\n<div>\n<h3 class=\"gb-text gb-text-8f00cd4b\">Constituci\u00f3n de una empresa unipersonal<\/h3>\n\n\n\n<p class=\"gb-text gb-text-f3fe5283\">Registramos su empresa unipersonal de manera eficiente, prepar\u00e1ndole para la correcta presentaci\u00f3n de impuestos y el cumplimiento normativo de su negocio.<\/p>\n<\/div>\n<\/div>\n<\/div>\n<\/div>\n<\/div>\n<\/div>\n\n\n\n<div class=\"gb-element-05af4973\">\n<div class=\"gbp-section__inner gb-element-1ec75493\">\n<div class=\"wp-block-columns is-layout-flex wp-container-core-columns-is-layout-9d6595d7 wp-block-columns-is-layout-flex\">\n<div class=\"wp-block-column is-vertically-aligned-center is-layout-flow wp-block-column-is-layout-flow\" style=\"flex-basis:66.66%\">\n<div class=\"gb-element-8102ac84\">\n<h2 class=\"gb-text\">Declaraci\u00f3n de impuestos individual (T1)<\/h2>\n\n\n\n<p class=\"gb-text\">Ofrecemos un servicio de preparaci\u00f3n y presentaci\u00f3n de declaraciones de impuestos personales preciso y eficiente, garantizando el cumplimiento de las normas y maximizando las deducciones a las que tiene derecho cada cliente.<\/p>\n\n\n\n<a class=\"gb-text gb-text-89026417\" href=\"https:\/\/app.acuityscheduling.com\/schedule.php?owner=24110137&#038;appointmentType=26616453\"><strong>Presentaci\u00f3n de impuestos del libro<\/strong><\/a>\n<\/div>\n<\/div>\n\n\n\n<div class=\"wp-block-column is-layout-flow wp-block-column-is-layout-flow\" style=\"flex-basis:33.33%\">\n<img loading=\"lazy\" decoding=\"async\" width=\"768\" height=\"768\" class=\"gbp--border-radius gb-media-5b105d29\" src=\"https:\/\/cynthiamedrano.ca\/wp-content\/uploads\/2025\/10\/tax-service-submission-square.jpg\" title=\"tax service submission\" alt=\"tax service submission\" srcset=\"https:\/\/cynthiamedrano.ca\/wp-content\/uploads\/2025\/10\/tax-service-submission-square.jpg 768w, https:\/\/cynthiamedrano.ca\/wp-content\/uploads\/2025\/10\/tax-service-submission-square-300x300.jpg 300w, https:\/\/cynthiamedrano.ca\/wp-content\/uploads\/2025\/10\/tax-service-submission-square-150x150.jpg 150w, https:\/\/cynthiamedrano.ca\/wp-content\/uploads\/2025\/10\/tax-service-submission-square-12x12.jpg 12w\" sizes=\"auto, (max-width: 768px) 100vw, 768px\" \/>\n<\/div>\n<\/div>\n<\/div>\n<\/div>","protected":false},"excerpt":{"rendered":"<p>Individual Tax &amp; Financial Services We assist individuals with tax preparation, GST\/HST applications, and child benefit claims. Our team ensures all filings are accurate, timely, and compliant with CRA requirements. Whether you are self-employed or managing personal finances, we help you organize your records, identify eligible deductions, and maximize available credits. With our accounting advisory &#8230; <a title=\"Para particulares\" class=\"read-more\" href=\"https:\/\/cynthiamedrano.ca\/es\/services\/individuals\/\" aria-label=\"Leer m\u00e1s sobre For Individuals\">Leer m\u00e1s<\/a><\/p>","protected":false},"author":1,"featured_media":0,"parent":35209,"menu_order":0,"comment_status":"closed","ping_status":"closed","template":"","meta":{"footnotes":""},"class_list":["post-47272","page","type-page","status-publish"],"yoast_head":"<!-- This site is optimized with the Yoast SEO plugin v27.2 - https:\/\/yoast.com\/product\/yoast-seo-wordpress\/ -->\n<title>Personal Tax Services | CM&amp;A Bookkeeping and Tax Services Inc.<\/title>\n<meta name=\"description\" content=\"CM&amp;A Bookkeeping and Tax Services Inc. offers personal tax preparation, GST\/HST registration, sole proprietorship setup, and accounting advisory across Canada. We ensure accuracy, compliance, and maximum deductions for every client.\" \/>\n<meta name=\"robots\" content=\"index, follow, max-snippet:-1, max-image-preview:large, max-video-preview:-1\" \/>\n<link rel=\"canonical\" href=\"https:\/\/cynthiamedrano.ca\/es\/services\/individuals\/\" \/>\n<meta property=\"og:locale\" content=\"es_ES\" \/>\n<meta property=\"og:type\" content=\"article\" \/>\n<meta property=\"og:title\" content=\"Personal Tax Services | CM&amp;A Bookkeeping and Tax Services Inc.\" \/>\n<meta property=\"og:description\" content=\"CM&amp;A Bookkeeping and Tax Services Inc. offers personal tax preparation, GST\/HST registration, sole proprietorship setup, and accounting advisory across Canada. We ensure accuracy, compliance, and maximum deductions for every client.\" \/>\n<meta property=\"og:url\" content=\"https:\/\/cynthiamedrano.ca\/es\/services\/individuals\/\" \/>\n<meta property=\"og:site_name\" content=\"CM&amp;A Bookkeeping\" \/>\n<meta property=\"article:modified_time\" content=\"2025-11-14T05:07:16+00:00\" \/>\n<meta property=\"og:image\" content=\"https:\/\/cynthiamedrano.ca\/wp-content\/uploads\/2025\/10\/taxes-cma-2-e1761776751856.jpg\" \/>\n<meta name=\"twitter:card\" content=\"summary_large_image\" \/>\n<meta name=\"twitter:label1\" content=\"Tiempo de lectura\" \/>\n\t<meta name=\"twitter:data1\" content=\"2 minutos\" \/>\n<script type=\"application\/ld+json\" class=\"yoast-schema-graph\">{\"@context\":\"https:\/\/schema.org\",\"@graph\":[{\"@type\":\"WebPage\",\"@id\":\"https:\/\/cynthiamedrano.ca\/services\/individuals\/\",\"url\":\"https:\/\/cynthiamedrano.ca\/services\/individuals\/\",\"name\":\"Personal Tax Services | CM&A Bookkeeping and Tax Services Inc.\",\"isPartOf\":{\"@id\":\"https:\/\/cynthiamedrano.ca\/#website\"},\"primaryImageOfPage\":{\"@id\":\"https:\/\/cynthiamedrano.ca\/services\/individuals\/#primaryimage\"},\"image\":{\"@id\":\"https:\/\/cynthiamedrano.ca\/services\/individuals\/#primaryimage\"},\"thumbnailUrl\":\"https:\/\/cynthiamedrano.ca\/wp-content\/uploads\/2025\/10\/taxes-cma-2-e1761776751856.jpg\",\"datePublished\":\"2025-10-28T19:19:17+00:00\",\"dateModified\":\"2025-11-14T05:07:16+00:00\",\"description\":\"CM&A Bookkeeping and Tax Services Inc. offers personal tax preparation, GST\/HST registration, sole proprietorship setup, and accounting advisory across Canada. We ensure accuracy, compliance, and maximum deductions for every client.\",\"breadcrumb\":{\"@id\":\"https:\/\/cynthiamedrano.ca\/services\/individuals\/#breadcrumb\"},\"inLanguage\":\"es\",\"potentialAction\":[{\"@type\":\"ReadAction\",\"target\":[\"https:\/\/cynthiamedrano.ca\/services\/individuals\/\"]}]},{\"@type\":\"ImageObject\",\"inLanguage\":\"es\",\"@id\":\"https:\/\/cynthiamedrano.ca\/services\/individuals\/#primaryimage\",\"url\":\"https:\/\/cynthiamedrano.ca\/wp-content\/uploads\/2025\/10\/taxes-cma-2-e1761776751856.jpg\",\"contentUrl\":\"https:\/\/cynthiamedrano.ca\/wp-content\/uploads\/2025\/10\/taxes-cma-2-e1761776751856.jpg\"},{\"@type\":\"BreadcrumbList\",\"@id\":\"https:\/\/cynthiamedrano.ca\/services\/individuals\/#breadcrumb\",\"itemListElement\":[{\"@type\":\"ListItem\",\"position\":1,\"name\":\"Home\",\"item\":\"https:\/\/cynthiamedrano.ca\/\"},{\"@type\":\"ListItem\",\"position\":2,\"name\":\"Services\",\"item\":\"https:\/\/cynthiamedrano.ca\/services\/\"},{\"@type\":\"ListItem\",\"position\":3,\"name\":\"For Individuals\"}]},{\"@type\":\"WebSite\",\"@id\":\"https:\/\/cynthiamedrano.ca\/#website\",\"url\":\"https:\/\/cynthiamedrano.ca\/\",\"name\":\"CM&amp;A Bookkeeping\",\"description\":\"\",\"publisher\":{\"@id\":\"https:\/\/cynthiamedrano.ca\/#organization\"},\"potentialAction\":[{\"@type\":\"SearchAction\",\"target\":{\"@type\":\"EntryPoint\",\"urlTemplate\":\"https:\/\/cynthiamedrano.ca\/?s={search_term_string}\"},\"query-input\":{\"@type\":\"PropertyValueSpecification\",\"valueRequired\":true,\"valueName\":\"search_term_string\"}}],\"inLanguage\":\"es\"},{\"@type\":\"Organization\",\"@id\":\"https:\/\/cynthiamedrano.ca\/#organization\",\"name\":\"CM&amp;A Bookkeeping\",\"url\":\"https:\/\/cynthiamedrano.ca\/\",\"logo\":{\"@type\":\"ImageObject\",\"inLanguage\":\"es\",\"@id\":\"https:\/\/cynthiamedrano.ca\/#\/schema\/logo\/image\/\",\"url\":\"https:\/\/cynthiamedrano.ca\/wp-content\/uploads\/2025\/10\/cma-logo-black.png\",\"contentUrl\":\"https:\/\/cynthiamedrano.ca\/wp-content\/uploads\/2025\/10\/cma-logo-black.png\",\"width\":601,\"height\":201,\"caption\":\"CM&amp;A Bookkeeping\"},\"image\":{\"@id\":\"https:\/\/cynthiamedrano.ca\/#\/schema\/logo\/image\/\"}}]}<\/script>\n<!-- \/ Yoast SEO plugin. -->","yoast_head_json":{"title":"Personal Tax Services | CM&A Bookkeeping and Tax Services Inc.","description":"CM&A Bookkeeping and Tax Services Inc. offers personal tax preparation, GST\/HST registration, sole proprietorship setup, and accounting advisory across Canada. We ensure accuracy, compliance, and maximum deductions for every client.","robots":{"index":"index","follow":"follow","max-snippet":"max-snippet:-1","max-image-preview":"max-image-preview:large","max-video-preview":"max-video-preview:-1"},"canonical":"https:\/\/cynthiamedrano.ca\/es\/services\/individuals\/","og_locale":"es_ES","og_type":"article","og_title":"Personal Tax Services | CM&A Bookkeeping and Tax Services Inc.","og_description":"CM&A Bookkeeping and Tax Services Inc. offers personal tax preparation, GST\/HST registration, sole proprietorship setup, and accounting advisory across Canada. We ensure accuracy, compliance, and maximum deductions for every client.","og_url":"https:\/\/cynthiamedrano.ca\/es\/services\/individuals\/","og_site_name":"CM&amp;A Bookkeeping","article_modified_time":"2025-11-14T05:07:16+00:00","og_image":[{"url":"https:\/\/cynthiamedrano.ca\/wp-content\/uploads\/2025\/10\/taxes-cma-2-e1761776751856.jpg","type":"","width":"","height":""}],"twitter_card":"summary_large_image","twitter_misc":{"Tiempo de lectura":"2 minutos"},"schema":{"@context":"https:\/\/schema.org","@graph":[{"@type":"WebPage","@id":"https:\/\/cynthiamedrano.ca\/services\/individuals\/","url":"https:\/\/cynthiamedrano.ca\/services\/individuals\/","name":"Personal Tax Services | CM&A Bookkeeping and Tax Services Inc.","isPartOf":{"@id":"https:\/\/cynthiamedrano.ca\/#website"},"primaryImageOfPage":{"@id":"https:\/\/cynthiamedrano.ca\/services\/individuals\/#primaryimage"},"image":{"@id":"https:\/\/cynthiamedrano.ca\/services\/individuals\/#primaryimage"},"thumbnailUrl":"https:\/\/cynthiamedrano.ca\/wp-content\/uploads\/2025\/10\/taxes-cma-2-e1761776751856.jpg","datePublished":"2025-10-28T19:19:17+00:00","dateModified":"2025-11-14T05:07:16+00:00","description":"CM&A Bookkeeping and Tax Services Inc. offers personal tax preparation, GST\/HST registration, sole proprietorship setup, and accounting advisory across Canada. We ensure accuracy, compliance, and maximum deductions for every client.","breadcrumb":{"@id":"https:\/\/cynthiamedrano.ca\/services\/individuals\/#breadcrumb"},"inLanguage":"es","potentialAction":[{"@type":"ReadAction","target":["https:\/\/cynthiamedrano.ca\/services\/individuals\/"]}]},{"@type":"ImageObject","inLanguage":"es","@id":"https:\/\/cynthiamedrano.ca\/services\/individuals\/#primaryimage","url":"https:\/\/cynthiamedrano.ca\/wp-content\/uploads\/2025\/10\/taxes-cma-2-e1761776751856.jpg","contentUrl":"https:\/\/cynthiamedrano.ca\/wp-content\/uploads\/2025\/10\/taxes-cma-2-e1761776751856.jpg"},{"@type":"BreadcrumbList","@id":"https:\/\/cynthiamedrano.ca\/services\/individuals\/#breadcrumb","itemListElement":[{"@type":"ListItem","position":1,"name":"Home","item":"https:\/\/cynthiamedrano.ca\/"},{"@type":"ListItem","position":2,"name":"Services","item":"https:\/\/cynthiamedrano.ca\/services\/"},{"@type":"ListItem","position":3,"name":"For Individuals"}]},{"@type":"WebSite","@id":"https:\/\/cynthiamedrano.ca\/#website","url":"https:\/\/cynthiamedrano.ca\/","name":"CM&amp;A Bookkeeping","description":"","publisher":{"@id":"https:\/\/cynthiamedrano.ca\/#organization"},"potentialAction":[{"@type":"SearchAction","target":{"@type":"EntryPoint","urlTemplate":"https:\/\/cynthiamedrano.ca\/?s={search_term_string}"},"query-input":{"@type":"PropertyValueSpecification","valueRequired":true,"valueName":"search_term_string"}}],"inLanguage":"es"},{"@type":"Organization","@id":"https:\/\/cynthiamedrano.ca\/#organization","name":"CM&amp;A Bookkeeping","url":"https:\/\/cynthiamedrano.ca\/","logo":{"@type":"ImageObject","inLanguage":"es","@id":"https:\/\/cynthiamedrano.ca\/#\/schema\/logo\/image\/","url":"https:\/\/cynthiamedrano.ca\/wp-content\/uploads\/2025\/10\/cma-logo-black.png","contentUrl":"https:\/\/cynthiamedrano.ca\/wp-content\/uploads\/2025\/10\/cma-logo-black.png","width":601,"height":201,"caption":"CM&amp;A Bookkeeping"},"image":{"@id":"https:\/\/cynthiamedrano.ca\/#\/schema\/logo\/image\/"}}]}},"_links":{"self":[{"href":"https:\/\/cynthiamedrano.ca\/es\/wp-json\/wp\/v2\/pages\/47272","targetHints":{"allow":["GET"]}}],"collection":[{"href":"https:\/\/cynthiamedrano.ca\/es\/wp-json\/wp\/v2\/pages"}],"about":[{"href":"https:\/\/cynthiamedrano.ca\/es\/wp-json\/wp\/v2\/types\/page"}],"author":[{"embeddable":true,"href":"https:\/\/cynthiamedrano.ca\/es\/wp-json\/wp\/v2\/users\/1"}],"replies":[{"embeddable":true,"href":"https:\/\/cynthiamedrano.ca\/es\/wp-json\/wp\/v2\/comments?post=47272"}],"version-history":[{"count":0,"href":"https:\/\/cynthiamedrano.ca\/es\/wp-json\/wp\/v2\/pages\/47272\/revisions"}],"up":[{"embeddable":true,"href":"https:\/\/cynthiamedrano.ca\/es\/wp-json\/wp\/v2\/pages\/35209"}],"wp:attachment":[{"href":"https:\/\/cynthiamedrano.ca\/es\/wp-json\/wp\/v2\/media?parent=47272"}],"curies":[{"name":"wp","href":"https:\/\/api.w.org\/{rel}","templated":true}]}}