{"id":47445,"date":"2025-10-29T06:06:36","date_gmt":"2025-10-29T06:06:36","guid":{"rendered":"https:\/\/cynthiamedrano.ca\/?page_id=47445"},"modified":"2025-11-05T06:18:06","modified_gmt":"2025-11-05T06:18:06","slug":"general-consultation","status":"publish","type":"page","link":"https:\/\/cynthiamedrano.ca\/es\/services\/general-consultation\/","title":{"rendered":"Consulta General"},"content":{"rendered":"<div class=\"gbp-section gb-element-31c1bc7d\">\n<div class=\"gbp-section__inner gb-element-e4df4dfb\">\n<div class=\"gb-element-e608466b\">\n<div class=\"gb-element-ba1f0adb\">\n<h1 class=\"gb-text\">Consulta General<\/h1>\n\n\n\n<p class=\"gb-text gb-text-879492f4\">Nuestro servicio de Consultor\u00eda General ofrece asesoramiento personalizado a particulares, empresas y aut\u00f3nomos. Ofrecemos asesoramiento experto en planificaci\u00f3n fiscal, contabilidad y gesti\u00f3n financiera para ayudarle a tomar decisiones informadas y optimizar sus operaciones.<\/p>\n\n\n\n<div class=\"gb-element-ade78910\">\n<p class=\"gb-text-f4147729\"><span class=\"gb-shape\"><svg aria-hidden=\"true\" role=\"img\" height=\"1em\" width=\"1em\" viewbox=\"0 0 512 512\" xmlns=\"http:\/\/www.w3.org\/2000\/svg\"><path fill=\"currentColor\" d=\"M173.898 439.404l-166.4-166.4c-9.997-9.997-9.997-26.206 0-36.204l36.203-36.204c9.997-9.998 26.207-9.998 36.204 0L192 312.69 432.095 72.596c9.997-9.997 26.207-9.997 36.204 0l36.203 36.204c9.997 9.997 9.997 26.206 0 36.204l-294.4 294.401c-9.998 9.997-26.207 9.997-36.204-.001z\"><\/path><\/svg><\/span><span class=\"gb-text\">Revisi\u00f3n inicial de su situaci\u00f3n financiera<\/span><\/p>\n\n\n\n<p class=\"gb-text-4165fd15\"><span class=\"gb-shape\"><svg aria-hidden=\"true\" role=\"img\" height=\"1em\" width=\"1em\" viewbox=\"0 0 512 512\" xmlns=\"http:\/\/www.w3.org\/2000\/svg\"><path fill=\"currentColor\" d=\"M173.898 439.404l-166.4-166.4c-9.997-9.997-9.997-26.206 0-36.204l36.203-36.204c9.997-9.998 26.207-9.998 36.204 0L192 312.69 432.095 72.596c9.997-9.997 26.207-9.997 36.204 0l36.203 36.204c9.997 9.997 9.997 26.206 0 36.204l-294.4 294.401c-9.998 9.997-26.207 9.997-36.204-.001z\"><\/path><\/svg><\/span><span class=\"gb-text\">Asesoramiento estrat\u00e9gico en planificaci\u00f3n y cumplimiento tributario<\/span><\/p>\n\n\n\n<p class=\"gb-text-6152c4e3\"><span class=\"gb-shape\"><svg aria-hidden=\"true\" role=\"img\" height=\"1em\" width=\"1em\" viewbox=\"0 0 512 512\" xmlns=\"http:\/\/www.w3.org\/2000\/svg\"><path fill=\"currentColor\" d=\"M173.898 439.404l-166.4-166.4c-9.997-9.997-9.997-26.206 0-36.204l36.203-36.204c9.997-9.998 26.207-9.998 36.204 0L192 312.69 432.095 72.596c9.997-9.997 26.207-9.997 36.204 0l36.203 36.204c9.997 9.997 9.997 26.206 0 36.204l-294.4 294.401c-9.998 9.997-26.207 9.997-36.204-.001z\"><\/path><\/svg><\/span><span class=\"gb-text\">Recomendaciones para mejorar la contabilidad<\/span><\/p>\n\n\n\n<p class=\"gb-text-26c36dee\"><span class=\"gb-shape\"><svg aria-hidden=\"true\" role=\"img\" height=\"1em\" width=\"1em\" viewbox=\"0 0 512 512\" xmlns=\"http:\/\/www.w3.org\/2000\/svg\"><path fill=\"currentColor\" d=\"M173.898 439.404l-166.4-166.4c-9.997-9.997-9.997-26.206 0-36.204l36.203-36.204c9.997-9.998 26.207-9.998 36.204 0L192 312.69 432.095 72.596c9.997-9.997 26.207-9.997 36.204 0l36.203 36.204c9.997 9.997 9.997 26.206 0 36.204l-294.4 294.401c-9.998 9.997-26.207 9.997-36.204-.001z\"><\/path><\/svg><\/span><span class=\"gb-text\">Asistencia con consultas y presentaciones ante la Agencia Tributaria de Canad\u00e1 (CRA)<\/span><\/p>\n<\/div>\n\n\n\n<div class=\"gb-element-c28fc3a6\">\n<a class=\"gb-text gb-text-3064d0d2\" href=\"https:\/\/app.acuityscheduling.com\/schedule.php?owner=24110137&#038;appointmentType=26803638\"><strong>Reservar tu Consulta General<\/strong><\/a>\n<\/div>\n<\/div>\n\n\n\n<div class=\"gb-element-18278585\">\n<figure class=\"wp-block-image size-full is-style-default wp-duotone-unset-1\"><img loading=\"lazy\" decoding=\"async\" width=\"768\" height=\"1026\" src=\"https:\/\/cynthiamedrano.ca\/wp-content\/uploads\/2025\/10\/contact-bookkeeping-1-e1761717962588.jpg\" alt=\"contact-bookkeeping\" class=\"wp-image-47447\" srcset=\"https:\/\/cynthiamedrano.ca\/wp-content\/uploads\/2025\/10\/contact-bookkeeping-1-e1761717962588.jpg 768w, https:\/\/cynthiamedrano.ca\/wp-content\/uploads\/2025\/10\/contact-bookkeeping-1-e1761717962588-225x300.jpg 225w, https:\/\/cynthiamedrano.ca\/wp-content\/uploads\/2025\/10\/contact-bookkeeping-1-e1761717962588-767x1024.jpg 767w, https:\/\/cynthiamedrano.ca\/wp-content\/uploads\/2025\/10\/contact-bookkeeping-1-e1761717962588-9x12.jpg 9w\" sizes=\"auto, (max-width: 768px) 100vw, 768px\" \/><\/figure>\n<\/div>\n<\/div>\n<\/div>\n<\/div>\n\n\n\n<div class=\"gbp-section gb-element-1e39b1c3\">\n<div class=\"gbp-section__inner gb-element-c80167c7\">\n<div class=\"gb-element-848e27de\">\n<div class=\"gb-element-a71a72f7\"><\/div>\n\n\n\n<div class=\"gb-element-c7579818\">\n<h3 class=\"gb-text gb-text-1112cfa6\">\u00bfTienes preguntas o necesitas ayuda? Env\u00edanos un mensaje.<\/h3>\n\n\n\n<p class=\"wpcf7-contact-form-not-found\"><strong>Error:<\/strong> Formulario de contacto no encontrado.<\/p>\n<\/div>\n<\/div>\n<\/div>\n<\/div>","protected":false},"excerpt":{"rendered":"<p>General Consultation Our General Consultation service provides tailored guidance for individuals, corporations, and sole proprietorships. We offer expert advice on tax planning, bookkeeping, and financial management to help you make informed decisions and optimize your operations. Initial review of your financial situation Strategic advice for tax planning and compliance Recommendations for bookkeeping improvements Assistance with &#8230; <a title=\"Consulta General\" class=\"read-more\" href=\"https:\/\/cynthiamedrano.ca\/es\/services\/general-consultation\/\" aria-label=\"Leer m\u00e1s sobre General Consultation\">Leer m\u00e1s<\/a><\/p>","protected":false},"author":1,"featured_media":0,"parent":35209,"menu_order":0,"comment_status":"closed","ping_status":"closed","template":"","meta":{"footnotes":""},"class_list":["post-47445","page","type-page","status-publish"],"yoast_head":"<!-- This site is optimized with the Yoast SEO plugin v27.2 - https:\/\/yoast.com\/product\/yoast-seo-wordpress\/ -->\n<title>General Consultation | CM&amp;A Bookkeeping and Tax Services Inc.<\/title>\n<meta name=\"description\" content=\"CM&amp;A Bookkeeping and Tax Services Inc. offers personalized financial consultations for individuals, corporations, and sole proprietorships in Vancouver. Get expert advice on tax planning, bookkeeping, and CRA compliance to optimize your financial decisions.\" \/>\n<meta name=\"robots\" content=\"index, follow, max-snippet:-1, max-image-preview:large, max-video-preview:-1\" \/>\n<link rel=\"canonical\" href=\"https:\/\/cynthiamedrano.ca\/es\/services\/general-consultation\/\" \/>\n<meta property=\"og:locale\" content=\"es_ES\" \/>\n<meta property=\"og:type\" content=\"article\" \/>\n<meta property=\"og:title\" content=\"General Consultation | CM&amp;A Bookkeeping and Tax Services Inc.\" \/>\n<meta property=\"og:description\" content=\"CM&amp;A Bookkeeping and Tax Services Inc. offers personalized financial consultations for individuals, corporations, and sole proprietorships in Vancouver. Get expert advice on tax planning, bookkeeping, and CRA compliance to optimize your financial decisions.\" \/>\n<meta property=\"og:url\" content=\"https:\/\/cynthiamedrano.ca\/es\/services\/general-consultation\/\" \/>\n<meta property=\"og:site_name\" content=\"CM&amp;A Bookkeeping\" \/>\n<meta property=\"article:modified_time\" content=\"2025-11-05T06:18:06+00:00\" \/>\n<meta property=\"og:image\" content=\"https:\/\/cynthiamedrano.ca\/wp-content\/uploads\/2025\/10\/contact-bookkeeping-1-e1761717962588.jpg\" \/>\n\t<meta property=\"og:image:width\" content=\"768\" \/>\n\t<meta property=\"og:image:height\" content=\"1026\" \/>\n\t<meta property=\"og:image:type\" content=\"image\/jpeg\" \/>\n<meta name=\"twitter:card\" content=\"summary_large_image\" \/>\n<meta name=\"twitter:label1\" content=\"Tiempo de lectura\" \/>\n\t<meta name=\"twitter:data1\" content=\"1 minuto\" \/>\n<script type=\"application\/ld+json\" class=\"yoast-schema-graph\">{\"@context\":\"https:\/\/schema.org\",\"@graph\":[{\"@type\":\"WebPage\",\"@id\":\"https:\/\/cynthiamedrano.ca\/services\/general-consultation\/\",\"url\":\"https:\/\/cynthiamedrano.ca\/services\/general-consultation\/\",\"name\":\"General Consultation | CM&A Bookkeeping and Tax Services Inc.\",\"isPartOf\":{\"@id\":\"https:\/\/cynthiamedrano.ca\/#website\"},\"primaryImageOfPage\":{\"@id\":\"https:\/\/cynthiamedrano.ca\/services\/general-consultation\/#primaryimage\"},\"image\":{\"@id\":\"https:\/\/cynthiamedrano.ca\/services\/general-consultation\/#primaryimage\"},\"thumbnailUrl\":\"https:\/\/cynthiamedrano.ca\/wp-content\/uploads\/2025\/10\/contact-bookkeeping-1-e1761717962588.jpg\",\"datePublished\":\"2025-10-29T06:06:36+00:00\",\"dateModified\":\"2025-11-05T06:18:06+00:00\",\"description\":\"CM&A Bookkeeping and Tax Services Inc. offers personalized financial consultations for individuals, corporations, and sole proprietorships in Vancouver. Get expert advice on tax planning, bookkeeping, and CRA compliance to optimize your financial decisions.\",\"breadcrumb\":{\"@id\":\"https:\/\/cynthiamedrano.ca\/services\/general-consultation\/#breadcrumb\"},\"inLanguage\":\"es\",\"potentialAction\":[{\"@type\":\"ReadAction\",\"target\":[\"https:\/\/cynthiamedrano.ca\/services\/general-consultation\/\"]}]},{\"@type\":\"ImageObject\",\"inLanguage\":\"es\",\"@id\":\"https:\/\/cynthiamedrano.ca\/services\/general-consultation\/#primaryimage\",\"url\":\"https:\/\/cynthiamedrano.ca\/wp-content\/uploads\/2025\/10\/contact-bookkeeping-1-e1761717962588.jpg\",\"contentUrl\":\"https:\/\/cynthiamedrano.ca\/wp-content\/uploads\/2025\/10\/contact-bookkeeping-1-e1761717962588.jpg\"},{\"@type\":\"BreadcrumbList\",\"@id\":\"https:\/\/cynthiamedrano.ca\/services\/general-consultation\/#breadcrumb\",\"itemListElement\":[{\"@type\":\"ListItem\",\"position\":1,\"name\":\"Home\",\"item\":\"https:\/\/cynthiamedrano.ca\/\"},{\"@type\":\"ListItem\",\"position\":2,\"name\":\"Services\",\"item\":\"https:\/\/cynthiamedrano.ca\/services\/\"},{\"@type\":\"ListItem\",\"position\":3,\"name\":\"General Consultation\"}]},{\"@type\":\"WebSite\",\"@id\":\"https:\/\/cynthiamedrano.ca\/#website\",\"url\":\"https:\/\/cynthiamedrano.ca\/\",\"name\":\"CM&amp;A Bookkeeping\",\"description\":\"\",\"publisher\":{\"@id\":\"https:\/\/cynthiamedrano.ca\/#organization\"},\"potentialAction\":[{\"@type\":\"SearchAction\",\"target\":{\"@type\":\"EntryPoint\",\"urlTemplate\":\"https:\/\/cynthiamedrano.ca\/?s={search_term_string}\"},\"query-input\":{\"@type\":\"PropertyValueSpecification\",\"valueRequired\":true,\"valueName\":\"search_term_string\"}}],\"inLanguage\":\"es\"},{\"@type\":\"Organization\",\"@id\":\"https:\/\/cynthiamedrano.ca\/#organization\",\"name\":\"CM&amp;A Bookkeeping\",\"url\":\"https:\/\/cynthiamedrano.ca\/\",\"logo\":{\"@type\":\"ImageObject\",\"inLanguage\":\"es\",\"@id\":\"https:\/\/cynthiamedrano.ca\/#\/schema\/logo\/image\/\",\"url\":\"https:\/\/cynthiamedrano.ca\/wp-content\/uploads\/2025\/10\/cma-logo-black.png\",\"contentUrl\":\"https:\/\/cynthiamedrano.ca\/wp-content\/uploads\/2025\/10\/cma-logo-black.png\",\"width\":601,\"height\":201,\"caption\":\"CM&amp;A Bookkeeping\"},\"image\":{\"@id\":\"https:\/\/cynthiamedrano.ca\/#\/schema\/logo\/image\/\"}}]}<\/script>\n<!-- \/ Yoast SEO plugin. -->","yoast_head_json":{"title":"General Consultation | CM&A Bookkeeping and Tax Services Inc.","description":"CM&A Bookkeeping and Tax Services Inc. offers personalized financial consultations for individuals, corporations, and sole proprietorships in Vancouver. Get expert advice on tax planning, bookkeeping, and CRA compliance to optimize your financial decisions.","robots":{"index":"index","follow":"follow","max-snippet":"max-snippet:-1","max-image-preview":"max-image-preview:large","max-video-preview":"max-video-preview:-1"},"canonical":"https:\/\/cynthiamedrano.ca\/es\/services\/general-consultation\/","og_locale":"es_ES","og_type":"article","og_title":"General Consultation | CM&A Bookkeeping and Tax Services Inc.","og_description":"CM&A Bookkeeping and Tax Services Inc. offers personalized financial consultations for individuals, corporations, and sole proprietorships in Vancouver. Get expert advice on tax planning, bookkeeping, and CRA compliance to optimize your financial decisions.","og_url":"https:\/\/cynthiamedrano.ca\/es\/services\/general-consultation\/","og_site_name":"CM&amp;A Bookkeeping","article_modified_time":"2025-11-05T06:18:06+00:00","og_image":[{"width":768,"height":1026,"url":"https:\/\/cynthiamedrano.ca\/wp-content\/uploads\/2025\/10\/contact-bookkeeping-1-e1761717962588.jpg","type":"image\/jpeg"}],"twitter_card":"summary_large_image","twitter_misc":{"Tiempo de lectura":"1 minuto"},"schema":{"@context":"https:\/\/schema.org","@graph":[{"@type":"WebPage","@id":"https:\/\/cynthiamedrano.ca\/services\/general-consultation\/","url":"https:\/\/cynthiamedrano.ca\/services\/general-consultation\/","name":"General Consultation | CM&A Bookkeeping and Tax Services Inc.","isPartOf":{"@id":"https:\/\/cynthiamedrano.ca\/#website"},"primaryImageOfPage":{"@id":"https:\/\/cynthiamedrano.ca\/services\/general-consultation\/#primaryimage"},"image":{"@id":"https:\/\/cynthiamedrano.ca\/services\/general-consultation\/#primaryimage"},"thumbnailUrl":"https:\/\/cynthiamedrano.ca\/wp-content\/uploads\/2025\/10\/contact-bookkeeping-1-e1761717962588.jpg","datePublished":"2025-10-29T06:06:36+00:00","dateModified":"2025-11-05T06:18:06+00:00","description":"CM&A Bookkeeping and Tax Services Inc. offers personalized financial consultations for individuals, corporations, and sole proprietorships in Vancouver. Get expert advice on tax planning, bookkeeping, and CRA compliance to optimize your financial decisions.","breadcrumb":{"@id":"https:\/\/cynthiamedrano.ca\/services\/general-consultation\/#breadcrumb"},"inLanguage":"es","potentialAction":[{"@type":"ReadAction","target":["https:\/\/cynthiamedrano.ca\/services\/general-consultation\/"]}]},{"@type":"ImageObject","inLanguage":"es","@id":"https:\/\/cynthiamedrano.ca\/services\/general-consultation\/#primaryimage","url":"https:\/\/cynthiamedrano.ca\/wp-content\/uploads\/2025\/10\/contact-bookkeeping-1-e1761717962588.jpg","contentUrl":"https:\/\/cynthiamedrano.ca\/wp-content\/uploads\/2025\/10\/contact-bookkeeping-1-e1761717962588.jpg"},{"@type":"BreadcrumbList","@id":"https:\/\/cynthiamedrano.ca\/services\/general-consultation\/#breadcrumb","itemListElement":[{"@type":"ListItem","position":1,"name":"Home","item":"https:\/\/cynthiamedrano.ca\/"},{"@type":"ListItem","position":2,"name":"Services","item":"https:\/\/cynthiamedrano.ca\/services\/"},{"@type":"ListItem","position":3,"name":"General Consultation"}]},{"@type":"WebSite","@id":"https:\/\/cynthiamedrano.ca\/#website","url":"https:\/\/cynthiamedrano.ca\/","name":"CM&amp;A Bookkeeping","description":"","publisher":{"@id":"https:\/\/cynthiamedrano.ca\/#organization"},"potentialAction":[{"@type":"SearchAction","target":{"@type":"EntryPoint","urlTemplate":"https:\/\/cynthiamedrano.ca\/?s={search_term_string}"},"query-input":{"@type":"PropertyValueSpecification","valueRequired":true,"valueName":"search_term_string"}}],"inLanguage":"es"},{"@type":"Organization","@id":"https:\/\/cynthiamedrano.ca\/#organization","name":"CM&amp;A Bookkeeping","url":"https:\/\/cynthiamedrano.ca\/","logo":{"@type":"ImageObject","inLanguage":"es","@id":"https:\/\/cynthiamedrano.ca\/#\/schema\/logo\/image\/","url":"https:\/\/cynthiamedrano.ca\/wp-content\/uploads\/2025\/10\/cma-logo-black.png","contentUrl":"https:\/\/cynthiamedrano.ca\/wp-content\/uploads\/2025\/10\/cma-logo-black.png","width":601,"height":201,"caption":"CM&amp;A Bookkeeping"},"image":{"@id":"https:\/\/cynthiamedrano.ca\/#\/schema\/logo\/image\/"}}]}},"_links":{"self":[{"href":"https:\/\/cynthiamedrano.ca\/es\/wp-json\/wp\/v2\/pages\/47445","targetHints":{"allow":["GET"]}}],"collection":[{"href":"https:\/\/cynthiamedrano.ca\/es\/wp-json\/wp\/v2\/pages"}],"about":[{"href":"https:\/\/cynthiamedrano.ca\/es\/wp-json\/wp\/v2\/types\/page"}],"author":[{"embeddable":true,"href":"https:\/\/cynthiamedrano.ca\/es\/wp-json\/wp\/v2\/users\/1"}],"replies":[{"embeddable":true,"href":"https:\/\/cynthiamedrano.ca\/es\/wp-json\/wp\/v2\/comments?post=47445"}],"version-history":[{"count":0,"href":"https:\/\/cynthiamedrano.ca\/es\/wp-json\/wp\/v2\/pages\/47445\/revisions"}],"up":[{"embeddable":true,"href":"https:\/\/cynthiamedrano.ca\/es\/wp-json\/wp\/v2\/pages\/35209"}],"wp:attachment":[{"href":"https:\/\/cynthiamedrano.ca\/es\/wp-json\/wp\/v2\/media?parent=47445"}],"curies":[{"name":"wp","href":"https:\/\/api.w.org\/{rel}","templated":true}]}}