{"id":47824,"date":"2026-01-05T05:37:07","date_gmt":"2026-01-05T05:37:07","guid":{"rendered":"https:\/\/cynthiamedrano.ca\/?page_id=47824"},"modified":"2026-03-20T16:21:43","modified_gmt":"2026-03-20T16:21:43","slug":"tutorials","status":"publish","type":"page","link":"https:\/\/cynthiamedrano.ca\/es\/tutorials\/","title":{"rendered":"Tutoriales"},"content":{"rendered":"<div class=\"gb-element-4b756578\">\n<p class=\"translation-block\">Bienvenido a nuestros <strong>Recursos y Tutoriales<\/strong>. Aqu\u00ed encontrar\u00e1 tutoriales pr\u00e1cticos paso a paso, dise\u00f1ados para simplificar sus tareas fiscales y administrativas. Hemos seleccionado estas gu\u00edas para ayudarle a navegar procesos clave, como el registro en la CRA y la representaci\u00f3n adecuada, y ampliaremos continuamente esta biblioteca con nuevos temas para apoyar a su negocio. Nuestro objetivo es brindarle las herramientas que necesita para gestionar sus obligaciones con confianza y claridad.<\/p>\n<\/div>\n\n\n\n<div>\n<div class=\"gbp-section__inner gb-element-71b0b80f\">\n<div class=\"gb-element-e0d266a3\">\n<div class=\"gb-element-976b0f9c\">\n<div class=\"gb-element-c84997ce\">\n<span class=\"gb-shape gb-shape-f70df852\"><svg viewbox=\"0 0 16 16\" class=\"bi bi-person-bounding-box\" fill=\"currentColor\" height=\"16\" width=\"16\" xmlns=\"http:\/\/www.w3.org\/2000\/svg\">\n  <path d=\"M1.5 1a.5.5 0 0 0-.5.5v3a.5.5 0 0 1-1 0v-3A1.5 1.5 0 0 1 1.5 0h3a.5.5 0 0 1 0 1zM11 .5a.5.5 0 0 1 .5-.5h3A1.5 1.5 0 0 1 16 1.5v3a.5.5 0 0 1-1 0v-3a.5.5 0 0 0-.5-.5h-3a.5.5 0 0 1-.5-.5M.5 11a.5.5 0 0 1 .5.5v3a.5.5 0 0 0 .5.5h3a.5.5 0 0 1 0 1h-3A1.5 1.5 0 0 1 0 14.5v-3a.5.5 0 0 1 .5-.5m15 0a.5.5 0 0 1 .5.5v3a1.5 1.5 0 0 1-1.5 1.5h-3a.5.5 0 0 1 0-1h3a.5.5 0 0 0 .5-.5v-3a.5.5 0 0 1 .5-.5\"><\/path>\n  <path d=\"M3 14s-1 0-1-1 1-4 6-4 6 3 6 4-1 1-1 1zm8-9a3 3 0 1 1-6 0 3 3 0 0 1 6 0\"><\/path>\n<\/svg><\/span>\n<\/div>\n\n\n\n<div class=\"gb-element-6b8f5b3c\">\n<p class=\"has-text-align-center\"><strong>C\u00f3mo registrarse en una cuenta del CRA en l\u00ednea<\/strong><\/p>\n<\/div>\n\n\n\n<div class=\"gb-element-5675a59b\">\n<a class=\"gb-text-03e44c5c\" href=\"https:\/\/cynthiamedrano.ca\/es\/how-to-register-for-a-cra-account-online\/\"><span class=\"gb-text\">View Tutorial<\/span><span class=\"gb-shape\"><svg viewbox=\"0 0 256 256\" width=\"64\" height=\"64\" xmlns=\"http:\/\/www.w3.org\/2000\/svg\">\n  <circle cx=\"128\" cy=\"128\" r=\"128\" fill=\"#000000\"><\/circle>\n  <g transform=\"scale(0.9) translate(13, 13)\">\n    <path d=\"M224.49,136.49l-72,72a12,12,0,0,1-17-17L187,140H40a12,12,0,0,1,0-24H187L135.51,64.48a12,12,0,0,1,17-17l72,72A12,12,0,0,1,224.49,136.49Z\" fill=\"#ffffff\"><\/path>\n  <\/g>\n<\/svg><\/span><\/a>\n<\/div>\n<\/div>\n<\/div>\n\n\n\n<div class=\"gb-element-ba5d3187\">\n<div class=\"gb-element-f1f7a1dc\">\n<div class=\"gb-element-086f3538\">\n<span class=\"gb-shape gb-shape-ce9ee4e5\"><svg viewbox=\"0 0 16 16\" class=\"bi bi-person-lock\" fill=\"currentColor\" height=\"16\" width=\"16\" xmlns=\"http:\/\/www.w3.org\/2000\/svg\">\n  <path d=\"M11 5a3 3 0 1 1-6 0 3 3 0 0 1 6 0M8 7a2 2 0 1 0 0-4 2 2 0 0 0 0 4m0 5.996V14H3s-1 0-1-1 1-4 6-4q.845.002 1.544.107a4.5 4.5 0 0 0-.803.918A11 11 0 0 0 8 10c-2.29 0-3.516.68-4.168 1.332-.678.678-.83 1.418-.832 1.664zM9 13a1 1 0 0 1 1-1v-1a2 2 0 1 1 4 0v1a1 1 0 0 1 1 1v2a1 1 0 0 1-1 1h-4a1 1 0 0 1-1-1zm3-3a1 1 0 0 0-1 1v1h2v-1a1 1 0 0 0-1-1\"><\/path>\n<\/svg><\/span>\n<\/div>\n\n\n\n<div>\n<p class=\"has-text-align-center\"><strong>C\u00f3mo iniciar sesi\u00f3n en tu cuenta del CRA usando la app BC Services Card<\/strong><\/p>\n<\/div>\n\n\n\n<div class=\"gb-element-458b1220\">\n<a class=\"gb-text-56a4adfe\" href=\"https:\/\/cynthiamedrano.ca\/es\/how-to-log-in-to-your-cra-account-using-the-bc-services-card-app\/\"><span class=\"gb-text\">View Tutorial<\/span><span class=\"gb-shape\"><svg viewbox=\"0 0 256 256\" width=\"64\" height=\"64\" xmlns=\"http:\/\/www.w3.org\/2000\/svg\">\n  <circle cx=\"128\" cy=\"128\" r=\"128\" fill=\"#000000\"><\/circle>\n  <g transform=\"scale(0.9) translate(13, 13)\">\n    <path d=\"M224.49,136.49l-72,72a12,12,0,0,1-17-17L187,140H40a12,12,0,0,1,0-24H187L135.51,64.48a12,12,0,0,1,17-17l72,72A12,12,0,0,1,224.49,136.49Z\" fill=\"#ffffff\"><\/path>\n  <\/g>\n<\/svg><\/span><\/a>\n<\/div>\n<\/div>\n<\/div>\n\n\n\n<div class=\"gb-element-2242beec\">\n<div class=\"gb-element-075d58d7\">\n<div class=\"gb-element-26b11366\">\n<span class=\"gb-shape gb-shape-802c5325\"><svg viewbox=\"0 0 16 16\" class=\"bi bi-people\" fill=\"currentColor\" height=\"16\" width=\"16\" xmlns=\"http:\/\/www.w3.org\/2000\/svg\">\n  <path d=\"M15 14s1 0 1-1-1-4-5-4-5 3-5 4 1 1 1 1zm-7.978-1L7 12.996c.001-.264.167-1.03.76-1.72C8.312 10.629 9.282 10 11 10c1.717 0 2.687.63 3.24 1.276.593.69.758 1.457.76 1.72l-.008.002-.014.002zM11 7a2 2 0 1 0 0-4 2 2 0 0 0 0 4m3-2a3 3 0 1 1-6 0 3 3 0 0 1 6 0M6.936 9.28a6 6 0 0 0-1.23-.247A7 7 0 0 0 5 9c-4 0-5 3-5 4q0 1 1 1h4.216A2.24 2.24 0 0 1 5 13c0-1.01.377-2.042 1.09-2.904.243-.294.526-.569.846-.816M4.92 10A5.5 5.5 0 0 0 4 13H1c0-.26.164-1.03.76-1.724.545-.636 1.492-1.256 3.16-1.275ZM1.5 5.5a3 3 0 1 1 6 0 3 3 0 0 1-6 0m3-2a2 2 0 1 0 0 4 2 2 0 0 0 0-4\"><\/path>\n<\/svg><\/span>\n<\/div>\n\n\n\n<div>\n<p class=\"has-text-align-center\"><strong>C\u00f3mo autorizarnos como representantes en tu cuenta de CRA<\/strong><\/p>\n<\/div>\n\n\n\n<div class=\"gb-element-41949604\">\n<a class=\"gb-text-22536098\" href=\"https:\/\/cynthiamedrano.ca\/es\/how-to-authorize-a-representative-for-your-cra-business-account\/\"><span class=\"gb-text\">View Tutorial<\/span><span class=\"gb-shape\"><svg viewbox=\"0 0 256 256\" width=\"64\" height=\"64\" xmlns=\"http:\/\/www.w3.org\/2000\/svg\">\n  <circle cx=\"128\" cy=\"128\" r=\"128\" fill=\"#000000\"><\/circle>\n  <g transform=\"scale(0.9) translate(13, 13)\">\n    <path d=\"M224.49,136.49l-72,72a12,12,0,0,1-17-17L187,140H40a12,12,0,0,1,0-24H187L135.51,64.48a12,12,0,0,1,17-17l72,72A12,12,0,0,1,224.49,136.49Z\" fill=\"#ffffff\"><\/path>\n  <\/g>\n<\/svg><\/span><\/a>\n<\/div>\n<\/div>\n<\/div>\n<\/div>\n<\/div>\n\n\n\n<p><\/p>","protected":false},"excerpt":{"rendered":"<p>Welcome to our Resources &amp; Tutorials. Here, you will find practical, step-by-step tutorials designed to simplify your tax and administrative tasks. We have curated these guides to help you navigate key processes such as CRA registration and adequate representation and will continuously expand this library with new topics to support your business. Our goal is &#8230; <a title=\"Tutoriales\" class=\"read-more\" href=\"https:\/\/cynthiamedrano.ca\/es\/tutorials\/\" aria-label=\"Leer m\u00e1s sobre Tutorials\">Leer m\u00e1s<\/a><\/p>","protected":false},"author":1,"featured_media":0,"parent":0,"menu_order":0,"comment_status":"closed","ping_status":"closed","template":"","meta":{"footnotes":""},"class_list":["post-47824","page","type-page","status-publish"],"yoast_head":"<!-- This site is optimized with the Yoast SEO plugin v27.2 - https:\/\/yoast.com\/product\/yoast-seo-wordpress\/ -->\n<title>Tutorials - CM&amp;A Bookkeeping<\/title>\n<meta name=\"robots\" content=\"index, follow, max-snippet:-1, max-image-preview:large, max-video-preview:-1\" \/>\n<link rel=\"canonical\" href=\"https:\/\/cynthiamedrano.ca\/es\/tutorials\/\" \/>\n<meta property=\"og:locale\" content=\"es_ES\" \/>\n<meta property=\"og:type\" content=\"article\" \/>\n<meta property=\"og:title\" content=\"Tutorials - CM&amp;A Bookkeeping\" \/>\n<meta property=\"og:description\" content=\"Welcome to our Resources &amp; Tutorials. Here, you will find practical, step-by-step tutorials designed to simplify your tax and administrative tasks. We have curated these guides to help you navigate key processes such as CRA registration and adequate representation and will continuously expand this library with new topics to support your business. Our goal is ... Leer m\u00e1s\" \/>\n<meta property=\"og:url\" content=\"https:\/\/cynthiamedrano.ca\/es\/tutorials\/\" \/>\n<meta property=\"og:site_name\" content=\"CM&amp;A Bookkeeping\" \/>\n<meta property=\"article:modified_time\" content=\"2026-03-20T16:21:43+00:00\" \/>\n<meta name=\"twitter:card\" content=\"summary_large_image\" \/>\n<meta name=\"twitter:label1\" content=\"Tiempo de lectura\" \/>\n\t<meta name=\"twitter:data1\" content=\"1 minuto\" \/>\n<script type=\"application\/ld+json\" class=\"yoast-schema-graph\">{\"@context\":\"https:\/\/schema.org\",\"@graph\":[{\"@type\":\"WebPage\",\"@id\":\"https:\/\/cynthiamedrano.ca\/tutorials\/\",\"url\":\"https:\/\/cynthiamedrano.ca\/tutorials\/\",\"name\":\"Tutorials - CM&amp;A Bookkeeping\",\"isPartOf\":{\"@id\":\"https:\/\/cynthiamedrano.ca\/#website\"},\"datePublished\":\"2026-01-05T05:37:07+00:00\",\"dateModified\":\"2026-03-20T16:21:43+00:00\",\"breadcrumb\":{\"@id\":\"https:\/\/cynthiamedrano.ca\/tutorials\/#breadcrumb\"},\"inLanguage\":\"es\",\"potentialAction\":[{\"@type\":\"ReadAction\",\"target\":[\"https:\/\/cynthiamedrano.ca\/tutorials\/\"]}]},{\"@type\":\"BreadcrumbList\",\"@id\":\"https:\/\/cynthiamedrano.ca\/tutorials\/#breadcrumb\",\"itemListElement\":[{\"@type\":\"ListItem\",\"position\":1,\"name\":\"Home\",\"item\":\"https:\/\/cynthiamedrano.ca\/\"},{\"@type\":\"ListItem\",\"position\":2,\"name\":\"Tutorials\"}]},{\"@type\":\"WebSite\",\"@id\":\"https:\/\/cynthiamedrano.ca\/#website\",\"url\":\"https:\/\/cynthiamedrano.ca\/\",\"name\":\"CM&amp;A Bookkeeping\",\"description\":\"\",\"publisher\":{\"@id\":\"https:\/\/cynthiamedrano.ca\/#organization\"},\"potentialAction\":[{\"@type\":\"SearchAction\",\"target\":{\"@type\":\"EntryPoint\",\"urlTemplate\":\"https:\/\/cynthiamedrano.ca\/?s={search_term_string}\"},\"query-input\":{\"@type\":\"PropertyValueSpecification\",\"valueRequired\":true,\"valueName\":\"search_term_string\"}}],\"inLanguage\":\"es\"},{\"@type\":\"Organization\",\"@id\":\"https:\/\/cynthiamedrano.ca\/#organization\",\"name\":\"CM&amp;A Bookkeeping\",\"url\":\"https:\/\/cynthiamedrano.ca\/\",\"logo\":{\"@type\":\"ImageObject\",\"inLanguage\":\"es\",\"@id\":\"https:\/\/cynthiamedrano.ca\/#\/schema\/logo\/image\/\",\"url\":\"https:\/\/cynthiamedrano.ca\/wp-content\/uploads\/2025\/10\/cma-logo-black.png\",\"contentUrl\":\"https:\/\/cynthiamedrano.ca\/wp-content\/uploads\/2025\/10\/cma-logo-black.png\",\"width\":601,\"height\":201,\"caption\":\"CM&amp;A Bookkeeping\"},\"image\":{\"@id\":\"https:\/\/cynthiamedrano.ca\/#\/schema\/logo\/image\/\"}}]}<\/script>\n<!-- \/ Yoast SEO plugin. -->","yoast_head_json":{"title":"Tutorials - CM&amp;A Bookkeeping","robots":{"index":"index","follow":"follow","max-snippet":"max-snippet:-1","max-image-preview":"max-image-preview:large","max-video-preview":"max-video-preview:-1"},"canonical":"https:\/\/cynthiamedrano.ca\/es\/tutorials\/","og_locale":"es_ES","og_type":"article","og_title":"Tutorials - CM&amp;A Bookkeeping","og_description":"Welcome to our Resources &amp; Tutorials. Here, you will find practical, step-by-step tutorials designed to simplify your tax and administrative tasks. We have curated these guides to help you navigate key processes such as CRA registration and adequate representation and will continuously expand this library with new topics to support your business. Our goal is ... Leer m\u00e1s","og_url":"https:\/\/cynthiamedrano.ca\/es\/tutorials\/","og_site_name":"CM&amp;A Bookkeeping","article_modified_time":"2026-03-20T16:21:43+00:00","twitter_card":"summary_large_image","twitter_misc":{"Tiempo de lectura":"1 minuto"},"schema":{"@context":"https:\/\/schema.org","@graph":[{"@type":"WebPage","@id":"https:\/\/cynthiamedrano.ca\/tutorials\/","url":"https:\/\/cynthiamedrano.ca\/tutorials\/","name":"Tutorials - CM&amp;A Bookkeeping","isPartOf":{"@id":"https:\/\/cynthiamedrano.ca\/#website"},"datePublished":"2026-01-05T05:37:07+00:00","dateModified":"2026-03-20T16:21:43+00:00","breadcrumb":{"@id":"https:\/\/cynthiamedrano.ca\/tutorials\/#breadcrumb"},"inLanguage":"es","potentialAction":[{"@type":"ReadAction","target":["https:\/\/cynthiamedrano.ca\/tutorials\/"]}]},{"@type":"BreadcrumbList","@id":"https:\/\/cynthiamedrano.ca\/tutorials\/#breadcrumb","itemListElement":[{"@type":"ListItem","position":1,"name":"Home","item":"https:\/\/cynthiamedrano.ca\/"},{"@type":"ListItem","position":2,"name":"Tutorials"}]},{"@type":"WebSite","@id":"https:\/\/cynthiamedrano.ca\/#website","url":"https:\/\/cynthiamedrano.ca\/","name":"CM&amp;A Bookkeeping","description":"","publisher":{"@id":"https:\/\/cynthiamedrano.ca\/#organization"},"potentialAction":[{"@type":"SearchAction","target":{"@type":"EntryPoint","urlTemplate":"https:\/\/cynthiamedrano.ca\/?s={search_term_string}"},"query-input":{"@type":"PropertyValueSpecification","valueRequired":true,"valueName":"search_term_string"}}],"inLanguage":"es"},{"@type":"Organization","@id":"https:\/\/cynthiamedrano.ca\/#organization","name":"CM&amp;A Bookkeeping","url":"https:\/\/cynthiamedrano.ca\/","logo":{"@type":"ImageObject","inLanguage":"es","@id":"https:\/\/cynthiamedrano.ca\/#\/schema\/logo\/image\/","url":"https:\/\/cynthiamedrano.ca\/wp-content\/uploads\/2025\/10\/cma-logo-black.png","contentUrl":"https:\/\/cynthiamedrano.ca\/wp-content\/uploads\/2025\/10\/cma-logo-black.png","width":601,"height":201,"caption":"CM&amp;A Bookkeeping"},"image":{"@id":"https:\/\/cynthiamedrano.ca\/#\/schema\/logo\/image\/"}}]}},"_links":{"self":[{"href":"https:\/\/cynthiamedrano.ca\/es\/wp-json\/wp\/v2\/pages\/47824","targetHints":{"allow":["GET"]}}],"collection":[{"href":"https:\/\/cynthiamedrano.ca\/es\/wp-json\/wp\/v2\/pages"}],"about":[{"href":"https:\/\/cynthiamedrano.ca\/es\/wp-json\/wp\/v2\/types\/page"}],"author":[{"embeddable":true,"href":"https:\/\/cynthiamedrano.ca\/es\/wp-json\/wp\/v2\/users\/1"}],"replies":[{"embeddable":true,"href":"https:\/\/cynthiamedrano.ca\/es\/wp-json\/wp\/v2\/comments?post=47824"}],"version-history":[{"count":0,"href":"https:\/\/cynthiamedrano.ca\/es\/wp-json\/wp\/v2\/pages\/47824\/revisions"}],"wp:attachment":[{"href":"https:\/\/cynthiamedrano.ca\/es\/wp-json\/wp\/v2\/media?parent=47824"}],"curies":[{"name":"wp","href":"https:\/\/api.w.org\/{rel}","templated":true}]}}