{"id":47883,"date":"2026-01-08T20:22:32","date_gmt":"2026-01-08T20:22:32","guid":{"rendered":"https:\/\/cynthiamedrano.ca\/?page_id=47883"},"modified":"2026-01-08T20:53:46","modified_gmt":"2026-01-08T20:53:46","slug":"how-to-register-for-a-cra-account-online","status":"publish","type":"page","link":"https:\/\/cynthiamedrano.ca\/es\/how-to-register-for-a-cra-account-online\/","title":{"rendered":"C\u00f3mo registrarse en una cuenta del CRA en l\u00ednea"},"content":{"rendered":"<div class=\"gbp-section gb-element-31c1bc7d\">\n<div class=\"gbp-section__inner gb-element-e4df4dfb\">\n<div class=\"gb-element-e608466b\">\n<div class=\"gb-element-ba1f0adb\">\n<h1 class=\"gb-text\">C\u00f3mo registrarse en una cuenta del CRA en l\u00ednea<\/h1>\n<\/div>\n<\/div>\n<\/div>\n<\/div>\n\n\n\n<div class=\"gbp-section gb-element-16447550\">\n<div class=\"gbp-section__inner gb-element-7d3e5a31\">\n<div class=\"gb-element-7facbcb4\">\n<div>\n<div class=\"gb-element-01ae0e69\">\n<div class=\"gb-element-34d69594\">\n<div class=\"gb-element-2a340551\">\n<span class=\"gb-shape gb-shape-657479ba\"><svg xmlns=\"http:\/\/www.w3.org\/2000\/svg\" width=\"32\" height=\"32\" viewbox=\"0 0 256 256\">\n  <circle cx=\"128\" cy=\"128\" r=\"84\" fill=\"#f3e027\"><\/circle>\n  <text x=\"50%\" y=\"78%\" text-anchor=\"middle\" font-family=\"sans-serif\" font-size=\"220\" font-weight=\"700\" fill=\"#000000\">1<\/text>\n<\/svg><\/span>\n<\/div>\n\n\n\n<div>\n<p class=\"gb-text gb-text-ae683b97\">Ingresa a <a href=\"https:\/\/www.canada.ca\/en\/revenue-agency.html\" target=\"_blank\" rel=\"noreferrer noopener\"><strong>https:\/\/www.canada.ca\/en\/revenue-agency.html<\/strong><\/a><\/p>\n<\/div>\n<\/div>\n<\/div>\n\n\n\n<div class=\"gb-element-f7b3b30e\">\n<div class=\"gb-element-fb93c12d\">\n<div class=\"gb-element-23649e15\">\n<span class=\"gb-shape gb-shape-3a6f04cf\"><svg viewbox=\"0 0 256 256\" height=\"32\" width=\"32\" xmlns=\"http:\/\/www.w3.org\/2000\/svg\">\n  <circle fill=\"#f3e027\" r=\"84\" cy=\"128\" cx=\"128\"><\/circle>\n  <text fill=\"#000000\" font-weight=\"700\" font-size=\"220\" font-family=\"sans-serif\" text-anchor=\"middle\" y=\"78%\" x=\"50%\">2<\/text>\n<\/svg><\/span>\n<\/div>\n\n\n\n<div>\n<p class=\"gb-text gb-text-df639047\">Click <strong>&#8220;CRA sign in&#8221;<\/strong><\/p>\n<\/div>\n<\/div>\n\n\n\n<div class=\"gb-element-20a3a788\"><div class=\"wp-block-image\">\n<figure class=\"aligncenter size-full\"><img loading=\"lazy\" decoding=\"async\" width=\"800\" height=\"533\" src=\"https:\/\/cynthiamedrano.ca\/wp-content\/uploads\/2026\/01\/registering-cra-01-crop.jpeg\" alt=\"\" class=\"wp-image-47876\" srcset=\"https:\/\/cynthiamedrano.ca\/wp-content\/uploads\/2026\/01\/registering-cra-01-crop.jpeg 800w, https:\/\/cynthiamedrano.ca\/wp-content\/uploads\/2026\/01\/registering-cra-01-crop-300x200.jpeg 300w, https:\/\/cynthiamedrano.ca\/wp-content\/uploads\/2026\/01\/registering-cra-01-crop-768x512.jpeg 768w, https:\/\/cynthiamedrano.ca\/wp-content\/uploads\/2026\/01\/registering-cra-01-crop-18x12.jpeg 18w\" sizes=\"auto, (max-width: 800px) 100vw, 800px\" \/><\/figure>\n<\/div><\/div>\n<\/div>\n\n\n\n<div class=\"gb-element-91036cf5\">\n<div class=\"gb-element-641f6870\">\n<div class=\"gb-element-1fe675e4\">\n<span class=\"gb-shape gb-shape-7f4ebf26\"><svg viewbox=\"0 0 256 256\" height=\"32\" width=\"32\" xmlns=\"http:\/\/www.w3.org\/2000\/svg\">\n  <circle fill=\"#f3e027\" r=\"84\" cy=\"128\" cx=\"128\"><\/circle>\n  <text fill=\"#000000\" font-weight=\"700\" font-size=\"220\" font-family=\"sans-serif\" text-anchor=\"middle\" y=\"78%\" x=\"50%\">3<\/text>\n<\/svg><\/span>\n<\/div>\n\n\n\n<div>\n<p class=\"gb-text gb-text-081be5b4\">Click <strong>&#8220;Register for a CRA account&#8221;<\/strong><\/p>\n<\/div>\n<\/div>\n\n\n\n<div class=\"gb-element-eed0622a\"><div class=\"wp-block-image\">\n<figure class=\"aligncenter size-full\"><img loading=\"lazy\" decoding=\"async\" width=\"800\" height=\"533\" src=\"https:\/\/cynthiamedrano.ca\/wp-content\/uploads\/2026\/01\/registering-cra-02-crop.jpeg\" alt=\"\" class=\"wp-image-47893\" srcset=\"https:\/\/cynthiamedrano.ca\/wp-content\/uploads\/2026\/01\/registering-cra-02-crop.jpeg 800w, https:\/\/cynthiamedrano.ca\/wp-content\/uploads\/2026\/01\/registering-cra-02-crop-300x200.jpeg 300w, https:\/\/cynthiamedrano.ca\/wp-content\/uploads\/2026\/01\/registering-cra-02-crop-768x512.jpeg 768w, https:\/\/cynthiamedrano.ca\/wp-content\/uploads\/2026\/01\/registering-cra-02-crop-18x12.jpeg 18w\" sizes=\"auto, (max-width: 800px) 100vw, 800px\" \/><\/figure>\n<\/div><\/div>\n<\/div>\n\n\n\n<div class=\"gb-element-60526c53\">\n<div class=\"gb-element-347a1da3\">\n<div class=\"gb-element-0c09fd0e\">\n<span class=\"gb-shape gb-shape-5fdf10ac\"><svg viewbox=\"0 0 256 256\" height=\"32\" width=\"32\" xmlns=\"http:\/\/www.w3.org\/2000\/svg\">\n  <circle fill=\"#f3e027\" r=\"84\" cy=\"128\" cx=\"128\"><\/circle>\n  <text fill=\"#000000\" font-weight=\"700\" font-size=\"220\" font-family=\"sans-serif\" text-anchor=\"middle\" y=\"78%\" x=\"50%\">4<\/text>\n<\/svg><\/span>\n<\/div>\n\n\n\n<div>\n<p class=\"gb-text gb-text-e1dd6c6a\">Click <strong>&#8220;CRA user ID and password: Registration&#8221;<\/strong><\/p>\n<\/div>\n<\/div>\n\n\n\n<div class=\"gb-element-dc69fb65\"><div class=\"wp-block-image\">\n<figure class=\"aligncenter size-full\"><img loading=\"lazy\" decoding=\"async\" width=\"800\" height=\"533\" src=\"https:\/\/cynthiamedrano.ca\/wp-content\/uploads\/2026\/01\/registering-cra-04-crop-b.jpeg\" alt=\"\" class=\"wp-image-47899\" srcset=\"https:\/\/cynthiamedrano.ca\/wp-content\/uploads\/2026\/01\/registering-cra-04-crop-b.jpeg 800w, https:\/\/cynthiamedrano.ca\/wp-content\/uploads\/2026\/01\/registering-cra-04-crop-b-300x200.jpeg 300w, https:\/\/cynthiamedrano.ca\/wp-content\/uploads\/2026\/01\/registering-cra-04-crop-b-768x512.jpeg 768w, https:\/\/cynthiamedrano.ca\/wp-content\/uploads\/2026\/01\/registering-cra-04-crop-b-18x12.jpeg 18w\" sizes=\"auto, (max-width: 800px) 100vw, 800px\" \/><\/figure>\n<\/div><\/div>\n<\/div>\n\n\n\n<div class=\"gb-element-f729e472\">\n<div class=\"gb-element-04bdc3e3\">\n<div class=\"gb-element-0cb16580\">\n<span class=\"gb-shape gb-shape-0a129f8f\"><svg viewbox=\"0 0 256 256\" height=\"32\" width=\"32\" xmlns=\"http:\/\/www.w3.org\/2000\/svg\">\n  <circle fill=\"#f3e027\" r=\"84\" cy=\"128\" cx=\"128\"><\/circle>\n  <text fill=\"#000000\" font-weight=\"700\" font-size=\"220\" font-family=\"sans-serif\" text-anchor=\"middle\" y=\"78%\" x=\"50%\">5<\/text>\n<\/svg><\/span>\n<\/div>\n\n\n\n<div>\n<p class=\"gb-text gb-text-26532b79\">Click en la casilla <strong>&#8220;Social insurance number&#8221;<\/strong> e ingresa tus datos<\/p>\n<\/div>\n<\/div>\n\n\n\n<div class=\"gb-element-f3bc066d\"><div class=\"wp-block-image\">\n<figure class=\"aligncenter size-full\"><img loading=\"lazy\" decoding=\"async\" width=\"800\" height=\"533\" src=\"https:\/\/cynthiamedrano.ca\/wp-content\/uploads\/2026\/01\/registering-cra-05-crop.jpeg\" alt=\"\" class=\"wp-image-47901\" srcset=\"https:\/\/cynthiamedrano.ca\/wp-content\/uploads\/2026\/01\/registering-cra-05-crop.jpeg 800w, https:\/\/cynthiamedrano.ca\/wp-content\/uploads\/2026\/01\/registering-cra-05-crop-300x200.jpeg 300w, https:\/\/cynthiamedrano.ca\/wp-content\/uploads\/2026\/01\/registering-cra-05-crop-768x512.jpeg 768w, https:\/\/cynthiamedrano.ca\/wp-content\/uploads\/2026\/01\/registering-cra-05-crop-18x12.jpeg 18w\" sizes=\"auto, (max-width: 800px) 100vw, 800px\" \/><\/figure>\n<\/div><\/div>\n<\/div>\n\n\n\n<div class=\"gb-element-1da84859\">\n<div class=\"gb-element-52646d1f\">\n<div class=\"gb-element-a8a5f19e\">\n<span class=\"gb-shape gb-shape-81eb2f79\"><svg viewbox=\"0 0 256 256\" height=\"32\" width=\"32\" xmlns=\"http:\/\/www.w3.org\/2000\/svg\">\n  <circle fill=\"#f3e027\" r=\"84\" cy=\"128\" cx=\"128\"><\/circle>\n  <text fill=\"#000000\" font-weight=\"700\" font-size=\"220\" font-family=\"sans-serif\" text-anchor=\"middle\" y=\"78%\" x=\"50%\">6<\/text>\n<\/svg><\/span>\n<\/div>\n\n\n\n<div>\n<p class=\"gb-text gb-text-8aa2f3ec\">Click en la casilla <strong>&#8220;Date of Birth&#8221;<\/strong> e ingresa tu dia, mes y a\u00f1o de nacimiento.<\/p>\n<\/div>\n<\/div>\n\n\n\n<div class=\"gb-element-d622eff7\"><div class=\"wp-block-image\">\n<figure class=\"aligncenter size-full\"><img loading=\"lazy\" decoding=\"async\" width=\"800\" height=\"533\" src=\"https:\/\/cynthiamedrano.ca\/wp-content\/uploads\/2026\/01\/registering-cra-06-crop.jpeg\" alt=\"\" class=\"wp-image-47902\" srcset=\"https:\/\/cynthiamedrano.ca\/wp-content\/uploads\/2026\/01\/registering-cra-06-crop.jpeg 800w, https:\/\/cynthiamedrano.ca\/wp-content\/uploads\/2026\/01\/registering-cra-06-crop-300x200.jpeg 300w, https:\/\/cynthiamedrano.ca\/wp-content\/uploads\/2026\/01\/registering-cra-06-crop-768x512.jpeg 768w, https:\/\/cynthiamedrano.ca\/wp-content\/uploads\/2026\/01\/registering-cra-06-crop-18x12.jpeg 18w\" sizes=\"auto, (max-width: 800px) 100vw, 800px\" \/><\/figure>\n<\/div><\/div>\n<\/div>\n\n\n\n<div class=\"gb-element-d3e8d68f\">\n<div class=\"gb-element-dd464684\">\n<div class=\"gb-element-26967e87\">\n<span class=\"gb-shape gb-shape-307561ca\"><svg viewbox=\"0 0 256 256\" height=\"32\" width=\"32\" xmlns=\"http:\/\/www.w3.org\/2000\/svg\">\n  <circle fill=\"#f3e027\" r=\"84\" cy=\"128\" cx=\"128\"><\/circle>\n  <text fill=\"#000000\" font-weight=\"700\" font-size=\"220\" font-family=\"sans-serif\" text-anchor=\"middle\" y=\"78%\" x=\"50%\">7<\/text>\n<\/svg><\/span>\n<\/div>\n\n\n\n<div>\n<p class=\"gb-text gb-text-2dd54eb7\">Click en la casilla <strong>&#8220;Tax information &#8211; Enter line 15000 from your 2023 income tax and benefit return. If your 2023 return has not been filed and assessed, enter line 15000 from your 2022 return &#8211; enter dollars only&#8221;<\/strong> Esta informaci\u00f3n la encontrar\u00e1s en la copia del cliente que te enviamos despu\u00e9s de declarar tus impuestos.<\/p>\n<\/div>\n<\/div>\n\n\n\n<div class=\"gb-element-27fc3328\"><div class=\"wp-block-image\">\n<figure class=\"aligncenter size-full\"><img loading=\"lazy\" decoding=\"async\" width=\"800\" height=\"533\" src=\"https:\/\/cynthiamedrano.ca\/wp-content\/uploads\/2026\/01\/registering-cra-07-crop.jpeg\" alt=\"\" class=\"wp-image-47904\" srcset=\"https:\/\/cynthiamedrano.ca\/wp-content\/uploads\/2026\/01\/registering-cra-07-crop.jpeg 800w, https:\/\/cynthiamedrano.ca\/wp-content\/uploads\/2026\/01\/registering-cra-07-crop-300x200.jpeg 300w, https:\/\/cynthiamedrano.ca\/wp-content\/uploads\/2026\/01\/registering-cra-07-crop-768x512.jpeg 768w, https:\/\/cynthiamedrano.ca\/wp-content\/uploads\/2026\/01\/registering-cra-07-crop-18x12.jpeg 18w\" sizes=\"auto, (max-width: 800px) 100vw, 800px\" \/><\/figure>\n<\/div><\/div>\n<\/div>\n\n\n\n<div class=\"gb-element-b7ba9243\">\n<div class=\"gb-element-08c956fa\">\n<div class=\"gb-element-fb420693\">\n<span class=\"gb-shape gb-shape-82a038aa\"><svg viewbox=\"0 0 256 256\" height=\"32\" width=\"32\" xmlns=\"http:\/\/www.w3.org\/2000\/svg\">\n  <circle fill=\"#f3e027\" r=\"84\" cy=\"128\" cx=\"128\"><\/circle>\n  <text fill=\"#000000\" font-weight=\"700\" font-size=\"220\" font-family=\"sans-serif\" text-anchor=\"middle\" y=\"78%\" x=\"50%\">8<\/text>\n<\/svg><\/span>\n<\/div>\n\n\n\n<div>\n<p class=\"gb-text gb-text-fc9fe794\">Click <strong>&#8220;Next&#8221; <\/strong>button.<\/p>\n<\/div>\n<\/div>\n\n\n\n<div class=\"gb-element-3613969d\"><div class=\"wp-block-image\">\n<figure class=\"aligncenter size-full\"><img loading=\"lazy\" decoding=\"async\" width=\"800\" height=\"533\" src=\"https:\/\/cynthiamedrano.ca\/wp-content\/uploads\/2026\/01\/registering-cra-08-crop.jpeg\" alt=\"\" class=\"wp-image-47910\" srcset=\"https:\/\/cynthiamedrano.ca\/wp-content\/uploads\/2026\/01\/registering-cra-08-crop.jpeg 800w, https:\/\/cynthiamedrano.ca\/wp-content\/uploads\/2026\/01\/registering-cra-08-crop-300x200.jpeg 300w, https:\/\/cynthiamedrano.ca\/wp-content\/uploads\/2026\/01\/registering-cra-08-crop-768x512.jpeg 768w, https:\/\/cynthiamedrano.ca\/wp-content\/uploads\/2026\/01\/registering-cra-08-crop-18x12.jpeg 18w\" sizes=\"auto, (max-width: 800px) 100vw, 800px\" \/><\/figure>\n<\/div><\/div>\n<\/div>\n\n\n\n<div class=\"gb-element-53807344\">\n<div class=\"gb-element-fc2ee834\">\n<div class=\"gb-element-7a9f2647\">\n<span class=\"gb-shape gb-shape-b40d6f85\"><svg viewbox=\"0 0 256 256\" height=\"32\" width=\"32\" xmlns=\"http:\/\/www.w3.org\/2000\/svg\">\n  <circle fill=\"#f3e027\" r=\"84\" cy=\"128\" cx=\"128\"><\/circle>\n  <text fill=\"#000000\" font-weight=\"700\" font-size=\"220\" font-family=\"sans-serif\" text-anchor=\"middle\" y=\"78%\" x=\"50%\">9<\/text>\n<\/svg><\/span>\n<\/div>\n\n\n\n<div>\n<p class=\"gb-text gb-text-66828044\">Recibir\u00e1s una carta f\u00edsica en tu direcci\u00f3n en aproximadamente 2 semanas.<\/p>\n<\/div>\n<\/div>\n<\/div>\n\n\n\n<div class=\"gb-element-19c25454\">\n<div class=\"gb-element-042e6c1c\">\n<div class=\"gb-element-bd0b5f1a\">\n<span class=\"gb-shape gb-shape-bbb58a43\"><svg viewbox=\"0 0 256 256\" height=\"32\" width=\"32\" xmlns=\"http:\/\/www.w3.org\/2000\/svg\">\n  <circle fill=\"#f3e027\" r=\"84\" cy=\"128\" cx=\"128\"><\/circle>\n  <text fill=\"#000000\" font-weight=\"700\" font-size=\"220\" font-family=\"sans-serif\" text-anchor=\"middle\" y=\"78%\" x=\"50%\">10<\/text>\n<\/svg><\/span>\n<\/div>\n\n\n\n<div>\n<p class=\"gb-text gb-text-8a45838d\">Sigue las instrucciones de la carta.<\/p>\n<\/div>\n<\/div>\n<\/div>\n<\/div>\n<\/div>\n\n\n\n<div class=\"gb-element-7099a594\">\n<p class=\"has-contrast-color has-text-color has-link-color wp-elements-e8b13b98c70b094b480f602627228f10\"><strong><a href=\"https:\/\/cynthiamedrano.ca\/es\/tutorials\/\">&lt;&lt; Back to Tutorials<\/a><\/strong><\/p>\n<\/div>\n<\/div>\n<\/div>","protected":false},"excerpt":{"rendered":"<p>How to register for a CRA account online Navigate to https:\/\/www.canada.ca\/en\/revenue-agency.html Click &#8220;CRA sign in&#8221; Click &#8220;Register for a CRA account&#8221; Click &#8220;CRA user ID and password: Registration&#8221; Click the &#8220;Social insurance number&#8221; box and enter your information Click the &#8220;Date of Birth&#8221; box and enter your day, month and year of birth Click the &#8230; <a title=\"C\u00f3mo registrarse en una cuenta del CRA en l\u00ednea\" class=\"read-more\" href=\"https:\/\/cynthiamedrano.ca\/es\/how-to-register-for-a-cra-account-online\/\" aria-label=\"Leer m\u00e1s sobre How to register for a CRA account online\">Leer m\u00e1s<\/a><\/p>","protected":false},"author":1,"featured_media":0,"parent":0,"menu_order":0,"comment_status":"closed","ping_status":"closed","template":"","meta":{"footnotes":""},"class_list":["post-47883","page","type-page","status-publish"],"yoast_head":"<!-- This site is optimized with the Yoast SEO plugin v27.2 - https:\/\/yoast.com\/product\/yoast-seo-wordpress\/ -->\n<title>How to register for a CRA account online | CM&amp;A Bookkeeping and Tax Services Inc.<\/title>\n<meta name=\"description\" content=\"How to register for a CRA account? Follow this simple tutorial to set up &#039;My Account&#039; online and access your Canada Revenue Agency tax info today.\" \/>\n<meta name=\"robots\" content=\"index, follow, max-snippet:-1, max-image-preview:large, max-video-preview:-1\" \/>\n<link rel=\"canonical\" href=\"https:\/\/cynthiamedrano.ca\/es\/how-to-register-for-a-cra-account-online\/\" \/>\n<meta property=\"og:locale\" content=\"es_ES\" \/>\n<meta property=\"og:type\" content=\"article\" \/>\n<meta property=\"og:title\" content=\"How to register for a CRA account online | CM&amp;A Bookkeeping and Tax Services Inc.\" \/>\n<meta property=\"og:description\" content=\"How to register for a CRA account? Follow this simple tutorial to set up &#039;My Account&#039; online and access your Canada Revenue Agency tax info today.\" \/>\n<meta property=\"og:url\" content=\"https:\/\/cynthiamedrano.ca\/es\/how-to-register-for-a-cra-account-online\/\" \/>\n<meta property=\"og:site_name\" content=\"CM&amp;A Bookkeeping\" \/>\n<meta property=\"article:modified_time\" content=\"2026-01-08T20:53:46+00:00\" \/>\n<meta property=\"og:image\" content=\"https:\/\/cynthiamedrano.ca\/wp-content\/uploads\/2026\/01\/registering-cra-01-crop.jpeg\" \/>\n\t<meta property=\"og:image:width\" content=\"800\" \/>\n\t<meta property=\"og:image:height\" content=\"533\" \/>\n\t<meta property=\"og:image:type\" content=\"image\/jpeg\" \/>\n<meta name=\"twitter:card\" content=\"summary_large_image\" \/>\n<meta name=\"twitter:label1\" content=\"Tiempo de lectura\" \/>\n\t<meta name=\"twitter:data1\" content=\"3 minutos\" \/>\n<script type=\"application\/ld+json\" class=\"yoast-schema-graph\">{\"@context\":\"https:\/\/schema.org\",\"@graph\":[{\"@type\":\"WebPage\",\"@id\":\"https:\/\/cynthiamedrano.ca\/how-to-register-for-a-cra-account-online\/\",\"url\":\"https:\/\/cynthiamedrano.ca\/how-to-register-for-a-cra-account-online\/\",\"name\":\"How to register for a CRA account online | CM&A Bookkeeping and Tax Services Inc.\",\"isPartOf\":{\"@id\":\"https:\/\/cynthiamedrano.ca\/#website\"},\"primaryImageOfPage\":{\"@id\":\"https:\/\/cynthiamedrano.ca\/how-to-register-for-a-cra-account-online\/#primaryimage\"},\"image\":{\"@id\":\"https:\/\/cynthiamedrano.ca\/how-to-register-for-a-cra-account-online\/#primaryimage\"},\"thumbnailUrl\":\"https:\/\/cynthiamedrano.ca\/wp-content\/uploads\/2026\/01\/registering-cra-01-crop.jpeg\",\"datePublished\":\"2026-01-08T20:22:32+00:00\",\"dateModified\":\"2026-01-08T20:53:46+00:00\",\"description\":\"How to register for a CRA account? Follow this simple tutorial to set up 'My Account' online and access your Canada Revenue Agency tax info today.\",\"breadcrumb\":{\"@id\":\"https:\/\/cynthiamedrano.ca\/how-to-register-for-a-cra-account-online\/#breadcrumb\"},\"inLanguage\":\"es\",\"potentialAction\":[{\"@type\":\"ReadAction\",\"target\":[\"https:\/\/cynthiamedrano.ca\/how-to-register-for-a-cra-account-online\/\"]}]},{\"@type\":\"ImageObject\",\"inLanguage\":\"es\",\"@id\":\"https:\/\/cynthiamedrano.ca\/how-to-register-for-a-cra-account-online\/#primaryimage\",\"url\":\"https:\/\/cynthiamedrano.ca\/wp-content\/uploads\/2026\/01\/registering-cra-01-crop.jpeg\",\"contentUrl\":\"https:\/\/cynthiamedrano.ca\/wp-content\/uploads\/2026\/01\/registering-cra-01-crop.jpeg\"},{\"@type\":\"BreadcrumbList\",\"@id\":\"https:\/\/cynthiamedrano.ca\/how-to-register-for-a-cra-account-online\/#breadcrumb\",\"itemListElement\":[{\"@type\":\"ListItem\",\"position\":1,\"name\":\"Home\",\"item\":\"https:\/\/cynthiamedrano.ca\/\"},{\"@type\":\"ListItem\",\"position\":2,\"name\":\"How to register for a CRA account online\"}]},{\"@type\":\"WebSite\",\"@id\":\"https:\/\/cynthiamedrano.ca\/#website\",\"url\":\"https:\/\/cynthiamedrano.ca\/\",\"name\":\"CM&amp;A Bookkeeping\",\"description\":\"\",\"publisher\":{\"@id\":\"https:\/\/cynthiamedrano.ca\/#organization\"},\"potentialAction\":[{\"@type\":\"SearchAction\",\"target\":{\"@type\":\"EntryPoint\",\"urlTemplate\":\"https:\/\/cynthiamedrano.ca\/?s={search_term_string}\"},\"query-input\":{\"@type\":\"PropertyValueSpecification\",\"valueRequired\":true,\"valueName\":\"search_term_string\"}}],\"inLanguage\":\"es\"},{\"@type\":\"Organization\",\"@id\":\"https:\/\/cynthiamedrano.ca\/#organization\",\"name\":\"CM&amp;A Bookkeeping\",\"url\":\"https:\/\/cynthiamedrano.ca\/\",\"logo\":{\"@type\":\"ImageObject\",\"inLanguage\":\"es\",\"@id\":\"https:\/\/cynthiamedrano.ca\/#\/schema\/logo\/image\/\",\"url\":\"https:\/\/cynthiamedrano.ca\/wp-content\/uploads\/2025\/10\/cma-logo-black.png\",\"contentUrl\":\"https:\/\/cynthiamedrano.ca\/wp-content\/uploads\/2025\/10\/cma-logo-black.png\",\"width\":601,\"height\":201,\"caption\":\"CM&amp;A Bookkeeping\"},\"image\":{\"@id\":\"https:\/\/cynthiamedrano.ca\/#\/schema\/logo\/image\/\"}}]}<\/script>\n<!-- \/ Yoast SEO plugin. -->","yoast_head_json":{"title":"How to register for a CRA account online | CM&A Bookkeeping and Tax Services Inc.","description":"How to register for a CRA account? Follow this simple tutorial to set up 'My Account' online and access your Canada Revenue Agency tax info today.","robots":{"index":"index","follow":"follow","max-snippet":"max-snippet:-1","max-image-preview":"max-image-preview:large","max-video-preview":"max-video-preview:-1"},"canonical":"https:\/\/cynthiamedrano.ca\/es\/how-to-register-for-a-cra-account-online\/","og_locale":"es_ES","og_type":"article","og_title":"How to register for a CRA account online | CM&A Bookkeeping and Tax Services Inc.","og_description":"How to register for a CRA account? Follow this simple tutorial to set up 'My Account' online and access your Canada Revenue Agency tax info today.","og_url":"https:\/\/cynthiamedrano.ca\/es\/how-to-register-for-a-cra-account-online\/","og_site_name":"CM&amp;A Bookkeeping","article_modified_time":"2026-01-08T20:53:46+00:00","og_image":[{"width":800,"height":533,"url":"https:\/\/cynthiamedrano.ca\/wp-content\/uploads\/2026\/01\/registering-cra-01-crop.jpeg","type":"image\/jpeg"}],"twitter_card":"summary_large_image","twitter_misc":{"Tiempo de lectura":"3 minutos"},"schema":{"@context":"https:\/\/schema.org","@graph":[{"@type":"WebPage","@id":"https:\/\/cynthiamedrano.ca\/how-to-register-for-a-cra-account-online\/","url":"https:\/\/cynthiamedrano.ca\/how-to-register-for-a-cra-account-online\/","name":"How to register for a CRA account online | CM&A Bookkeeping and Tax Services Inc.","isPartOf":{"@id":"https:\/\/cynthiamedrano.ca\/#website"},"primaryImageOfPage":{"@id":"https:\/\/cynthiamedrano.ca\/how-to-register-for-a-cra-account-online\/#primaryimage"},"image":{"@id":"https:\/\/cynthiamedrano.ca\/how-to-register-for-a-cra-account-online\/#primaryimage"},"thumbnailUrl":"https:\/\/cynthiamedrano.ca\/wp-content\/uploads\/2026\/01\/registering-cra-01-crop.jpeg","datePublished":"2026-01-08T20:22:32+00:00","dateModified":"2026-01-08T20:53:46+00:00","description":"How to register for a CRA account? Follow this simple tutorial to set up 'My Account' online and access your Canada Revenue Agency tax info today.","breadcrumb":{"@id":"https:\/\/cynthiamedrano.ca\/how-to-register-for-a-cra-account-online\/#breadcrumb"},"inLanguage":"es","potentialAction":[{"@type":"ReadAction","target":["https:\/\/cynthiamedrano.ca\/how-to-register-for-a-cra-account-online\/"]}]},{"@type":"ImageObject","inLanguage":"es","@id":"https:\/\/cynthiamedrano.ca\/how-to-register-for-a-cra-account-online\/#primaryimage","url":"https:\/\/cynthiamedrano.ca\/wp-content\/uploads\/2026\/01\/registering-cra-01-crop.jpeg","contentUrl":"https:\/\/cynthiamedrano.ca\/wp-content\/uploads\/2026\/01\/registering-cra-01-crop.jpeg"},{"@type":"BreadcrumbList","@id":"https:\/\/cynthiamedrano.ca\/how-to-register-for-a-cra-account-online\/#breadcrumb","itemListElement":[{"@type":"ListItem","position":1,"name":"Home","item":"https:\/\/cynthiamedrano.ca\/"},{"@type":"ListItem","position":2,"name":"How to register for a CRA account online"}]},{"@type":"WebSite","@id":"https:\/\/cynthiamedrano.ca\/#website","url":"https:\/\/cynthiamedrano.ca\/","name":"CM&amp;A Bookkeeping","description":"","publisher":{"@id":"https:\/\/cynthiamedrano.ca\/#organization"},"potentialAction":[{"@type":"SearchAction","target":{"@type":"EntryPoint","urlTemplate":"https:\/\/cynthiamedrano.ca\/?s={search_term_string}"},"query-input":{"@type":"PropertyValueSpecification","valueRequired":true,"valueName":"search_term_string"}}],"inLanguage":"es"},{"@type":"Organization","@id":"https:\/\/cynthiamedrano.ca\/#organization","name":"CM&amp;A Bookkeeping","url":"https:\/\/cynthiamedrano.ca\/","logo":{"@type":"ImageObject","inLanguage":"es","@id":"https:\/\/cynthiamedrano.ca\/#\/schema\/logo\/image\/","url":"https:\/\/cynthiamedrano.ca\/wp-content\/uploads\/2025\/10\/cma-logo-black.png","contentUrl":"https:\/\/cynthiamedrano.ca\/wp-content\/uploads\/2025\/10\/cma-logo-black.png","width":601,"height":201,"caption":"CM&amp;A Bookkeeping"},"image":{"@id":"https:\/\/cynthiamedrano.ca\/#\/schema\/logo\/image\/"}}]}},"_links":{"self":[{"href":"https:\/\/cynthiamedrano.ca\/es\/wp-json\/wp\/v2\/pages\/47883","targetHints":{"allow":["GET"]}}],"collection":[{"href":"https:\/\/cynthiamedrano.ca\/es\/wp-json\/wp\/v2\/pages"}],"about":[{"href":"https:\/\/cynthiamedrano.ca\/es\/wp-json\/wp\/v2\/types\/page"}],"author":[{"embeddable":true,"href":"https:\/\/cynthiamedrano.ca\/es\/wp-json\/wp\/v2\/users\/1"}],"replies":[{"embeddable":true,"href":"https:\/\/cynthiamedrano.ca\/es\/wp-json\/wp\/v2\/comments?post=47883"}],"version-history":[{"count":0,"href":"https:\/\/cynthiamedrano.ca\/es\/wp-json\/wp\/v2\/pages\/47883\/revisions"}],"wp:attachment":[{"href":"https:\/\/cynthiamedrano.ca\/es\/wp-json\/wp\/v2\/media?parent=47883"}],"curies":[{"name":"wp","href":"https:\/\/api.w.org\/{rel}","templated":true}]}}