{"id":47962,"date":"2026-01-09T00:16:23","date_gmt":"2026-01-09T00:16:23","guid":{"rendered":"https:\/\/cynthiamedrano.ca\/?page_id=47962"},"modified":"2026-03-20T16:25:33","modified_gmt":"2026-03-20T16:25:33","slug":"how-to-authorize-a-representative-for-your-cra-business-account","status":"publish","type":"page","link":"https:\/\/cynthiamedrano.ca\/es\/how-to-authorize-a-representative-for-your-cra-business-account\/","title":{"rendered":"C\u00f3mo autorizar a un representante en tu cuenta de negocios del CRA"},"content":{"rendered":"<div class=\"gbp-section gb-element-31c1bc7d\">\n<div class=\"gbp-section__inner gb-element-e4df4dfb\">\n<div class=\"gb-element-e608466b\">\n<div class=\"gb-element-ba1f0adb\">\n<h1 class=\"gb-text\">C\u00f3mo autorizarnos como representantes en tu cuenta de CRA<\/h1>\n<\/div>\n<\/div>\n<\/div>\n<\/div>\n\n\n\n<div class=\"gbp-section gb-element-16447550\">\n<div class=\"gbp-section__inner gb-element-7d3e5a31\">\n<div class=\"gb-element-7facbcb4\">\n<div>\n<div class=\"gb-element-01ae0e69\">\n<div class=\"gb-element-34d69594\">\n<div class=\"gb-element-2a340551\">\n<span class=\"gb-shape gb-shape-657479ba\"><svg viewbox=\"0 0 256 256\" height=\"32\" width=\"32\" xmlns=\"http:\/\/www.w3.org\/2000\/svg\">\n  <circle fill=\"#f3e027\" r=\"84\" cy=\"128\" cx=\"128\"><\/circle>\n  <text fill=\"#000000\" font-weight=\"700\" font-size=\"220\" font-family=\"sans-serif\" text-anchor=\"middle\" y=\"78%\" x=\"50%\">1<\/text>\n<\/svg><\/span>\n<\/div>\n\n\n\n<div>\n<h3 class=\"wp-block-heading\"><strong>Inicia sesi\u00f3n en tu cuenta del CRA.<\/strong><\/h3>\n\n\n\n<p class=\"gb-text gb-text-ae683b97\">Accede a tu cuenta personal del CRA iniciando sesi\u00f3n a trav\u00e9s de<strong> <a href=\"https:\/\/www.canada.ca\/en\/revenue-agency\/services\/e-services\/digital-services-individuals\/account-individuals.html\">this official CRA link.<\/a> <\/strong>Elige tu m\u00e9todo habitual de inicio de sesi\u00f3n. Esto puede implicar responder una pregunta de seguridad, recibir un mensaje de texto de verificaci\u00f3n en tu tel\u00e9fono o ingresar a trav\u00e9s de tu cuenta bancaria, dependiendo de tu configuraci\u00f3n.<\/p>\n<\/div>\n<\/div>\n<\/div>\n\n\n\n<div class=\"gb-element-f7b3b30e\">\n<div class=\"gb-element-fb93c12d\">\n<div class=\"gb-element-23649e15\">\n<span class=\"gb-shape gb-shape-3a6f04cf\"><svg xmlns=\"http:\/\/www.w3.org\/2000\/svg\" width=\"32\" height=\"32\" viewbox=\"0 0 256 256\">\n  <circle cx=\"128\" cy=\"128\" r=\"84\" fill=\"#f3e027\"><\/circle>\n  <text x=\"50%\" y=\"78%\" text-anchor=\"middle\" font-family=\"sans-serif\" font-size=\"220\" font-weight=\"700\" fill=\"#000000\">2<\/text>\n<\/svg><\/span>\n<\/div>\n\n\n\n<div>\n<h3 class=\"wp-block-heading\"><strong>Ve a 'Profile' en el men\u00fa de la izquierda.<\/strong><\/h3>\n\n\n\n<p class=\"gb-text gb-text-df639047\">Una vez que hayas iniciado sesi\u00f3n en tu cuenta del CRA, dir\u00edgete a<strong> \u2018Profile\u2019 <\/strong>en el men\u00fa de la izquierda, generalmente ubicado debajo de <strong>\u2018Overview\u2019<\/strong>. Consulta la imagen adjunta como referencia.<\/p>\n<\/div>\n<\/div>\n\n\n\n<div class=\"gb-element-20a3a788\"><div class=\"wp-block-image\">\n<figure class=\"aligncenter size-full\"><img loading=\"lazy\" decoding=\"async\" width=\"800\" height=\"533\" src=\"https:\/\/cynthiamedrano.ca\/wp-content\/uploads\/2026\/01\/representative-02.jpg\" alt=\"\" class=\"wp-image-47967\" srcset=\"https:\/\/cynthiamedrano.ca\/wp-content\/uploads\/2026\/01\/representative-02.jpg 800w, https:\/\/cynthiamedrano.ca\/wp-content\/uploads\/2026\/01\/representative-02-300x200.jpg 300w, https:\/\/cynthiamedrano.ca\/wp-content\/uploads\/2026\/01\/representative-02-768x512.jpg 768w, https:\/\/cynthiamedrano.ca\/wp-content\/uploads\/2026\/01\/representative-02-18x12.jpg 18w\" sizes=\"auto, (max-width: 800px) 100vw, 800px\" \/><\/figure>\n<\/div><\/div>\n<\/div>\n\n\n\n<div class=\"gb-element-91036cf5\">\n<div class=\"gb-element-641f6870\">\n<div class=\"gb-element-1fe675e4\">\n<span class=\"gb-shape gb-shape-7f4ebf26\"><svg xmlns=\"http:\/\/www.w3.org\/2000\/svg\" width=\"32\" height=\"32\" viewbox=\"0 0 256 256\">\n  <circle cx=\"128\" cy=\"128\" r=\"84\" fill=\"#f3e027\"><\/circle>\n  <text x=\"50%\" y=\"78%\" text-anchor=\"middle\" font-family=\"sans-serif\" font-size=\"220\" font-weight=\"700\" fill=\"#000000\">3<\/text>\n<\/svg><\/span>\n<\/div>\n\n\n\n<div>\n<h3 class=\"wp-block-heading\"><strong>En tu Perfil, busca 'Authorized representative(s)' en la columna de la derecha.<\/strong><\/h3>\n\n\n\n<p class=\"gb-text gb-text-081be5b4\">Ubica <strong>\u201cAuthorized representative(s)\u201d <\/strong>en la columna derecha, dentro de tu Perfil. Es posible que ya veas algunos representantes listados ah\u00ed; puedes administrarlos o eliminarlos en cualquier momento desde esta secci\u00f3n. Una vez que encuentres 'Authorized representative(s)', haz clic en <strong>\u201cAdd\u201d<\/strong> para agregar otro representante.<\/p>\n<\/div>\n<\/div>\n\n\n\n<div class=\"gb-element-eed0622a\"><div class=\"wp-block-image\">\n<figure class=\"aligncenter size-full\"><img loading=\"lazy\" decoding=\"async\" width=\"800\" height=\"533\" src=\"https:\/\/cynthiamedrano.ca\/wp-content\/uploads\/2026\/01\/representative-03.jpg\" alt=\"\" class=\"wp-image-47969\" srcset=\"https:\/\/cynthiamedrano.ca\/wp-content\/uploads\/2026\/01\/representative-03.jpg 800w, https:\/\/cynthiamedrano.ca\/wp-content\/uploads\/2026\/01\/representative-03-300x200.jpg 300w, https:\/\/cynthiamedrano.ca\/wp-content\/uploads\/2026\/01\/representative-03-768x512.jpg 768w, https:\/\/cynthiamedrano.ca\/wp-content\/uploads\/2026\/01\/representative-03-18x12.jpg 18w\" sizes=\"auto, (max-width: 800px) 100vw, 800px\" \/><\/figure>\n<\/div><\/div>\n<\/div>\n\n\n\n<div class=\"gb-element-60526c53\">\n<div class=\"gb-element-347a1da3\">\n<div class=\"gb-element-0c09fd0e\">\n<span class=\"gb-shape gb-shape-5fdf10ac\"><svg xmlns=\"http:\/\/www.w3.org\/2000\/svg\" width=\"32\" height=\"32\" viewbox=\"0 0 256 256\">\n  <circle cx=\"128\" cy=\"128\" r=\"84\" fill=\"#f3e027\"><\/circle>\n  <text x=\"50%\" y=\"78%\" text-anchor=\"middle\" font-family=\"sans-serif\" font-size=\"220\" font-weight=\"700\" fill=\"#000000\">4<\/text>\n<\/svg><\/span>\n<\/div>\n\n\n\n<div>\n<h3 class=\"wp-block-heading\"><strong>Haz clic en el bot\u00f3n 'Start'<\/strong><\/h3>\n\n\n\n<p class=\"gb-text gb-text-e1dd6c6a\">Lee la informaci\u00f3n proporcionada por el CRA y haz clic en el bot\u00f3n 'Start' para autorizar a un representante.<\/p>\n<\/div>\n<\/div>\n\n\n\n<div class=\"gb-element-dc69fb65\"><div class=\"wp-block-image\">\n<figure class=\"aligncenter size-full\"><img loading=\"lazy\" decoding=\"async\" width=\"800\" height=\"533\" src=\"https:\/\/cynthiamedrano.ca\/wp-content\/uploads\/2026\/01\/representative-04.jpg\" alt=\"\" class=\"wp-image-47972\" srcset=\"https:\/\/cynthiamedrano.ca\/wp-content\/uploads\/2026\/01\/representative-04.jpg 800w, https:\/\/cynthiamedrano.ca\/wp-content\/uploads\/2026\/01\/representative-04-300x200.jpg 300w, https:\/\/cynthiamedrano.ca\/wp-content\/uploads\/2026\/01\/representative-04-768x512.jpg 768w, https:\/\/cynthiamedrano.ca\/wp-content\/uploads\/2026\/01\/representative-04-18x12.jpg 18w\" sizes=\"auto, (max-width: 800px) 100vw, 800px\" \/><\/figure>\n<\/div><\/div>\n<\/div>\n\n\n\n<div class=\"gb-element-f729e472\">\n<div class=\"gb-element-04bdc3e3\">\n<div class=\"gb-element-0cb16580\">\n<span class=\"gb-shape gb-shape-0a129f8f\"><svg xmlns=\"http:\/\/www.w3.org\/2000\/svg\" width=\"32\" height=\"32\" viewbox=\"0 0 256 256\">\n  <circle cx=\"128\" cy=\"128\" r=\"84\" fill=\"#f3e027\"><\/circle>\n  <text x=\"50%\" y=\"78%\" text-anchor=\"middle\" font-family=\"sans-serif\" font-size=\"220\" font-weight=\"700\" fill=\"#000000\">5<\/text>\n<\/svg><\/span>\n<\/div>\n\n\n\n<div>\n<h3 class=\"wp-block-heading\"><strong>Ingresa el Business Number de CM&amp;A Bookkeeping and Tax Services Inc.<\/strong><\/h3>\n\n\n\n<p class=\"gb-text gb-text-26532b79\">Ingresa el Business Number de CM&amp;A Bookkeeping and Tax Services Inc. (786218271) como tu representante y haz clic en<strong>\u2018Search\u2019.<\/strong> Nuestra informaci\u00f3n aparecer\u00e1 despu\u00e9s de ingresar el Business Number y hacer clic en el bot\u00f3n 'Search'.<\/p>\n<\/div>\n<\/div>\n\n\n\n<div class=\"gb-element-f3bc066d\"><div class=\"wp-block-image\">\n<figure class=\"aligncenter size-full\"><img loading=\"lazy\" decoding=\"async\" width=\"800\" height=\"533\" src=\"https:\/\/cynthiamedrano.ca\/wp-content\/uploads\/2026\/01\/representative-05.jpg\" alt=\"\" class=\"wp-image-47975\" srcset=\"https:\/\/cynthiamedrano.ca\/wp-content\/uploads\/2026\/01\/representative-05.jpg 800w, https:\/\/cynthiamedrano.ca\/wp-content\/uploads\/2026\/01\/representative-05-300x200.jpg 300w, https:\/\/cynthiamedrano.ca\/wp-content\/uploads\/2026\/01\/representative-05-768x512.jpg 768w, https:\/\/cynthiamedrano.ca\/wp-content\/uploads\/2026\/01\/representative-05-18x12.jpg 18w\" sizes=\"auto, (max-width: 800px) 100vw, 800px\" \/><\/figure>\n<\/div><\/div>\n<\/div>\n\n\n\n<div class=\"gb-element-1da84859\">\n<div class=\"gb-element-52646d1f\">\n<div class=\"gb-element-a8a5f19e\">\n<span class=\"gb-shape gb-shape-81eb2f79\"><svg xmlns=\"http:\/\/www.w3.org\/2000\/svg\" width=\"32\" height=\"32\" viewbox=\"0 0 256 256\">\n  <circle cx=\"128\" cy=\"128\" r=\"84\" fill=\"#f3e027\"><\/circle>\n  <text x=\"50%\" y=\"78%\" text-anchor=\"middle\" font-family=\"sans-serif\" font-size=\"220\" font-weight=\"700\" fill=\"#000000\">6<\/text>\n<\/svg><\/span>\n<\/div>\n\n\n\n<div>\n<h3 class=\"wp-block-heading\"><strong>Selecciona 'Level 2', marca 'Yes' para 'Online Access' y elige 'No Expiry Date'<\/strong><\/h3>\n\n\n\n<p class=\"gb-text gb-text-8aa2f3ec\">Elige 'Level 2' y selecciona<strong> \u2018Yes\u2019 <\/strong>para 'Online Access', y elige <strong>\u2018No Expiry Date.\u2019<\/strong> Recomendamos encarecidamente el 'Level 2' con 'Online Access' y 'No Expiry Date'. Evita establecer una fecha de vencimiento, ya que te obligar\u00e1 a repetir el proceso cuando lo necesites.<br>Recuerda que puedes modificar o cancelar nuestra autorizaci\u00f3n en cualquier momento desde esta plataforma.<\/p>\n<\/div>\n<\/div>\n\n\n\n<div class=\"gb-element-d622eff7\"><div class=\"wp-block-image\">\n<figure class=\"aligncenter size-full\"><img loading=\"lazy\" decoding=\"async\" width=\"800\" height=\"533\" src=\"https:\/\/cynthiamedrano.ca\/wp-content\/uploads\/2026\/01\/representative-06.jpg\" alt=\"\" class=\"wp-image-47978\" srcset=\"https:\/\/cynthiamedrano.ca\/wp-content\/uploads\/2026\/01\/representative-06.jpg 800w, https:\/\/cynthiamedrano.ca\/wp-content\/uploads\/2026\/01\/representative-06-300x200.jpg 300w, https:\/\/cynthiamedrano.ca\/wp-content\/uploads\/2026\/01\/representative-06-768x512.jpg 768w, https:\/\/cynthiamedrano.ca\/wp-content\/uploads\/2026\/01\/representative-06-18x12.jpg 18w\" sizes=\"auto, (max-width: 800px) 100vw, 800px\" \/><\/figure>\n<\/div><\/div>\n<\/div>\n\n\n\n<div class=\"gb-element-d3e8d68f\">\n<div class=\"gb-element-dd464684\">\n<div class=\"gb-element-26967e87\">\n<span class=\"gb-shape gb-shape-307561ca\"><svg xmlns=\"http:\/\/www.w3.org\/2000\/svg\" width=\"32\" height=\"32\" viewbox=\"0 0 256 256\">\n  <circle cx=\"128\" cy=\"128\" r=\"84\" fill=\"#f3e027\"><\/circle>\n  <text x=\"50%\" y=\"78%\" text-anchor=\"middle\" font-family=\"sans-serif\" font-size=\"220\" font-weight=\"700\" fill=\"#000000\">7<\/text>\n<\/svg><\/span>\n<\/div>\n\n\n\n<div>\n<h3 class=\"wp-block-heading\"><strong>Revisa la informaci\u00f3n y env\u00edala<\/strong><\/h3>\n\n\n\n<p class=\"gb-text gb-text-2dd54eb7\">Revisa la informaci\u00f3n de tu negocio y los detalles del nivel de autorizaci\u00f3n. Confirma que la informaci\u00f3n sea correcta y luego env\u00eda la solicitud de autorizaci\u00f3n.<\/p>\n<\/div>\n<\/div>\n\n\n\n<div class=\"gb-element-27fc3328\"><div class=\"wp-block-image\">\n<figure class=\"aligncenter size-full\"><img loading=\"lazy\" decoding=\"async\" width=\"800\" height=\"533\" src=\"https:\/\/cynthiamedrano.ca\/wp-content\/uploads\/2026\/01\/representative-07.jpg\" alt=\"\" class=\"wp-image-47981\" srcset=\"https:\/\/cynthiamedrano.ca\/wp-content\/uploads\/2026\/01\/representative-07.jpg 800w, https:\/\/cynthiamedrano.ca\/wp-content\/uploads\/2026\/01\/representative-07-300x200.jpg 300w, https:\/\/cynthiamedrano.ca\/wp-content\/uploads\/2026\/01\/representative-07-768x512.jpg 768w, https:\/\/cynthiamedrano.ca\/wp-content\/uploads\/2026\/01\/representative-07-18x12.jpg 18w\" sizes=\"auto, (max-width: 800px) 100vw, 800px\" \/><\/figure>\n<\/div><\/div>\n<\/div>\n\n\n\n<div class=\"gb-element-53807344\">\n<div class=\"gb-element-fc2ee834\">\n<div class=\"gb-element-7a9f2647\">\n<span class=\"gb-shape gb-shape-f455a34f\"><svg viewbox=\"0 0 256 256\" height=\"32\" width=\"32\" xmlns=\"http:\/\/www.w3.org\/2000\/svg\">\n  <circle fill=\"#f3e027\" r=\"84\" cy=\"128\" cx=\"128\"><\/circle>\n  <text fill=\"#000000\" font-weight=\"700\" font-size=\"220\" font-family=\"sans-serif\" text-anchor=\"middle\" y=\"78%\" x=\"50%\">8<\/text>\n<\/svg><\/span>\n<\/div>\n\n\n\n<div>\n<h3 class=\"wp-block-heading\"><strong>Has autorizado con \u00e9xito a un nuevo representante: CM&amp;A Bookkeeping and Tax Services INC.<\/strong><\/h3>\n\n\n\n<p class=\"gb-text gb-text-66828044\">Despu\u00e9s de enviar la solicitud, deber\u00edas ser redirigido a una pantalla de confirmaci\u00f3n.<br>Por lo general, deber\u00edas recibir un correo electr\u00f3nico del CRA confirmando el cambio de tu representante autorizado. El correo ser\u00e1 similar al siguiente ejemplo:<br><br><em>The authorized representative information on file with the Canada Revenue Agency (CRA) has changed for:<br>77########RT0001<br>You can view the new information on the Business profile page in My Business Account to ensure it is correct.<br>If you do not have My Business Account, go to the CRA website to register.<br>If you did not make this change please call 1-800-959-5525.<br>If you are calling from Yukon, Northwest Territories or Nunavut call 1-866-841-1876.<br>If you\u2019re calling from outside Canada and the United States, call us collect at 613-940-8497.<br>The TTY (teletypewriter) number is 1-800-665-0354.<br>This is an automated email message. Please do not reply.<\/em><\/p>\n<\/div>\n<\/div>\n<\/div>\n<\/div>\n<\/div>\n\n\n\n<div class=\"gb-element-7099a594\">\n<p class=\"has-contrast-color has-text-color has-link-color wp-elements-e8b13b98c70b094b480f602627228f10\"><strong><a href=\"https:\/\/cynthiamedrano.ca\/es\/tutorials\/\">&lt;&lt; Back to Tutorials<\/a><\/strong><\/p>\n<\/div>\n<\/div>\n<\/div>","protected":false},"excerpt":{"rendered":"<p>How to authorize a representative for your CRA account Log in to your CRA account Access your personal CRA account by logging in through this official CRA link. Choose your usual login method. This may involve answering a security question, receiving a text message verification on your phone, or logging in through your bank account, &#8230; <a title=\"C\u00f3mo autorizar a un representante en tu cuenta de negocios del CRA\" class=\"read-more\" href=\"https:\/\/cynthiamedrano.ca\/es\/how-to-authorize-a-representative-for-your-cra-business-account\/\" aria-label=\"Leer m\u00e1s sobre How to authorize a representative for your CRA business account\">Leer m\u00e1s<\/a><\/p>","protected":false},"author":1,"featured_media":0,"parent":0,"menu_order":0,"comment_status":"closed","ping_status":"closed","template":"","meta":{"footnotes":""},"class_list":["post-47962","page","type-page","status-publish"],"yoast_head":"<!-- This site is optimized with the Yoast SEO plugin v27.2 - https:\/\/yoast.com\/product\/yoast-seo-wordpress\/ -->\n<title>How to authorize a representative for your CRA business account | CM&amp;A Bookkeeping and Tax Services Inc.<\/title>\n<meta name=\"description\" content=\"Need to give your accountant access? Learn how to authorize a representative in your CRA My Business Account quickly and securely with this tutorial.\" \/>\n<meta name=\"robots\" content=\"index, follow, max-snippet:-1, max-image-preview:large, max-video-preview:-1\" \/>\n<link rel=\"canonical\" href=\"https:\/\/cynthiamedrano.ca\/es\/how-to-authorize-a-representative-for-your-cra-business-account\/\" \/>\n<meta property=\"og:locale\" content=\"es_ES\" \/>\n<meta property=\"og:type\" content=\"article\" \/>\n<meta property=\"og:title\" content=\"How to authorize a representative for your CRA business account | CM&amp;A Bookkeeping and Tax Services Inc.\" \/>\n<meta property=\"og:description\" content=\"Need to give your accountant access? Learn how to authorize a representative in your CRA My Business Account quickly and securely with this tutorial.\" \/>\n<meta property=\"og:url\" content=\"https:\/\/cynthiamedrano.ca\/es\/how-to-authorize-a-representative-for-your-cra-business-account\/\" \/>\n<meta property=\"og:site_name\" content=\"CM&amp;A Bookkeeping\" \/>\n<meta property=\"article:modified_time\" content=\"2026-03-20T16:25:33+00:00\" \/>\n<meta property=\"og:image\" content=\"https:\/\/cynthiamedrano.ca\/wp-content\/uploads\/2026\/01\/representative-02.jpg\" \/>\n\t<meta property=\"og:image:width\" content=\"800\" \/>\n\t<meta property=\"og:image:height\" content=\"533\" \/>\n\t<meta property=\"og:image:type\" content=\"image\/jpeg\" \/>\n<meta name=\"twitter:card\" content=\"summary_large_image\" \/>\n<meta name=\"twitter:label1\" content=\"Tiempo de lectura\" \/>\n\t<meta name=\"twitter:data1\" content=\"4 minutos\" \/>\n<script type=\"application\/ld+json\" class=\"yoast-schema-graph\">{\"@context\":\"https:\/\/schema.org\",\"@graph\":[{\"@type\":\"WebPage\",\"@id\":\"https:\/\/cynthiamedrano.ca\/how-to-authorize-a-representative-for-your-cra-business-account\/\",\"url\":\"https:\/\/cynthiamedrano.ca\/how-to-authorize-a-representative-for-your-cra-business-account\/\",\"name\":\"How to authorize a representative for your CRA business account | CM&A Bookkeeping and Tax Services Inc.\",\"isPartOf\":{\"@id\":\"https:\/\/cynthiamedrano.ca\/#website\"},\"primaryImageOfPage\":{\"@id\":\"https:\/\/cynthiamedrano.ca\/how-to-authorize-a-representative-for-your-cra-business-account\/#primaryimage\"},\"image\":{\"@id\":\"https:\/\/cynthiamedrano.ca\/how-to-authorize-a-representative-for-your-cra-business-account\/#primaryimage\"},\"thumbnailUrl\":\"https:\/\/cynthiamedrano.ca\/wp-content\/uploads\/2026\/01\/representative-02.jpg\",\"datePublished\":\"2026-01-09T00:16:23+00:00\",\"dateModified\":\"2026-03-20T16:25:33+00:00\",\"description\":\"Need to give your accountant access? Learn how to authorize a representative in your CRA My Business Account quickly and securely with this tutorial.\",\"breadcrumb\":{\"@id\":\"https:\/\/cynthiamedrano.ca\/how-to-authorize-a-representative-for-your-cra-business-account\/#breadcrumb\"},\"inLanguage\":\"es\",\"potentialAction\":[{\"@type\":\"ReadAction\",\"target\":[\"https:\/\/cynthiamedrano.ca\/how-to-authorize-a-representative-for-your-cra-business-account\/\"]}]},{\"@type\":\"ImageObject\",\"inLanguage\":\"es\",\"@id\":\"https:\/\/cynthiamedrano.ca\/how-to-authorize-a-representative-for-your-cra-business-account\/#primaryimage\",\"url\":\"https:\/\/cynthiamedrano.ca\/wp-content\/uploads\/2026\/01\/representative-02.jpg\",\"contentUrl\":\"https:\/\/cynthiamedrano.ca\/wp-content\/uploads\/2026\/01\/representative-02.jpg\"},{\"@type\":\"BreadcrumbList\",\"@id\":\"https:\/\/cynthiamedrano.ca\/how-to-authorize-a-representative-for-your-cra-business-account\/#breadcrumb\",\"itemListElement\":[{\"@type\":\"ListItem\",\"position\":1,\"name\":\"Home\",\"item\":\"https:\/\/cynthiamedrano.ca\/\"},{\"@type\":\"ListItem\",\"position\":2,\"name\":\"How to authorize a representative for your CRA business account\"}]},{\"@type\":\"WebSite\",\"@id\":\"https:\/\/cynthiamedrano.ca\/#website\",\"url\":\"https:\/\/cynthiamedrano.ca\/\",\"name\":\"CM&amp;A Bookkeeping\",\"description\":\"\",\"publisher\":{\"@id\":\"https:\/\/cynthiamedrano.ca\/#organization\"},\"potentialAction\":[{\"@type\":\"SearchAction\",\"target\":{\"@type\":\"EntryPoint\",\"urlTemplate\":\"https:\/\/cynthiamedrano.ca\/?s={search_term_string}\"},\"query-input\":{\"@type\":\"PropertyValueSpecification\",\"valueRequired\":true,\"valueName\":\"search_term_string\"}}],\"inLanguage\":\"es\"},{\"@type\":\"Organization\",\"@id\":\"https:\/\/cynthiamedrano.ca\/#organization\",\"name\":\"CM&amp;A Bookkeeping\",\"url\":\"https:\/\/cynthiamedrano.ca\/\",\"logo\":{\"@type\":\"ImageObject\",\"inLanguage\":\"es\",\"@id\":\"https:\/\/cynthiamedrano.ca\/#\/schema\/logo\/image\/\",\"url\":\"https:\/\/cynthiamedrano.ca\/wp-content\/uploads\/2025\/10\/cma-logo-black.png\",\"contentUrl\":\"https:\/\/cynthiamedrano.ca\/wp-content\/uploads\/2025\/10\/cma-logo-black.png\",\"width\":601,\"height\":201,\"caption\":\"CM&amp;A Bookkeeping\"},\"image\":{\"@id\":\"https:\/\/cynthiamedrano.ca\/#\/schema\/logo\/image\/\"}}]}<\/script>\n<!-- \/ Yoast SEO plugin. -->","yoast_head_json":{"title":"How to authorize a representative for your CRA business account | CM&A Bookkeeping and Tax Services Inc.","description":"Need to give your accountant access? Learn how to authorize a representative in your CRA My Business Account quickly and securely with this tutorial.","robots":{"index":"index","follow":"follow","max-snippet":"max-snippet:-1","max-image-preview":"max-image-preview:large","max-video-preview":"max-video-preview:-1"},"canonical":"https:\/\/cynthiamedrano.ca\/es\/how-to-authorize-a-representative-for-your-cra-business-account\/","og_locale":"es_ES","og_type":"article","og_title":"How to authorize a representative for your CRA business account | CM&A Bookkeeping and Tax Services Inc.","og_description":"Need to give your accountant access? Learn how to authorize a representative in your CRA My Business Account quickly and securely with this tutorial.","og_url":"https:\/\/cynthiamedrano.ca\/es\/how-to-authorize-a-representative-for-your-cra-business-account\/","og_site_name":"CM&amp;A Bookkeeping","article_modified_time":"2026-03-20T16:25:33+00:00","og_image":[{"width":800,"height":533,"url":"https:\/\/cynthiamedrano.ca\/wp-content\/uploads\/2026\/01\/representative-02.jpg","type":"image\/jpeg"}],"twitter_card":"summary_large_image","twitter_misc":{"Tiempo de lectura":"4 minutos"},"schema":{"@context":"https:\/\/schema.org","@graph":[{"@type":"WebPage","@id":"https:\/\/cynthiamedrano.ca\/how-to-authorize-a-representative-for-your-cra-business-account\/","url":"https:\/\/cynthiamedrano.ca\/how-to-authorize-a-representative-for-your-cra-business-account\/","name":"How to authorize a representative for your CRA business account | CM&A Bookkeeping and Tax Services Inc.","isPartOf":{"@id":"https:\/\/cynthiamedrano.ca\/#website"},"primaryImageOfPage":{"@id":"https:\/\/cynthiamedrano.ca\/how-to-authorize-a-representative-for-your-cra-business-account\/#primaryimage"},"image":{"@id":"https:\/\/cynthiamedrano.ca\/how-to-authorize-a-representative-for-your-cra-business-account\/#primaryimage"},"thumbnailUrl":"https:\/\/cynthiamedrano.ca\/wp-content\/uploads\/2026\/01\/representative-02.jpg","datePublished":"2026-01-09T00:16:23+00:00","dateModified":"2026-03-20T16:25:33+00:00","description":"Need to give your accountant access? Learn how to authorize a representative in your CRA My Business Account quickly and securely with this tutorial.","breadcrumb":{"@id":"https:\/\/cynthiamedrano.ca\/how-to-authorize-a-representative-for-your-cra-business-account\/#breadcrumb"},"inLanguage":"es","potentialAction":[{"@type":"ReadAction","target":["https:\/\/cynthiamedrano.ca\/how-to-authorize-a-representative-for-your-cra-business-account\/"]}]},{"@type":"ImageObject","inLanguage":"es","@id":"https:\/\/cynthiamedrano.ca\/how-to-authorize-a-representative-for-your-cra-business-account\/#primaryimage","url":"https:\/\/cynthiamedrano.ca\/wp-content\/uploads\/2026\/01\/representative-02.jpg","contentUrl":"https:\/\/cynthiamedrano.ca\/wp-content\/uploads\/2026\/01\/representative-02.jpg"},{"@type":"BreadcrumbList","@id":"https:\/\/cynthiamedrano.ca\/how-to-authorize-a-representative-for-your-cra-business-account\/#breadcrumb","itemListElement":[{"@type":"ListItem","position":1,"name":"Home","item":"https:\/\/cynthiamedrano.ca\/"},{"@type":"ListItem","position":2,"name":"How to authorize a representative for your CRA business account"}]},{"@type":"WebSite","@id":"https:\/\/cynthiamedrano.ca\/#website","url":"https:\/\/cynthiamedrano.ca\/","name":"CM&amp;A Bookkeeping","description":"","publisher":{"@id":"https:\/\/cynthiamedrano.ca\/#organization"},"potentialAction":[{"@type":"SearchAction","target":{"@type":"EntryPoint","urlTemplate":"https:\/\/cynthiamedrano.ca\/?s={search_term_string}"},"query-input":{"@type":"PropertyValueSpecification","valueRequired":true,"valueName":"search_term_string"}}],"inLanguage":"es"},{"@type":"Organization","@id":"https:\/\/cynthiamedrano.ca\/#organization","name":"CM&amp;A Bookkeeping","url":"https:\/\/cynthiamedrano.ca\/","logo":{"@type":"ImageObject","inLanguage":"es","@id":"https:\/\/cynthiamedrano.ca\/#\/schema\/logo\/image\/","url":"https:\/\/cynthiamedrano.ca\/wp-content\/uploads\/2025\/10\/cma-logo-black.png","contentUrl":"https:\/\/cynthiamedrano.ca\/wp-content\/uploads\/2025\/10\/cma-logo-black.png","width":601,"height":201,"caption":"CM&amp;A Bookkeeping"},"image":{"@id":"https:\/\/cynthiamedrano.ca\/#\/schema\/logo\/image\/"}}]}},"_links":{"self":[{"href":"https:\/\/cynthiamedrano.ca\/es\/wp-json\/wp\/v2\/pages\/47962","targetHints":{"allow":["GET"]}}],"collection":[{"href":"https:\/\/cynthiamedrano.ca\/es\/wp-json\/wp\/v2\/pages"}],"about":[{"href":"https:\/\/cynthiamedrano.ca\/es\/wp-json\/wp\/v2\/types\/page"}],"author":[{"embeddable":true,"href":"https:\/\/cynthiamedrano.ca\/es\/wp-json\/wp\/v2\/users\/1"}],"replies":[{"embeddable":true,"href":"https:\/\/cynthiamedrano.ca\/es\/wp-json\/wp\/v2\/comments?post=47962"}],"version-history":[{"count":0,"href":"https:\/\/cynthiamedrano.ca\/es\/wp-json\/wp\/v2\/pages\/47962\/revisions"}],"wp:attachment":[{"href":"https:\/\/cynthiamedrano.ca\/es\/wp-json\/wp\/v2\/media?parent=47962"}],"curies":[{"name":"wp","href":"https:\/\/api.w.org\/{rel}","templated":true}]}}