{"id":47998,"date":"2026-02-20T22:59:41","date_gmt":"2026-02-20T22:59:41","guid":{"rendered":"https:\/\/cynthiamedrano.ca\/?page_id=47998"},"modified":"2026-02-20T23:01:59","modified_gmt":"2026-02-20T23:01:59","slug":"frequently-asked-questions-faq","status":"publish","type":"page","link":"https:\/\/cynthiamedrano.ca\/es\/frequently-asked-questions-faq\/","title":{"rendered":"Preguntas Frecuentes"},"content":{"rendered":"<div>\n<h1 class=\"wp-block-heading\">Preguntas Frecuentes<\/h1>\n<\/div>\n\n\n\n<div>\n<h2 class=\"wp-block-heading\">\u00bfPor qu\u00e9 mi reembolso (return) es diferente al de otras personas con ingresos similares?<\/h2>\n\n\n\n<p>La ley de impuestos en Canad\u00e1 (CRA) se aplica por igual a todos, pero ning\u00fan perfil fiscal es id\u00e9ntico. Tu reembolso depende de m\u00faltiples variables personales m\u00e1s all\u00e1 de tu salario (T4). Factores como tus deducciones (gastos m\u00e9dicos, donaciones, RRSP), tu estado civil, la cantidad de dependientes a tu cargo y las retenciones espec\u00edficas que hizo tu empleador durante el a\u00f1o, hacen que cada resultado sea \u00fanico. Nuestro objetivo es analizar tu caso particular para asegurar que recibas todos los beneficios a los que tienes derecho legalmente.<\/p>\n<\/div>\n\n\n\n<div>\n<h2 class=\"wp-block-heading\">Llevo poco tiempo en Canad\u00e1 o mis ingresos fueron muy bajos este a\u00f1o, \u00bfdebo presentar mi declaraci\u00f3n?<\/h2>\n\n\n\n<p>S\u00ed, es sumamente recomendable. Aunque tus ingresos hayan sido m\u00ednimos o nulos, presentar tu declaraci\u00f3n de impuestos es el \u00fanico medio para acceder a beneficios gubernamentales como el GST\/HST Credit (pagos trimestrales libres de impuestos) y beneficios por hijos (CBB), si aplican. Adem\u00e1s, comenzar\u00e1s a generar tu historial fiscal en el pa\u00eds y acumular\u00e1s espacio de contribuci\u00f3n para tu retiro (RRSP).\u00a0<strong>GST\/HST Credit<\/strong>\u00a0(tax-free quarterly payments) and child benefits (CCB), if applicable. In addition, you will start building your tax history in the country and accumulate contribution room for your retirement savings (RRSP).<\/p>\n<\/div>\n\n\n\n<div>\n<h2 class=\"wp-block-heading\">Soy trabajador independiente (Self-Employed) y me pagan sin deducciones. \u00bfC\u00f3mo manejo mis impuestos?<\/h2>\n\n\n\n<p>Como trabajador independiente, eres responsable de apartar y pagar tus propios impuestos a la CRA. La gran ventaja es que puedes deducir numerosos gastos operativos relacionados con tu trabajo (herramientas, proporci\u00f3n de uso de veh\u00edculo, tel\u00e9fono, etc.) para reducir tu carga fiscal final. Es vital mantener un registro ordenado de tus facturas y recibos. En CM&amp;A Tax Services contamos con amplia experiencia estructurando este tipo de declaraciones para maximizar tus deducciones permitidas.<\/p>\n<\/div>\n\n\n\n<div>\n<h2 class=\"wp-block-heading\">\u00bfQu\u00e9 sucede si perd\u00ed mi formulario T4 o mi empleador no me lo entreg\u00f3?<\/h2>\n\n\n\n<p>Los empleadores tienen hasta finales de febrero para emitir los T4. Si llega marzo y a\u00fan no lo tienes, o si extraviaste alguno de un empleo anterior, no es necesario que atrases tu proceso. Como representantes autorizados ante la CRA, podemos acceder a tu portal y descargar directamente la copia digital de los formularios que tus empleadores hayan reportado al gobierno.<\/p>\n<\/div>\n\n\n\n<div>\n<h2 class=\"wp-block-heading\">Creo que hay un error en mis declaraciones de a\u00f1os anteriores o tengo documentos atrasados. \u00bfMe van a multar?<\/h2>\n\n\n\n<p>No te preocupes, la mayor\u00eda de estas situaciones tienen soluci\u00f3n. Podemos presentar un \"Ajuste a la Declaraci\u00f3n\" (T1-ADJ) para corregir errores u omisiones de a\u00f1os pasados. Siempre es preferible corregir proactivamente cualquier discrepancia antes de que la CRA inicie una revisi\u00f3n. Solo necesitas proporcionarnos tu Notice of Assessment anterior y los documentos faltantes, y nosotros nos encargaremos de actualizar tu expediente de manera segura.\u00a0<em>Notice of Assessment<\/em>\u00a0and the missing documents, and we will take care of updating your file securely.<\/p>\n<\/div>\n\n\n\n<p><\/p>","protected":false},"excerpt":{"rendered":"<p>Frequently Asked Questions FAQ Why is my tax refund (return) different from others with similar incomes? Canadian tax law (CRA) applies equally to everyone, but no two tax profiles are identical. Your refund depends on multiple personal variables beyond just your salary (T4). Factors such as your deductions (medical expenses, donations, RRSP), your marital status, &#8230; <a title=\"Preguntas Frecuentes\" class=\"read-more\" href=\"https:\/\/cynthiamedrano.ca\/es\/frequently-asked-questions-faq\/\" aria-label=\"Leer m\u00e1s sobre Frequently Asked Questions FAQ\">Leer m\u00e1s<\/a><\/p>","protected":false},"author":1,"featured_media":0,"parent":0,"menu_order":0,"comment_status":"closed","ping_status":"closed","template":"","meta":{"footnotes":""},"class_list":["post-47998","page","type-page","status-publish"],"yoast_head":"<!-- This site is optimized with the Yoast SEO plugin v27.2 - https:\/\/yoast.com\/product\/yoast-seo-wordpress\/ -->\n<title>Frequently Asked Questions FAQ - CM&amp;A Bookkeeping<\/title>\n<meta name=\"robots\" content=\"index, follow, max-snippet:-1, max-image-preview:large, max-video-preview:-1\" \/>\n<link rel=\"canonical\" href=\"https:\/\/cynthiamedrano.ca\/es\/frequently-asked-questions-faq\/\" \/>\n<meta property=\"og:locale\" content=\"es_ES\" \/>\n<meta property=\"og:type\" content=\"article\" \/>\n<meta property=\"og:title\" content=\"Frequently Asked Questions FAQ - CM&amp;A Bookkeeping\" \/>\n<meta property=\"og:description\" content=\"Frequently Asked Questions FAQ Why is my tax refund (return) different from others with similar incomes? Canadian tax law (CRA) applies equally to everyone, but no two tax profiles are identical. Your refund depends on multiple personal variables beyond just your salary (T4). Factors such as your deductions (medical expenses, donations, RRSP), your marital status, ... Leer m\u00e1s\" \/>\n<meta property=\"og:url\" content=\"https:\/\/cynthiamedrano.ca\/es\/frequently-asked-questions-faq\/\" \/>\n<meta property=\"og:site_name\" content=\"CM&amp;A Bookkeeping\" \/>\n<meta property=\"article:modified_time\" content=\"2026-02-20T23:01:59+00:00\" \/>\n<meta name=\"twitter:card\" content=\"summary_large_image\" \/>\n<meta name=\"twitter:label1\" content=\"Tiempo de lectura\" \/>\n\t<meta name=\"twitter:data1\" content=\"2 minutos\" \/>\n<script type=\"application\/ld+json\" class=\"yoast-schema-graph\">{\"@context\":\"https:\/\/schema.org\",\"@graph\":[{\"@type\":\"WebPage\",\"@id\":\"https:\/\/cynthiamedrano.ca\/frequently-asked-questions-faq\/\",\"url\":\"https:\/\/cynthiamedrano.ca\/frequently-asked-questions-faq\/\",\"name\":\"Frequently Asked Questions FAQ - CM&amp;A Bookkeeping\",\"isPartOf\":{\"@id\":\"https:\/\/cynthiamedrano.ca\/#website\"},\"datePublished\":\"2026-02-20T22:59:41+00:00\",\"dateModified\":\"2026-02-20T23:01:59+00:00\",\"breadcrumb\":{\"@id\":\"https:\/\/cynthiamedrano.ca\/frequently-asked-questions-faq\/#breadcrumb\"},\"inLanguage\":\"es\",\"potentialAction\":[{\"@type\":\"ReadAction\",\"target\":[\"https:\/\/cynthiamedrano.ca\/frequently-asked-questions-faq\/\"]}]},{\"@type\":\"BreadcrumbList\",\"@id\":\"https:\/\/cynthiamedrano.ca\/frequently-asked-questions-faq\/#breadcrumb\",\"itemListElement\":[{\"@type\":\"ListItem\",\"position\":1,\"name\":\"Home\",\"item\":\"https:\/\/cynthiamedrano.ca\/\"},{\"@type\":\"ListItem\",\"position\":2,\"name\":\"Frequently Asked Questions FAQ\"}]},{\"@type\":\"WebSite\",\"@id\":\"https:\/\/cynthiamedrano.ca\/#website\",\"url\":\"https:\/\/cynthiamedrano.ca\/\",\"name\":\"CM&amp;A Bookkeeping\",\"description\":\"\",\"publisher\":{\"@id\":\"https:\/\/cynthiamedrano.ca\/#organization\"},\"potentialAction\":[{\"@type\":\"SearchAction\",\"target\":{\"@type\":\"EntryPoint\",\"urlTemplate\":\"https:\/\/cynthiamedrano.ca\/?s={search_term_string}\"},\"query-input\":{\"@type\":\"PropertyValueSpecification\",\"valueRequired\":true,\"valueName\":\"search_term_string\"}}],\"inLanguage\":\"es\"},{\"@type\":\"Organization\",\"@id\":\"https:\/\/cynthiamedrano.ca\/#organization\",\"name\":\"CM&amp;A Bookkeeping\",\"url\":\"https:\/\/cynthiamedrano.ca\/\",\"logo\":{\"@type\":\"ImageObject\",\"inLanguage\":\"es\",\"@id\":\"https:\/\/cynthiamedrano.ca\/#\/schema\/logo\/image\/\",\"url\":\"https:\/\/cynthiamedrano.ca\/wp-content\/uploads\/2025\/10\/cma-logo-black.png\",\"contentUrl\":\"https:\/\/cynthiamedrano.ca\/wp-content\/uploads\/2025\/10\/cma-logo-black.png\",\"width\":601,\"height\":201,\"caption\":\"CM&amp;A Bookkeeping\"},\"image\":{\"@id\":\"https:\/\/cynthiamedrano.ca\/#\/schema\/logo\/image\/\"}}]}<\/script>\n<!-- \/ Yoast SEO plugin. -->","yoast_head_json":{"title":"Frequently Asked Questions FAQ - CM&amp;A Bookkeeping","robots":{"index":"index","follow":"follow","max-snippet":"max-snippet:-1","max-image-preview":"max-image-preview:large","max-video-preview":"max-video-preview:-1"},"canonical":"https:\/\/cynthiamedrano.ca\/es\/frequently-asked-questions-faq\/","og_locale":"es_ES","og_type":"article","og_title":"Frequently Asked Questions FAQ - CM&amp;A Bookkeeping","og_description":"Frequently Asked Questions FAQ Why is my tax refund (return) different from others with similar incomes? Canadian tax law (CRA) applies equally to everyone, but no two tax profiles are identical. Your refund depends on multiple personal variables beyond just your salary (T4). Factors such as your deductions (medical expenses, donations, RRSP), your marital status, ... Leer m\u00e1s","og_url":"https:\/\/cynthiamedrano.ca\/es\/frequently-asked-questions-faq\/","og_site_name":"CM&amp;A Bookkeeping","article_modified_time":"2026-02-20T23:01:59+00:00","twitter_card":"summary_large_image","twitter_misc":{"Tiempo de lectura":"2 minutos"},"schema":{"@context":"https:\/\/schema.org","@graph":[{"@type":"WebPage","@id":"https:\/\/cynthiamedrano.ca\/frequently-asked-questions-faq\/","url":"https:\/\/cynthiamedrano.ca\/frequently-asked-questions-faq\/","name":"Frequently Asked Questions FAQ - CM&amp;A Bookkeeping","isPartOf":{"@id":"https:\/\/cynthiamedrano.ca\/#website"},"datePublished":"2026-02-20T22:59:41+00:00","dateModified":"2026-02-20T23:01:59+00:00","breadcrumb":{"@id":"https:\/\/cynthiamedrano.ca\/frequently-asked-questions-faq\/#breadcrumb"},"inLanguage":"es","potentialAction":[{"@type":"ReadAction","target":["https:\/\/cynthiamedrano.ca\/frequently-asked-questions-faq\/"]}]},{"@type":"BreadcrumbList","@id":"https:\/\/cynthiamedrano.ca\/frequently-asked-questions-faq\/#breadcrumb","itemListElement":[{"@type":"ListItem","position":1,"name":"Home","item":"https:\/\/cynthiamedrano.ca\/"},{"@type":"ListItem","position":2,"name":"Frequently Asked Questions FAQ"}]},{"@type":"WebSite","@id":"https:\/\/cynthiamedrano.ca\/#website","url":"https:\/\/cynthiamedrano.ca\/","name":"CM&amp;A Bookkeeping","description":"","publisher":{"@id":"https:\/\/cynthiamedrano.ca\/#organization"},"potentialAction":[{"@type":"SearchAction","target":{"@type":"EntryPoint","urlTemplate":"https:\/\/cynthiamedrano.ca\/?s={search_term_string}"},"query-input":{"@type":"PropertyValueSpecification","valueRequired":true,"valueName":"search_term_string"}}],"inLanguage":"es"},{"@type":"Organization","@id":"https:\/\/cynthiamedrano.ca\/#organization","name":"CM&amp;A Bookkeeping","url":"https:\/\/cynthiamedrano.ca\/","logo":{"@type":"ImageObject","inLanguage":"es","@id":"https:\/\/cynthiamedrano.ca\/#\/schema\/logo\/image\/","url":"https:\/\/cynthiamedrano.ca\/wp-content\/uploads\/2025\/10\/cma-logo-black.png","contentUrl":"https:\/\/cynthiamedrano.ca\/wp-content\/uploads\/2025\/10\/cma-logo-black.png","width":601,"height":201,"caption":"CM&amp;A Bookkeeping"},"image":{"@id":"https:\/\/cynthiamedrano.ca\/#\/schema\/logo\/image\/"}}]}},"_links":{"self":[{"href":"https:\/\/cynthiamedrano.ca\/es\/wp-json\/wp\/v2\/pages\/47998","targetHints":{"allow":["GET"]}}],"collection":[{"href":"https:\/\/cynthiamedrano.ca\/es\/wp-json\/wp\/v2\/pages"}],"about":[{"href":"https:\/\/cynthiamedrano.ca\/es\/wp-json\/wp\/v2\/types\/page"}],"author":[{"embeddable":true,"href":"https:\/\/cynthiamedrano.ca\/es\/wp-json\/wp\/v2\/users\/1"}],"replies":[{"embeddable":true,"href":"https:\/\/cynthiamedrano.ca\/es\/wp-json\/wp\/v2\/comments?post=47998"}],"version-history":[{"count":0,"href":"https:\/\/cynthiamedrano.ca\/es\/wp-json\/wp\/v2\/pages\/47998\/revisions"}],"wp:attachment":[{"href":"https:\/\/cynthiamedrano.ca\/es\/wp-json\/wp\/v2\/media?parent=47998"}],"curies":[{"name":"wp","href":"https:\/\/api.w.org\/{rel}","templated":true}]}}