{"id":48001,"date":"2026-02-20T23:17:39","date_gmt":"2026-02-20T23:17:39","guid":{"rendered":"https:\/\/cynthiamedrano.ca\/?page_id=48001"},"modified":"2026-02-20T23:22:50","modified_gmt":"2026-02-20T23:22:50","slug":"resources","status":"publish","type":"page","link":"https:\/\/cynthiamedrano.ca\/es\/resources\/","title":{"rendered":"Recursos"},"content":{"rendered":"<div>\n<h1 class=\"wp-block-heading\">Recursos<\/h1>\n<\/div>\n\n\n\n<div class=\"gb-element-4b756578\">\n<p>Encuentra todo lo que necesitas para aprovechar al m\u00e1ximo nuestras herramientas. Desde gu\u00edas paso a paso hasta respuestas r\u00e1pidas a las preguntas m\u00e1s comunes, estamos aqu\u00ed para apoyarte en cada etapa del camino.<\/p>\n<\/div>\n\n\n\n<div>\n<div class=\"gbp-section__inner gb-element-71b0b80f\">\n<div class=\"gb-element-ba5d3187\">\n<div class=\"gb-element-f1f7a1dc\">\n<div class=\"gb-element-086f3538\">\n<span class=\"gb-shape gb-shape-ce9ee4e5\"><svg aria-hidden=\"true\" height=\"1em\" width=\"1em\" viewbox=\"0 0 512 512\" xmlns=\"http:\/\/www.w3.org\/2000\/svg\"><path fill=\"currentColor\" d=\"M256 8C119.033 8 8 119.033 8 256s111.033 248 248 248 248-111.033 248-248S392.967 8 256 8zm0 48c110.532 0 200 89.451 200 200 0 110.532-89.451 200-200 200-110.532 0-200-89.451-200-200 0-110.532 89.451-200 200-200m140.204 130.267l-22.536-22.718c-4.667-4.705-12.265-4.736-16.97-.068L215.346 303.697l-59.792-60.277c-4.667-4.705-12.265-4.736-16.97-.069l-22.719 22.536c-4.705 4.667-4.736 12.265-.068 16.971l90.781 91.516c4.667 4.705 12.265 4.736 16.97.068l172.589-171.204c4.704-4.668 4.734-12.266.067-16.971z\"><\/path><\/svg><\/span>\n<\/div>\n\n\n\n<div>\n<p class=\"has-text-align-center\"><strong>Preguntas Frecuentes<\/strong><\/p>\n<\/div>\n\n\n\n<div class=\"gb-element-458b1220\">\n<a class=\"gb-text-56a4adfe\" href=\"https:\/\/cynthiamedrano.ca\/es\/frequently-asked-questions-faq\/\"><span class=\"gb-text\">Mostrar FAQ<\/span><span class=\"gb-shape\"><svg viewbox=\"0 0 256 256\" width=\"64\" height=\"64\" xmlns=\"http:\/\/www.w3.org\/2000\/svg\">\n  <circle cx=\"128\" cy=\"128\" r=\"128\" fill=\"#000000\"><\/circle>\n  <g transform=\"scale(0.9) translate(13, 13)\">\n    <path d=\"M224.49,136.49l-72,72a12,12,0,0,1-17-17L187,140H40a12,12,0,0,1,0-24H187L135.51,64.48a12,12,0,0,1,17-17l72,72A12,12,0,0,1,224.49,136.49Z\" fill=\"#ffffff\"><\/path>\n  <\/g>\n<\/svg><\/span><\/a>\n<\/div>\n<\/div>\n<\/div>\n\n\n\n<div class=\"gb-element-e0d266a3\">\n<div class=\"gb-element-976b0f9c\">\n<div class=\"gb-element-c84997ce\">\n<span class=\"gb-shape gb-shape-f70df852\"><svg aria-hidden=\"true\" height=\"1em\" width=\"1em\" viewbox=\"0 0 448 512\" xmlns=\"http:\/\/www.w3.org\/2000\/svg\"><path fill=\"currentColor\" d=\"M448 360V24c0-13.3-10.7-24-24-24H96C43 0 0 43 0 96v320c0 53 43 96 96 96h328c13.3 0 24-10.7 24-24v-16c0-7.5-3.5-14.3-8.9-18.7-4.2-15.4-4.2-59.3 0-74.7 5.4-4.3 8.9-11.1 8.9-18.6zM128 134c0-3.3 2.7-6 6-6h212c3.3 0 6 2.7 6 6v20c0 3.3-2.7 6-6 6H134c-3.3 0-6-2.7-6-6v-20zm0 64c0-3.3 2.7-6 6-6h212c3.3 0 6 2.7 6 6v20c0 3.3-2.7 6-6 6H134c-3.3 0-6-2.7-6-6v-20zm253.4 250H96c-17.7 0-32-14.3-32-32 0-17.6 14.4-32 32-32h285.4c-1.9 17.1-1.9 46.9 0 64z\"><\/path><\/svg><\/span>\n<\/div>\n\n\n\n<div class=\"gb-element-6b8f5b3c\">\n<p class=\"has-text-align-center\"><strong>Tutoriales<\/strong><\/p>\n<\/div>\n\n\n\n<div class=\"gb-element-5675a59b\">\n<a class=\"gb-text-03e44c5c\" href=\"https:\/\/cynthiamedrano.ca\/es\/tutorials\/\"><span class=\"gb-text\">Mostrar Tutoriales<\/span><span class=\"gb-shape\"><svg viewbox=\"0 0 256 256\" width=\"64\" height=\"64\" xmlns=\"http:\/\/www.w3.org\/2000\/svg\">\n  <circle cx=\"128\" cy=\"128\" r=\"128\" fill=\"#000000\"><\/circle>\n  <g transform=\"scale(0.9) translate(13, 13)\">\n    <path d=\"M224.49,136.49l-72,72a12,12,0,0,1-17-17L187,140H40a12,12,0,0,1,0-24H187L135.51,64.48a12,12,0,0,1,17-17l72,72A12,12,0,0,1,224.49,136.49Z\" fill=\"#ffffff\"><\/path>\n  <\/g>\n<\/svg><\/span><\/a>\n<\/div>\n<\/div>\n<\/div>\n<\/div>\n<\/div>","protected":false},"excerpt":{"rendered":"<p>Resources Find everything you need to get the most out of our tools. From step-by-step guides to quick answers to common questions, we are here to support you every step of the way. Frequently Asked Questions FAQ Show FAQ Tutorials Show Tutorials<\/p>","protected":false},"author":1,"featured_media":0,"parent":0,"menu_order":0,"comment_status":"closed","ping_status":"closed","template":"","meta":{"footnotes":""},"class_list":["post-48001","page","type-page","status-publish"],"yoast_head":"<!-- This site is optimized with the Yoast SEO plugin v27.2 - https:\/\/yoast.com\/product\/yoast-seo-wordpress\/ -->\n<title>Resources - CM&amp;A Bookkeeping<\/title>\n<meta name=\"robots\" content=\"index, follow, max-snippet:-1, max-image-preview:large, max-video-preview:-1\" \/>\n<link rel=\"canonical\" href=\"https:\/\/cynthiamedrano.ca\/es\/resources\/\" \/>\n<meta property=\"og:locale\" content=\"es_ES\" \/>\n<meta property=\"og:type\" content=\"article\" \/>\n<meta property=\"og:title\" content=\"Resources - CM&amp;A Bookkeeping\" \/>\n<meta property=\"og:description\" content=\"Resources Find everything you need to get the most out of our tools. From step-by-step guides to quick answers to common questions, we are here to support you every step of the way. Frequently Asked Questions FAQ Show FAQ Tutorials Show Tutorials\" \/>\n<meta property=\"og:url\" content=\"https:\/\/cynthiamedrano.ca\/es\/resources\/\" \/>\n<meta property=\"og:site_name\" content=\"CM&amp;A Bookkeeping\" \/>\n<meta property=\"article:modified_time\" content=\"2026-02-20T23:22:50+00:00\" \/>\n<meta name=\"twitter:card\" content=\"summary_large_image\" \/>\n<meta name=\"twitter:label1\" content=\"Tiempo de lectura\" \/>\n\t<meta name=\"twitter:data1\" content=\"1 minuto\" \/>\n<script type=\"application\/ld+json\" class=\"yoast-schema-graph\">{\"@context\":\"https:\/\/schema.org\",\"@graph\":[{\"@type\":\"WebPage\",\"@id\":\"https:\/\/cynthiamedrano.ca\/resources\/\",\"url\":\"https:\/\/cynthiamedrano.ca\/resources\/\",\"name\":\"Resources - CM&amp;A Bookkeeping\",\"isPartOf\":{\"@id\":\"https:\/\/cynthiamedrano.ca\/#website\"},\"datePublished\":\"2026-02-20T23:17:39+00:00\",\"dateModified\":\"2026-02-20T23:22:50+00:00\",\"breadcrumb\":{\"@id\":\"https:\/\/cynthiamedrano.ca\/resources\/#breadcrumb\"},\"inLanguage\":\"es\",\"potentialAction\":[{\"@type\":\"ReadAction\",\"target\":[\"https:\/\/cynthiamedrano.ca\/resources\/\"]}]},{\"@type\":\"BreadcrumbList\",\"@id\":\"https:\/\/cynthiamedrano.ca\/resources\/#breadcrumb\",\"itemListElement\":[{\"@type\":\"ListItem\",\"position\":1,\"name\":\"Home\",\"item\":\"https:\/\/cynthiamedrano.ca\/\"},{\"@type\":\"ListItem\",\"position\":2,\"name\":\"Resources\"}]},{\"@type\":\"WebSite\",\"@id\":\"https:\/\/cynthiamedrano.ca\/#website\",\"url\":\"https:\/\/cynthiamedrano.ca\/\",\"name\":\"CM&amp;A Bookkeeping\",\"description\":\"\",\"publisher\":{\"@id\":\"https:\/\/cynthiamedrano.ca\/#organization\"},\"potentialAction\":[{\"@type\":\"SearchAction\",\"target\":{\"@type\":\"EntryPoint\",\"urlTemplate\":\"https:\/\/cynthiamedrano.ca\/?s={search_term_string}\"},\"query-input\":{\"@type\":\"PropertyValueSpecification\",\"valueRequired\":true,\"valueName\":\"search_term_string\"}}],\"inLanguage\":\"es\"},{\"@type\":\"Organization\",\"@id\":\"https:\/\/cynthiamedrano.ca\/#organization\",\"name\":\"CM&amp;A Bookkeeping\",\"url\":\"https:\/\/cynthiamedrano.ca\/\",\"logo\":{\"@type\":\"ImageObject\",\"inLanguage\":\"es\",\"@id\":\"https:\/\/cynthiamedrano.ca\/#\/schema\/logo\/image\/\",\"url\":\"https:\/\/cynthiamedrano.ca\/wp-content\/uploads\/2025\/10\/cma-logo-black.png\",\"contentUrl\":\"https:\/\/cynthiamedrano.ca\/wp-content\/uploads\/2025\/10\/cma-logo-black.png\",\"width\":601,\"height\":201,\"caption\":\"CM&amp;A Bookkeeping\"},\"image\":{\"@id\":\"https:\/\/cynthiamedrano.ca\/#\/schema\/logo\/image\/\"}}]}<\/script>\n<!-- \/ Yoast SEO plugin. -->","yoast_head_json":{"title":"Resources - CM&amp;A Bookkeeping","robots":{"index":"index","follow":"follow","max-snippet":"max-snippet:-1","max-image-preview":"max-image-preview:large","max-video-preview":"max-video-preview:-1"},"canonical":"https:\/\/cynthiamedrano.ca\/es\/resources\/","og_locale":"es_ES","og_type":"article","og_title":"Resources - CM&amp;A Bookkeeping","og_description":"Resources Find everything you need to get the most out of our tools. From step-by-step guides to quick answers to common questions, we are here to support you every step of the way. Frequently Asked Questions FAQ Show FAQ Tutorials Show Tutorials","og_url":"https:\/\/cynthiamedrano.ca\/es\/resources\/","og_site_name":"CM&amp;A Bookkeeping","article_modified_time":"2026-02-20T23:22:50+00:00","twitter_card":"summary_large_image","twitter_misc":{"Tiempo de lectura":"1 minuto"},"schema":{"@context":"https:\/\/schema.org","@graph":[{"@type":"WebPage","@id":"https:\/\/cynthiamedrano.ca\/resources\/","url":"https:\/\/cynthiamedrano.ca\/resources\/","name":"Resources - CM&amp;A Bookkeeping","isPartOf":{"@id":"https:\/\/cynthiamedrano.ca\/#website"},"datePublished":"2026-02-20T23:17:39+00:00","dateModified":"2026-02-20T23:22:50+00:00","breadcrumb":{"@id":"https:\/\/cynthiamedrano.ca\/resources\/#breadcrumb"},"inLanguage":"es","potentialAction":[{"@type":"ReadAction","target":["https:\/\/cynthiamedrano.ca\/resources\/"]}]},{"@type":"BreadcrumbList","@id":"https:\/\/cynthiamedrano.ca\/resources\/#breadcrumb","itemListElement":[{"@type":"ListItem","position":1,"name":"Home","item":"https:\/\/cynthiamedrano.ca\/"},{"@type":"ListItem","position":2,"name":"Resources"}]},{"@type":"WebSite","@id":"https:\/\/cynthiamedrano.ca\/#website","url":"https:\/\/cynthiamedrano.ca\/","name":"CM&amp;A Bookkeeping","description":"","publisher":{"@id":"https:\/\/cynthiamedrano.ca\/#organization"},"potentialAction":[{"@type":"SearchAction","target":{"@type":"EntryPoint","urlTemplate":"https:\/\/cynthiamedrano.ca\/?s={search_term_string}"},"query-input":{"@type":"PropertyValueSpecification","valueRequired":true,"valueName":"search_term_string"}}],"inLanguage":"es"},{"@type":"Organization","@id":"https:\/\/cynthiamedrano.ca\/#organization","name":"CM&amp;A Bookkeeping","url":"https:\/\/cynthiamedrano.ca\/","logo":{"@type":"ImageObject","inLanguage":"es","@id":"https:\/\/cynthiamedrano.ca\/#\/schema\/logo\/image\/","url":"https:\/\/cynthiamedrano.ca\/wp-content\/uploads\/2025\/10\/cma-logo-black.png","contentUrl":"https:\/\/cynthiamedrano.ca\/wp-content\/uploads\/2025\/10\/cma-logo-black.png","width":601,"height":201,"caption":"CM&amp;A Bookkeeping"},"image":{"@id":"https:\/\/cynthiamedrano.ca\/#\/schema\/logo\/image\/"}}]}},"_links":{"self":[{"href":"https:\/\/cynthiamedrano.ca\/es\/wp-json\/wp\/v2\/pages\/48001","targetHints":{"allow":["GET"]}}],"collection":[{"href":"https:\/\/cynthiamedrano.ca\/es\/wp-json\/wp\/v2\/pages"}],"about":[{"href":"https:\/\/cynthiamedrano.ca\/es\/wp-json\/wp\/v2\/types\/page"}],"author":[{"embeddable":true,"href":"https:\/\/cynthiamedrano.ca\/es\/wp-json\/wp\/v2\/users\/1"}],"replies":[{"embeddable":true,"href":"https:\/\/cynthiamedrano.ca\/es\/wp-json\/wp\/v2\/comments?post=48001"}],"version-history":[{"count":0,"href":"https:\/\/cynthiamedrano.ca\/es\/wp-json\/wp\/v2\/pages\/48001\/revisions"}],"wp:attachment":[{"href":"https:\/\/cynthiamedrano.ca\/es\/wp-json\/wp\/v2\/media?parent=48001"}],"curies":[{"name":"wp","href":"https:\/\/api.w.org\/{rel}","templated":true}]}}